{"id":4709,"date":"2024-05-29T06:13:19","date_gmt":"2024-05-29T08:13:19","guid":{"rendered":"https:\/\/www.minandovoy.com\/?post_type=product&#038;p=4709"},"modified":"2025-05-09T14:47:03","modified_gmt":"2025-05-09T12:47:03","slug":"dragonball-miner-ks6","status":"publish","type":"product","link":"https:\/\/pruebas.michollo.to\/fr\/produit\/dragonball-miner-ks6\/","title":{"rendered":"Dragonball Miner KS6 10.5Th"},"content":{"rendered":"<p>Le mod\u00e8le <strong>KS6<\/strong> est une formidable centrale mini\u00e8re, dot\u00e9e d'un algorithme impressionnant qui s'appuie sur les technologies kHeavyHash et <strong>KAS-Kaspa<\/strong>. Avec un taux de hachage remarquable de <strong>10,5 TH\/s,<\/strong> impose l'efficacit\u00e9 et la performance dans le domaine du minage de crypto-monnaies. Sa conception robuste garantit stabilit\u00e9 et fiabilit\u00e9, ce qui en fait le choix privil\u00e9gi\u00e9 des mineurs \u00e0 la recherche d'un d\u00e9bit optimal. \u00c9quip\u00e9 d'un syst\u00e8me de gestion de l'\u00e9nergie avanc\u00e9, le KS6 consomme <strong>3400<\/strong> watts de puissance \u00e0 25\u00b0C, soit une efficacit\u00e9 \u00e9nerg\u00e9tique exceptionnelle de 0,308 J\/G. Ce mod\u00e8le \u00e9tablit une nouvelle norme dans le domaine de l'exploitation mini\u00e8re soucieuse de l'\u00e9nergie, en trouvant un \u00e9quilibre entre les performances \u00e9lev\u00e9es et le fonctionnement durable.<\/p>\n<p>Mettez la main sur le KS6 et faites passer votre exploitation mini\u00e8re au niveau sup\u00e9rieur ! \ud83d\udcb0\ud83d\udcbb<\/p>","protected":false},"excerpt":{"rendered":"<p>El modelo KS6 se erige como una formidable potencia minera, alardeando un impresionante algoritmo que aprovecha las tecnolog\u00edas kHeavyHash y KAS-Kaspa. Con una notable tasa de hash de 10.5 TH\/s, impone eficiencia y rendimiento en el \u00e1mbito de la miner\u00eda de criptomonedas. Su dise\u00f1o robusto garantiza estabilidad y confiabilidad, convirti\u00e9ndolo en la opci\u00f3n preferida para [&hellip;]<\/p>\n","protected":false},"featured_media":4856,"comment_status":"open","ping_status":"closed","template":"","meta":[],"product_brand":[],"product_cat":[19],"product_tag":[52,138,139],"class_list":{"0":"post-4709","1":"product","2":"type-product","3":"status-publish","4":"has-post-thumbnail","6":"product_cat-mineros","7":"product_tag-asic","8":"product_tag-mineros-para-avanzados","9":"product_tag-mineros-para-expertos","11":"first","12":"outofstock","13":"taxable","14":"shipping-taxable","15":"purchasable","16":"product-type-simple"},"_links":{"self":[{"href":"https:\/\/pruebas.michollo.to\/fr\/wp-json\/wp\/v2\/product\/4709","targetHints":{"allow":["GET"]}}],"collection":[{"href":"https:\/\/pruebas.michollo.to\/fr\/wp-json\/wp\/v2\/product"}],"about":[{"href":"https:\/\/pruebas.michollo.to\/fr\/wp-json\/wp\/v2\/types\/product"}],"replies":[{"embeddable":true,"href":"https:\/\/pruebas.michollo.to\/fr\/wp-json\/wp\/v2\/comments?post=4709"}],"wp:featuredmedia":[{"embeddable":true,"href":"https:\/\/pruebas.michollo.to\/fr\/wp-json\/wp\/v2\/media\/4856"}],"wp:attachment":[{"href":"https:\/\/pruebas.michollo.to\/fr\/wp-json\/wp\/v2\/media?parent=4709"}],"wp:term":[{"taxonomy":"product_brand","embeddable":true,"href":"https:\/\/pruebas.michollo.to\/fr\/wp-json\/wp\/v2\/product_brand?post=4709"},{"taxonomy":"product_cat","embeddable":true,"href":"https:\/\/pruebas.michollo.to\/fr\/wp-json\/wp\/v2\/product_cat?post=4709"},{"taxonomy":"product_tag","embeddable":true,"href":"https:\/\/pruebas.michollo.to\/fr\/wp-json\/wp\/v2\/product_tag?post=4709"}],"curies":[{"name":"wp","href":"https:\/\/api.w.org\/{rel}","templated":true}]}}