{"id":4861,"date":"2024-05-29T11:27:45","date_gmt":"2024-05-29T13:27:45","guid":{"rendered":"https:\/\/www.minandovoy.com\/?post_type=product&#038;p=4861"},"modified":"2025-08-06T18:12:03","modified_gmt":"2025-08-06T16:12:03","slug":"goldshell-ka-box-kaspa-miner-1-6-th400-w-y-35-db-reserva-junio","status":"publish","type":"product","link":"https:\/\/pruebas.michollo.to\/fr\/produit\/goldshell-ka-box-kaspa-miner-1-6-th400-w-and-35-db-reserve-june\/","title":{"rendered":"Goldshell KA Box-Pro Kaspa Miner 1,6 Th, 600W et 35 Db"},"content":{"rendered":"<p>Les <strong>Goldshell KA BOX - Pro<\/strong> est l'apog\u00e9e de l'exploitation mini\u00e8re nationale pour KASPA.<\/p>\n<p>Il s'agit d'une solution avanc\u00e9e pour les amateurs de crypto-monnaies Kaspa. Avec son efficacit\u00e9 impressionnante et son fonctionnement silencieux, ce mineur est un excellent compl\u00e9ment \u00e0 toute installation de minage \u00e0 domicile. D\u00e9couvrez la puissance de<strong> 1,6 TH\/s<\/strong> avec seulement<strong> 600 W<\/strong>le tout dans un format compact et \u00e9l\u00e9gant.<\/p>\n<div class=\"asicminer-widget-container\" style=\"width: 100%; min-height: 300px;\">\n            <iframe id=\"asicminer-widget-8349\" \n                    src=\"https:\/\/pruebas.michollo.to\/wp-content\/themes\/minandovoy\/proxy-widget.php?miner=goldshell\/ka-box-pro&#038;type=profit&#038;theme=dark\" \n                    width=\"100%\" \n                    height=\"300\" \n                    frameborder=\"0\"\n                    loading=\"lazy\"\n                    style=\"border: none; overflow: hidden;\"\n                    title=\"ASIC Miner Widget\">\n            <\/iframe>\n        <\/div>\n<p>Il ne produit qu'un bruit de 35 Db, ce bo\u00eetier sortira en mars et sera le parfait interm\u00e9diaire entre le ks0 Ultra et le ks3m.<\/p>","protected":false},"excerpt":{"rendered":"<p>El Goldshell KA BOX &#8211; Pro es la c\u00faspide de la miner\u00eda dom\u00e9stica para KASPA. Se trata de una soluci\u00f3n avanzada para los entusiastas de las criptomonedas de Kaspa. Con su impresionante eficiencia y funcionamiento silencioso, este minero es un complemento excelente para cualquier configuraci\u00f3n de miner\u00eda dom\u00e9stica. Experimenta la potencia de 1.6 TH\/s con [&hellip;]<\/p>\n","protected":false},"featured_media":3936,"comment_status":"open","ping_status":"closed","template":"","meta":[],"product_brand":[],"product_cat":[19],"product_tag":[138,137],"class_list":{"0":"post-4861","1":"product","2":"type-product","3":"status-publish","4":"has-post-thumbnail","6":"product_cat-mineros","7":"product_tag-mineros-para-avanzados","8":"product_tag-mineros-para-principiantes","10":"first","11":"instock","12":"sale","13":"taxable","14":"shipping-taxable","15":"purchasable","16":"product-type-simple"},"_links":{"self":[{"href":"https:\/\/pruebas.michollo.to\/fr\/wp-json\/wp\/v2\/product\/4861","targetHints":{"allow":["GET"]}}],"collection":[{"href":"https:\/\/pruebas.michollo.to\/fr\/wp-json\/wp\/v2\/product"}],"about":[{"href":"https:\/\/pruebas.michollo.to\/fr\/wp-json\/wp\/v2\/types\/product"}],"replies":[{"embeddable":true,"href":"https:\/\/pruebas.michollo.to\/fr\/wp-json\/wp\/v2\/comments?post=4861"}],"wp:featuredmedia":[{"embeddable":true,"href":"https:\/\/pruebas.michollo.to\/fr\/wp-json\/wp\/v2\/media\/3936"}],"wp:attachment":[{"href":"https:\/\/pruebas.michollo.to\/fr\/wp-json\/wp\/v2\/media?parent=4861"}],"wp:term":[{"taxonomy":"product_brand","embeddable":true,"href":"https:\/\/pruebas.michollo.to\/fr\/wp-json\/wp\/v2\/product_brand?post=4861"},{"taxonomy":"product_cat","embeddable":true,"href":"https:\/\/pruebas.michollo.to\/fr\/wp-json\/wp\/v2\/product_cat?post=4861"},{"taxonomy":"product_tag","embeddable":true,"href":"https:\/\/pruebas.michollo.to\/fr\/wp-json\/wp\/v2\/product_tag?post=4861"}],"curies":[{"name":"wp","href":"https:\/\/api.w.org\/{rel}","templated":true}]}}