{"id":4891,"date":"2024-05-31T06:05:26","date_gmt":"2024-05-31T08:05:26","guid":{"rendered":"https:\/\/www.minandovoy.com\/?post_type=product&#038;p=4891"},"modified":"2025-05-09T14:47:02","modified_gmt":"2025-05-09T12:47:02","slug":"btc-lottery-nerdminer-s19-tiny-156k-s","status":"publish","type":"product","link":"https:\/\/pruebas.michollo.to\/fr\/produit\/btc-lottery-nerdminer-s19-tiny-156k-s\/","title":{"rendered":"Loterie BTC NerdMiner S19 Tiny 156k\/s"},"content":{"rendered":"<h2 class=\"product-title-text\" data-spm-anchor-id=\"a2g0o.detail.1000016.i1.513c6c5dRhBZc0\"><strong>NerdMiner s19 tiny Avec ventilateur de refroidissement, 156 K\/S<\/strong><\/h2>\n<p>&nbsp;<\/p>\n<h2>NerdMiner tiny : miner moins, gagner plus. La possibilit\u00e9 d'obtenir un bitcoin est \u00e0 port\u00e9e de clic, osez-vous tenter votre chance ?<\/h2>\n<p>M\u00e1quina de loter\u00eda BTC, los premios se sortean cada diez minutos, 144 veces al d\u00eda, m\u00e1s de 50,000 veces al a\u00f1o. Compra \u00fanica, loter\u00eda de por vida, modo de miner\u00eda en solitario, ganar 6.5 BTC, factura de electricidad de peque\u00f1a potencia es insignificante, interfaz tipo c, etc, Simplemente con\u00e9ctese a su WiFi y proporcione la direcci\u00f3n de su billetera para que pueda comenzar a minar y ganar un gran premio. Si alguna vez te has preguntado, &#8220;Qu\u00e9 es un NerdMiner?&#8221; est\u00e1s a punto de embarcarte en un viaje esclarecedor al reino de la miner\u00eda de Bitcoin. En NerdMiners, estamos aqu\u00ed para desmitificar este concepto revolucionario y mostrarle c\u00f3mo est\u00e1 transformando el panorama de la miner\u00eda de Bitcoin. Un NerdMiner es un dispositivo de hardware de vanguardia desarrollado por BitMaker, dise\u00f1ado espec\u00edficamente para los entusiastas de la miner\u00eda de loter\u00eda Bitcoin. Es una pieza de tecnolog\u00eda compacta pero poderosa que le permite aprovechar el potencial de la miner\u00eda de bloques de Bitcoin en solitario. Esencialmente, lo ingresa en una loter\u00eda cada 10 minutos: si tiene suerte, reclama las recompensas en bloque en su totalidad (6.5 BTC, actualmente ~$150,000) m\u00e1s las tarifas de transacci\u00f3n.<\/p>","protected":false},"excerpt":{"rendered":"<p>NerdMiner s19 tiny Con ventilador de refrigeraci\u00f3n, 156 K\/S &nbsp; NerdMiner tiny : mina menos, gana m\u00e1s. La oportunidad de un bitcoin est\u00e1 a solo un clic de distancia. \u00bfTe atreves a probar la suerte? M\u00e1quina de loter\u00eda BTC, los premios se sortean cada diez minutos, 144 veces al d\u00eda, m\u00e1s de 50,000 veces al [&hellip;]<\/p>\n","protected":false},"featured_media":4902,"comment_status":"open","ping_status":"closed","template":"","meta":[],"product_brand":[],"product_cat":[19],"product_tag":[244,138,137],"class_list":{"0":"post-4891","1":"product","2":"type-product","3":"status-publish","4":"has-post-thumbnail","6":"product_cat-mineros","7":"product_tag-gme","8":"product_tag-mineros-para-avanzados","9":"product_tag-mineros-para-principiantes","10":"product_shipping_class-especial","12":"first","13":"instock","14":"taxable","15":"shipping-taxable","16":"purchasable","17":"product-type-simple"},"_links":{"self":[{"href":"https:\/\/pruebas.michollo.to\/fr\/wp-json\/wp\/v2\/product\/4891","targetHints":{"allow":["GET"]}}],"collection":[{"href":"https:\/\/pruebas.michollo.to\/fr\/wp-json\/wp\/v2\/product"}],"about":[{"href":"https:\/\/pruebas.michollo.to\/fr\/wp-json\/wp\/v2\/types\/product"}],"replies":[{"embeddable":true,"href":"https:\/\/pruebas.michollo.to\/fr\/wp-json\/wp\/v2\/comments?post=4891"}],"wp:featuredmedia":[{"embeddable":true,"href":"https:\/\/pruebas.michollo.to\/fr\/wp-json\/wp\/v2\/media\/4902"}],"wp:attachment":[{"href":"https:\/\/pruebas.michollo.to\/fr\/wp-json\/wp\/v2\/media?parent=4891"}],"wp:term":[{"taxonomy":"product_brand","embeddable":true,"href":"https:\/\/pruebas.michollo.to\/fr\/wp-json\/wp\/v2\/product_brand?post=4891"},{"taxonomy":"product_cat","embeddable":true,"href":"https:\/\/pruebas.michollo.to\/fr\/wp-json\/wp\/v2\/product_cat?post=4891"},{"taxonomy":"product_tag","embeddable":true,"href":"https:\/\/pruebas.michollo.to\/fr\/wp-json\/wp\/v2\/product_tag?post=4891"}],"curies":[{"name":"wp","href":"https:\/\/api.w.org\/{rel}","templated":true}]}}