{"id":4957,"date":"2024-06-06T12:06:54","date_gmt":"2024-06-06T14:06:54","guid":{"rendered":"https:\/\/www.minandovoy.com\/?post_type=product&#038;p=4957"},"modified":"2025-05-09T14:47:02","modified_gmt":"2025-05-09T12:47:02","slug":"ibelink-bm-n3-max-ckb-miner-30-th-nervos","status":"publish","type":"product","link":"https:\/\/pruebas.michollo.to\/fr\/produit\/ibelink-bm-n3-max-ckb-miner-30-th-nervos\/","title":{"rendered":"iBeLink BM-N3 Max CKB Miner 30 Th (Nervos)"},"content":{"rendered":"<p>Les <strong>iBeLink BM-N3 Max<\/strong>fabriqu\u00e9 par iBeLink, est un leader dans le domaine de l'exploitation mini\u00e8re. <strong>Nerfs<\/strong> sp\u00e9cialement con\u00e7u pour l'algorithme Eaglesong. Cet ASIC a un taux de hachage maximal de <strong>30Th\/s<\/strong> et ne consomme que <strong>3300W.<\/strong> \u00c9quip\u00e9 de 4 ventilateurs \u00e0 grande vitesse pour la dissipation de la chaleur et un refroidissement efficace, l'iBeLink BM-N3 Max offre une efficacit\u00e9 \u00e9nerg\u00e9tique de 110j\/Th.<\/p>\n<p>Lanc\u00e9e en avril 2024 par iBeLink, la <strong>BM-N3 Max<\/strong> est un remarquable mineur Nervos qui fonctionne avec l'algorithme Eaglesong. Avec une conception conviviale conforme aux normes de l'industrie, une taille compacte et un poids pratique de 12,2 kg, cet ASIC permet de miner de n'importe o\u00f9.<\/p>\n<p>La temp\u00e9rature atmosph\u00e9rique id\u00e9ale pour le BM-N3 Max est comprise entre 0 et 40 \u00b0C.<\/p>\n<p>&nbsp;<\/p>\n<p>&nbsp;<\/p>\n<p>&nbsp;<\/p>\n<p>&nbsp;<\/p>","protected":false},"excerpt":{"rendered":"<p>El iBeLink BM-N3 Max, fabricado por iBeLink, es un destacado minero de Nervos dise\u00f1ado especialmente para el algoritmo Eaglesong. Este ASIC tiene una velocidad de hash m\u00e1xima de 30Th\/s y consume solo 3300W. Equipado con 4 ventiladores de alta velocidad para la disipaci\u00f3n del calor y un enfriamiento eficiente, el iBeLink BM-N3 Max ofrece una [&hellip;]<\/p>\n","protected":false},"featured_media":3539,"comment_status":"open","ping_status":"closed","template":"","meta":[],"product_brand":[],"product_cat":[19],"product_tag":[138],"class_list":{"0":"post-4957","1":"product","2":"type-product","3":"status-publish","4":"has-post-thumbnail","6":"product_cat-mineros","7":"product_tag-mineros-para-avanzados","9":"first","10":"outofstock","11":"taxable","12":"shipping-taxable","13":"purchasable","14":"product-type-simple"},"_links":{"self":[{"href":"https:\/\/pruebas.michollo.to\/fr\/wp-json\/wp\/v2\/product\/4957","targetHints":{"allow":["GET"]}}],"collection":[{"href":"https:\/\/pruebas.michollo.to\/fr\/wp-json\/wp\/v2\/product"}],"about":[{"href":"https:\/\/pruebas.michollo.to\/fr\/wp-json\/wp\/v2\/types\/product"}],"replies":[{"embeddable":true,"href":"https:\/\/pruebas.michollo.to\/fr\/wp-json\/wp\/v2\/comments?post=4957"}],"wp:featuredmedia":[{"embeddable":true,"href":"https:\/\/pruebas.michollo.to\/fr\/wp-json\/wp\/v2\/media\/3539"}],"wp:attachment":[{"href":"https:\/\/pruebas.michollo.to\/fr\/wp-json\/wp\/v2\/media?parent=4957"}],"wp:term":[{"taxonomy":"product_brand","embeddable":true,"href":"https:\/\/pruebas.michollo.to\/fr\/wp-json\/wp\/v2\/product_brand?post=4957"},{"taxonomy":"product_cat","embeddable":true,"href":"https:\/\/pruebas.michollo.to\/fr\/wp-json\/wp\/v2\/product_cat?post=4957"},{"taxonomy":"product_tag","embeddable":true,"href":"https:\/\/pruebas.michollo.to\/fr\/wp-json\/wp\/v2\/product_tag?post=4957"}],"curies":[{"name":"wp","href":"https:\/\/api.w.org\/{rel}","templated":true}]}}