{"id":5104,"date":"2024-06-20T08:21:36","date_gmt":"2024-06-20T10:21:36","guid":{"rendered":"https:\/\/www.minandovoy.com\/?post_type=product&#038;p=5104"},"modified":"2026-02-23T13:18:50","modified_gmt":"2026-02-23T12:18:50","slug":"canaan-avalon-miner-nano3-home-miner-4th-s","status":"publish","type":"product","link":"https:\/\/pruebas.michollo.to\/fr\/produit\/canaan-avalon-miner-nano3-home-miner-4th-s\/","title":{"rendered":"Canaan Avalon Miner Nano3 Home Miner (4Th\/s)"},"content":{"rendered":"<p><strong>Avalon Nano 3 Miner<\/strong><br \/>\nLanc\u00e9 par le c\u00e9l\u00e8bre fabricant de mat\u00e9riel d'exploitation mini\u00e8re Canaan, le <strong>Avalon Nano 3<\/strong> est une solution puissante et compacte pour le minage de Bitcoin. Avec un taux de hachage maximal de<strong> 4 Th\/s<\/strong> et une consommation d'\u00e9nergie de seulement <strong>140W,<\/strong> est id\u00e9al pour ceux qui souhaitent disposer d'une machine efficace et efficiente pour extraire des minerais depuis n'importe o\u00f9.<\/p>\n<div class=\"asicminer-widget-container\" style=\"width: 100%; min-height: 300px;\">\n            <iframe id=\"asicminer-widget-7762\" \n                    src=\"https:\/\/pruebas.michollo.to\/wp-content\/themes\/minandovoy\/proxy-widget.php?miner=canaan\/avalon-nano-3&#038;type=profit&#038;theme=dark\" \n                    width=\"100%\" \n                    height=\"300\" \n                    frameborder=\"0\"\n                    loading=\"lazy\"\n                    style=\"border: none; overflow: hidden;\"\n                    title=\"ASIC Miner Widget\">\n            <\/iframe>\n        <\/div>\n<p><strong>Caract\u00e9ristiques principales :<\/strong><\/p>\n<ul>\n<li><strong>Taille compacte :<\/strong> Avec des dimensions de 205 x 115 x 57 mm et un poids de seulement 725 g, l'Avalon Nano 3 est facile \u00e0 installer et \u00e0 d\u00e9placer, ce qui permet une exp\u00e9rience mini\u00e8re flexible et portable.<\/li>\n<li><strong>Faible consommation d'\u00e9nergie :<\/strong> Il ne consomme que 140 W, ce qui en fait un choix \u00e9conomique et efficace.<\/li>\n<li><strong>Fonctionnement silencieux :<\/strong> Avec un niveau de bruit r\u00e9duit de 33-36 dB, il peut \u00eatre utilis\u00e9 dans n'importe quel environnement sans causer de perturbations.<\/li>\n<li><strong>Dissipation efficace de la chaleur :<\/strong> Il est recommand\u00e9 de placer le mineur dans un endroit bien ventil\u00e9 afin d'assurer une dissipation rapide et efficace de la chaleur.<\/li>\n<\/ul>\n<p>L'Avalon Nano 3 est programm\u00e9 pour l'algorithme SHA-256, ce qui lui permet de miner efficacement des bitcoins. C'est un excellent choix pour les d\u00e9butants et les mineurs plus exp\u00e9riment\u00e9s \u00e0 la recherche d'une solution compacte et efficace.<\/p>\n<p>Commencez votre voyage de minage de Bitcoin avec l'Avalon Nano 3, un outil puissant et efficace qui s'adapte \u00e0 vos besoins !<\/p>\n<p>&nbsp;<\/p>\n<p>&nbsp;<\/p>","protected":false},"excerpt":{"rendered":"<p>Avalon Nano 3 Miner Lanzado por el reconocido fabricante de hardware de miner\u00eda Canaan, el Avalon Nano 3 es una soluci\u00f3n potente y compacta para la miner\u00eda de Bitcoin. Con una tasa de hash m\u00e1xima de 4 Th\/s y un consumo de energ\u00eda de solo 140W, es ideal para aquellos que desean una m\u00e1quina eficiente [&hellip;]<\/p>\n","protected":false},"featured_media":5105,"comment_status":"open","ping_status":"closed","template":"","meta":[],"product_brand":[],"product_cat":[19],"product_tag":[52,244,137],"class_list":{"0":"post-5104","1":"product","2":"type-product","3":"status-publish","4":"has-post-thumbnail","6":"product_cat-mineros","7":"product_tag-asic","8":"product_tag-gme","9":"product_tag-mineros-para-principiantes","11":"first","12":"instock","13":"featured","14":"taxable","15":"shipping-taxable","16":"purchasable","17":"product-type-simple"},"_links":{"self":[{"href":"https:\/\/pruebas.michollo.to\/fr\/wp-json\/wp\/v2\/product\/5104","targetHints":{"allow":["GET"]}}],"collection":[{"href":"https:\/\/pruebas.michollo.to\/fr\/wp-json\/wp\/v2\/product"}],"about":[{"href":"https:\/\/pruebas.michollo.to\/fr\/wp-json\/wp\/v2\/types\/product"}],"replies":[{"embeddable":true,"href":"https:\/\/pruebas.michollo.to\/fr\/wp-json\/wp\/v2\/comments?post=5104"}],"wp:featuredmedia":[{"embeddable":true,"href":"https:\/\/pruebas.michollo.to\/fr\/wp-json\/wp\/v2\/media\/5105"}],"wp:attachment":[{"href":"https:\/\/pruebas.michollo.to\/fr\/wp-json\/wp\/v2\/media?parent=5104"}],"wp:term":[{"taxonomy":"product_brand","embeddable":true,"href":"https:\/\/pruebas.michollo.to\/fr\/wp-json\/wp\/v2\/product_brand?post=5104"},{"taxonomy":"product_cat","embeddable":true,"href":"https:\/\/pruebas.michollo.to\/fr\/wp-json\/wp\/v2\/product_cat?post=5104"},{"taxonomy":"product_tag","embeddable":true,"href":"https:\/\/pruebas.michollo.to\/fr\/wp-json\/wp\/v2\/product_tag?post=5104"}],"curies":[{"name":"wp","href":"https:\/\/api.w.org\/{rel}","templated":true}]}}