{"id":5303,"date":"2024-07-11T07:36:41","date_gmt":"2024-07-11T09:36:41","guid":{"rendered":"https:\/\/www.minandovoy.com\/?post_type=product&#038;p=5303"},"modified":"2026-02-23T13:17:41","modified_gmt":"2026-02-23T12:17:41","slug":"nerdaxe-ultra-microminero-asic-de-bitcoin","status":"publish","type":"product","link":"https:\/\/pruebas.michollo.to\/fr\/produit\/nerdaxe-ultra-bitcoin-asic-microminero\/","title":{"rendered":"NerdAxe Ultra 550 GH\/s - Bitcoin ASIC Microminer"},"content":{"rendered":"<h3>Faites passer votre exploitation mini\u00e8re au niveau sup\u00e9rieur : l'\u00e9volution ultime pour les passionn\u00e9s et les professionnels<\/h3>\n<p>Pr\u00e9parez-vous \u00e0 transformer votre exp\u00e9rience du minage ! Ce dispositif ASIC de pointe, \u00e9quip\u00e9 de la puce innovante BM1366 d\u00e9velopp\u00e9e par Bitmaker, red\u00e9finit les standards de performance et d'efficacit\u00e9 dans le minage de Bitcoin. C'est la solution id\u00e9ale pour ceux qui cherchent \u00e0 optimiser leur syst\u00e8me et \u00e0 atteindre de nouveaux niveaux de rentabilit\u00e9.<\/p>\n<h4><strong>Une puissance et une efficacit\u00e9 in\u00e9gal\u00e9es<\/strong><\/h4>\n<p>Si vous disposez d\u00e9j\u00e0 d'un \u00e9quipement minier, ce kit de mise \u00e0 niveau augmente votre vitesse de traitement de 75 KH\/s \u00e0 une vitesse impressionnante de 75 KH\/s. <strong>550 GH\/s<\/strong>multipliant votre capacit\u00e9 d'extraction de pr\u00e8s de 9 millions de fois. Il est \u00e9galement disponible en tant que solution compl\u00e8te, comprenant une nouvelle carte et un nouvel \u00e9cran, afin que vous puissiez mettre en place un syst\u00e8me hautement performant d\u00e8s sa sortie de l'emballage.<\/p>\n<p>Cette machine est parfaite pour les mineurs ind\u00e9pendants qui souhaitent concourir pour la r\u00e9compense du bloc Bitcoin de 3 125 BTC. Gr\u00e2ce \u00e0 sa conception efficace et compacte, elle est l'alli\u00e9e id\u00e9ale pour maximiser votre potentiel de minage de crypto-monnaies.<\/p>\n<h4><strong>Caract\u00e9ristiques principales<\/strong><\/h4>\n<ul>\n<li><strong>Optimisation de la consommation d'\u00e9nergie<\/strong>Avec une consommation \u00e9lectrique de seulement 12 watts, cette machine offre des performances allant jusqu'\u00e0 550 GH\/s. Sa conception efficace est parfaite pour les mineurs \u00e0 domicile qui souhaitent obtenir des r\u00e9sultats sans d\u00e9penser trop d'\u00e9nergie.<\/li>\n<li><strong>Personnalisation avanc\u00e9e<\/strong>AXE OS : fonctionne sous AXE OS, un syst\u00e8me d'exploitation open source qui vous donne un contr\u00f4le total sur vos op\u00e9rations. Ajustez les param\u00e8tres, optimisez les performances et partagez vos connaissances avec la communaut\u00e9 d'utilisateurs sur Bitaxe.org et son serveur Discord.<\/li>\n<\/ul>\n<h4><strong>Contenu de l'emballage<\/strong><\/h4>\n<ul>\n<li>\u00c9quipement enti\u00e8rement assembl\u00e9<\/li>\n<li>Alimentation 5V\/5A (compatible avec 110-230V)<\/li>\n<li>Remarque : il se peut que vous ayez besoin d'un c\u00e2ble d'alimentation adapt\u00e9 \u00e0 votre r\u00e9gion.<\/li>\n<\/ul>\n<h4><strong>Un pas en avant dans l'efficacit\u00e9 de l'exploitation mini\u00e8re<\/strong><\/h4>\n<p>Compacte, silencieuse et tr\u00e8s efficace, cette machine est con\u00e7ue pour ceux qui veulent des performances exceptionnelles sans les inconv\u00e9nients. Elle repr\u00e9sente l'avenir du micro-minage de crypto-monnaies, alliant facilit\u00e9 d'utilisation et technologie de pointe.<\/p>\n<p><strong>Procurez-vous le v\u00f4tre et donnez une nouvelle dimension \u00e0 votre exploitation mini\u00e8re d\u00e8s aujourd'hui !<\/strong><\/p>","protected":false},"excerpt":{"rendered":"<p>Lleva tu miner\u00eda al siguiente nivel: la evoluci\u00f3n definitiva para entusiastas y profesionales \u00a1Prep\u00e1rate para transformar tu experiencia de miner\u00eda! Este dispositivo ASIC de \u00faltima generaci\u00f3n, equipado con el innovador chip BM1366 desarrollado por Bitmaker, redefine el est\u00e1ndar de rendimiento y eficiencia en la miner\u00eda de Bitcoin. Es la soluci\u00f3n ideal para quienes buscan optimizar [&hellip;]<\/p>\n","protected":false},"featured_media":5304,"comment_status":"open","ping_status":"closed","template":"","meta":[],"product_brand":[],"product_cat":[19,15],"product_tag":[52,244,137],"class_list":{"0":"post-5303","1":"product","2":"type-product","3":"status-publish","4":"has-post-thumbnail","6":"product_cat-mineros","7":"product_cat-sin-categorizar","8":"product_tag-asic","9":"product_tag-gme","10":"product_tag-mineros-para-principiantes","12":"first","13":"instock","14":"taxable","15":"shipping-taxable","16":"purchasable","17":"product-type-simple"},"_links":{"self":[{"href":"https:\/\/pruebas.michollo.to\/fr\/wp-json\/wp\/v2\/product\/5303","targetHints":{"allow":["GET"]}}],"collection":[{"href":"https:\/\/pruebas.michollo.to\/fr\/wp-json\/wp\/v2\/product"}],"about":[{"href":"https:\/\/pruebas.michollo.to\/fr\/wp-json\/wp\/v2\/types\/product"}],"replies":[{"embeddable":true,"href":"https:\/\/pruebas.michollo.to\/fr\/wp-json\/wp\/v2\/comments?post=5303"}],"wp:featuredmedia":[{"embeddable":true,"href":"https:\/\/pruebas.michollo.to\/fr\/wp-json\/wp\/v2\/media\/5304"}],"wp:attachment":[{"href":"https:\/\/pruebas.michollo.to\/fr\/wp-json\/wp\/v2\/media?parent=5303"}],"wp:term":[{"taxonomy":"product_brand","embeddable":true,"href":"https:\/\/pruebas.michollo.to\/fr\/wp-json\/wp\/v2\/product_brand?post=5303"},{"taxonomy":"product_cat","embeddable":true,"href":"https:\/\/pruebas.michollo.to\/fr\/wp-json\/wp\/v2\/product_cat?post=5303"},{"taxonomy":"product_tag","embeddable":true,"href":"https:\/\/pruebas.michollo.to\/fr\/wp-json\/wp\/v2\/product_tag?post=5303"}],"curies":[{"name":"wp","href":"https:\/\/api.w.org\/{rel}","templated":true}]}}