{"id":5361,"date":"2024-07-17T10:15:39","date_gmt":"2024-07-17T08:15:39","guid":{"rendered":"https:\/\/www.minandovoy.com\/?post_type=product&#038;p=5361"},"modified":"2025-05-09T14:47:00","modified_gmt":"2025-05-09T12:47:00","slug":"goldshell-ka-box-pro-alph-miner2-720","status":"publish","type":"product","link":"https:\/\/pruebas.michollo.to\/fr\/produit\/goldshell-ka-box-pro-alpher2-miner-720\/","title":{"rendered":"Goldshell AL BOX II 720GH\/S 360W Alephium Miner ALPH Mining"},"content":{"rendered":"<p>Les<strong> Goldshell AL BOX II<\/strong> repr\u00e9sente une mise \u00e0 jour de son pr\u00e9d\u00e9cesseur, le <strong>Goldshell AL BOX<\/strong>qui permet de doubler le hashrate et, par cons\u00e9quent, de doubler les profits. Con\u00e7u pour le minage de pi\u00e8ces de monnaie<strong> ALPH<\/strong>le mineur ASIC Goldshell AL Box <strong>720G 360W<\/strong> se distingue par son efficacit\u00e9 pour les op\u00e9rations mini\u00e8res domestiques. Sa combinaison de performances puissantes et d'efficacit\u00e9 \u00e9nerg\u00e9tique en fait un excellent choix pour ceux qui cherchent \u00e0 am\u00e9liorer leur rentabilit\u00e9 tout en r\u00e9duisant leurs co\u00fbts d'exploitation.<\/p>\n<p>Sp\u00e9cifications<br \/>\nFabricant : Goldshell<br \/>\nMod\u00e8le : AL-BOX II<br \/>\n\u00c9galement connu sous le nom de : Goldshell AL-BOX ALPH (Alephium) Miner 720Gh<br \/>\nDate de lancement : ao\u00fbt 2024<br \/>\nDimensions : 198 x 150 x 95 mm<br \/>\nPoids : 2300 g<br \/>\nNiveau sonore : 35 db<br \/>\nVentilateurs : 2<br \/>\nTaux de hachage : 720 GH<br \/>\nConsommation \u00e9lectrique : 360 W<br \/>\nConnexion : Ethernet<br \/>\nTemp\u00e9rature de fonctionnement : 5 - 35 \u00b0C<br \/>\nHumidit\u00e9 : 5 - 65%<\/p>","protected":false},"excerpt":{"rendered":"<p>El Goldshell AL BOX II representa una actualizaci\u00f3n de su predecesor, el Goldshell AL BOX, que cuenta con el doble de hashrate y, en consecuencia, duplica las ganancias. Dise\u00f1ado para la miner\u00eda de monedas ALPH, el minero ASIC Goldshell AL Box 720G 360W destaca por su eficiencia para las operaciones mineras dom\u00e9sticas. Su combinaci\u00f3n de [&hellip;]<\/p>\n","protected":false},"featured_media":3936,"comment_status":"open","ping_status":"closed","template":"","meta":[],"product_brand":[],"product_cat":[19],"product_tag":[53,138,137],"class_list":{"0":"post-5361","1":"product","2":"type-product","3":"status-publish","4":"has-post-thumbnail","6":"product_cat-mineros","7":"product_tag-goldshell-miner","8":"product_tag-mineros-para-avanzados","9":"product_tag-mineros-para-principiantes","11":"first","12":"outofstock","13":"taxable","14":"shipping-taxable","15":"purchasable","16":"product-type-simple"},"_links":{"self":[{"href":"https:\/\/pruebas.michollo.to\/fr\/wp-json\/wp\/v2\/product\/5361","targetHints":{"allow":["GET"]}}],"collection":[{"href":"https:\/\/pruebas.michollo.to\/fr\/wp-json\/wp\/v2\/product"}],"about":[{"href":"https:\/\/pruebas.michollo.to\/fr\/wp-json\/wp\/v2\/types\/product"}],"replies":[{"embeddable":true,"href":"https:\/\/pruebas.michollo.to\/fr\/wp-json\/wp\/v2\/comments?post=5361"}],"wp:featuredmedia":[{"embeddable":true,"href":"https:\/\/pruebas.michollo.to\/fr\/wp-json\/wp\/v2\/media\/3936"}],"wp:attachment":[{"href":"https:\/\/pruebas.michollo.to\/fr\/wp-json\/wp\/v2\/media?parent=5361"}],"wp:term":[{"taxonomy":"product_brand","embeddable":true,"href":"https:\/\/pruebas.michollo.to\/fr\/wp-json\/wp\/v2\/product_brand?post=5361"},{"taxonomy":"product_cat","embeddable":true,"href":"https:\/\/pruebas.michollo.to\/fr\/wp-json\/wp\/v2\/product_cat?post=5361"},{"taxonomy":"product_tag","embeddable":true,"href":"https:\/\/pruebas.michollo.to\/fr\/wp-json\/wp\/v2\/product_tag?post=5361"}],"curies":[{"name":"wp","href":"https:\/\/api.w.org\/{rel}","templated":true}]}}