{"id":5564,"date":"2024-08-02T15:15:27","date_gmt":"2024-08-02T13:15:27","guid":{"rendered":"https:\/\/www.minandovoy.com\/?post_type=product&#038;p=5564"},"modified":"2025-09-04T10:32:51","modified_gmt":"2025-09-04T08:32:51","slug":"antminer-al1-16-6th-blake3","status":"publish","type":"product","link":"https:\/\/pruebas.michollo.to\/fr\/produit\/antminer-al1-16-6th-blake3\/","title":{"rendered":"BITMAIN ANTMINER AL1 PRO 16.6TH - Performance maximale pour ALPH"},"content":{"rendered":"<p>Les <strong>Bitmain Antminer AL1 (16.6Th)<\/strong> est un mineur ASIC haut de gamme, con\u00e7u sp\u00e9cifiquement pour l'algorithme <strong>Blake3<\/strong>. Avec un hashrate maximum de <strong>16,6Th\/s<\/strong> et une consommation d'\u00e9nergie de <strong>3730W<\/strong>Cette machine est consid\u00e9r\u00e9e comme l'une des plus efficaces et des plus rentables du march\u00e9. Elle est id\u00e9ale pour ceux qui cherchent \u00e0 maximiser leurs revenus gr\u00e2ce au minage de crypto-monnaies. Ce mod\u00e8le est disponible en stock.<\/p>\n<div class=\"asicminer-widget-container\" style=\"width: 100%; min-height: 300px;\">\n            <iframe id=\"asicminer-widget-7586\" \n                    src=\"https:\/\/pruebas.michollo.to\/wp-content\/themes\/minandovoy\/proxy-widget.php?miner=bitmain\/antminer-al1-pro-166th&#038;type=profit&#038;theme=dark\" \n                    width=\"100%\" \n                    height=\"300\" \n                    frameborder=\"0\"\n                    loading=\"lazy\"\n                    style=\"border: none; overflow: hidden;\"\n                    title=\"ASIC Miner Widget\">\n            <\/iframe>\n        <\/div>\n<h4>Sp\u00e9cifications<\/h4>\n<ul>\n<li><strong>Fabricant :<\/strong> Bitmain<\/li>\n<li><strong>Mod\u00e8le :<\/strong> BITMAIN ANTMINER AL1 PRO 16.6TH<\/li>\n<li><strong>\u00c9galement connu sous le nom de :<\/strong> ANTMINER AL1 PRO<\/li>\n<li><strong>Lancement :<\/strong> septembre 2024<\/li>\n<li><strong>Taille :<\/strong> 195 x 290 x 370 mm<\/li>\n<li><strong>Poids :<\/strong> 13,200 g<\/li>\n<li><strong>Niveau sonore :<\/strong> 75 db<\/li>\n<li><strong>R\u00e9frig\u00e9ration :<\/strong> Air<\/li>\n<li><strong>Les fans :<\/strong> 4<\/li>\n<li><strong>Consommation d'\u00e9nergie :<\/strong> 3730W<\/li>\n<li><strong>Interface :<\/strong> Ethernet<\/li>\n<li><strong>Temp\u00e9rature de fonctionnement :<\/strong> 5 - 45 \u00b0C<\/li>\n<li><strong>Humidit\u00e9 :<\/strong> 5 &#8211; 95%<\/li>\n<\/ul>\n<h4>Pi\u00e8ces exploitables<\/h4>\n<p><strong>ALPH (Alephium)<\/strong><\/p>\n<p><strong>DCR (Decred)<\/strong><\/p>\n<p>Optimisez vos op\u00e9rations mini\u00e8res avec l'Antminer AL1 Pro et tirez le meilleur parti de sa puissance et de son efficacit\u00e9 !<\/p>","protected":false},"excerpt":{"rendered":"<p>El Antminer AL1 (16.6Th) de Bitmain es un minero ASIC de alta gama, dise\u00f1ado espec\u00edficamente para el algoritmo Blake3. Con un hashrate m\u00e1ximo de 16.6Th\/s y un consumo de energ\u00eda de 3730W, esta m\u00e1quina se posiciona como una de las m\u00e1s eficientes y rentables del mercado. Ideal para quienes buscan maximizar sus ingresos en la [&hellip;]<\/p>\n","protected":false},"featured_media":4304,"comment_status":"open","ping_status":"closed","template":"","meta":[],"product_brand":[],"product_cat":[19],"product_tag":[244,138,139],"class_list":{"0":"post-5564","1":"product","2":"type-product","3":"status-publish","4":"has-post-thumbnail","6":"product_cat-mineros","7":"product_tag-gme","8":"product_tag-mineros-para-avanzados","9":"product_tag-mineros-para-expertos","11":"first","12":"instock","13":"featured","14":"taxable","15":"shipping-taxable","16":"purchasable","17":"product-type-simple"},"_links":{"self":[{"href":"https:\/\/pruebas.michollo.to\/fr\/wp-json\/wp\/v2\/product\/5564","targetHints":{"allow":["GET"]}}],"collection":[{"href":"https:\/\/pruebas.michollo.to\/fr\/wp-json\/wp\/v2\/product"}],"about":[{"href":"https:\/\/pruebas.michollo.to\/fr\/wp-json\/wp\/v2\/types\/product"}],"replies":[{"embeddable":true,"href":"https:\/\/pruebas.michollo.to\/fr\/wp-json\/wp\/v2\/comments?post=5564"}],"wp:featuredmedia":[{"embeddable":true,"href":"https:\/\/pruebas.michollo.to\/fr\/wp-json\/wp\/v2\/media\/4304"}],"wp:attachment":[{"href":"https:\/\/pruebas.michollo.to\/fr\/wp-json\/wp\/v2\/media?parent=5564"}],"wp:term":[{"taxonomy":"product_brand","embeddable":true,"href":"https:\/\/pruebas.michollo.to\/fr\/wp-json\/wp\/v2\/product_brand?post=5564"},{"taxonomy":"product_cat","embeddable":true,"href":"https:\/\/pruebas.michollo.to\/fr\/wp-json\/wp\/v2\/product_cat?post=5564"},{"taxonomy":"product_tag","embeddable":true,"href":"https:\/\/pruebas.michollo.to\/fr\/wp-json\/wp\/v2\/product_tag?post=5564"}],"curies":[{"name":"wp","href":"https:\/\/api.w.org\/{rel}","templated":true}]}}