{"id":6064,"date":"2024-09-09T12:31:57","date_gmt":"2024-09-09T10:31:57","guid":{"rendered":"https:\/\/www.minandovoy.com\/?post_type=product&#038;p=6064"},"modified":"2025-05-09T14:46:59","modified_gmt":"2025-05-09T12:46:59","slug":"dragonball-miner-a40","status":"publish","type":"product","link":"https:\/\/pruebas.michollo.to\/fr\/produit\/dragonball-miner-a40\/","title":{"rendered":"Dragonball Miner A40"},"content":{"rendered":"<p>Le mod\u00e8le <strong>A40<\/strong>\u00a0Il s'agit d'une formidable centrale mini\u00e8re qui utilise l'algorithme Blake 3 pour l'exploitation mini\u00e8re.\u00a0<strong>Alephium<\/strong>. Son taux de hachage est de <strong>3,3 TH\/s,<\/strong> garantissant efficacit\u00e9 et performance dans le domaine du minage de crypto-monnaies. Sa conception robuste garantit stabilit\u00e9 et fiabilit\u00e9, ce qui en fait le choix privil\u00e9gi\u00e9 des mineurs \u00e0 la recherche d'un d\u00e9bit optimal. \u00c9quip\u00e9 d'un syst\u00e8me de gestion de l'\u00e9nergie avanc\u00e9, l'A40 consomme <strong>1600<\/strong> W de puissance \u00e0 40\u00b0C. Ce mod\u00e8le \u00e9tablit une nouvelle norme dans le domaine de l'exploitation mini\u00e8re soucieuse de l'\u00e9nergie, en trouvant un \u00e9quilibre entre les performances \u00e9lev\u00e9es et le fonctionnement durable.<\/p>\n<p>Mettez la main sur l'a40 et faites passer votre exploitation mini\u00e8re au niveau sup\u00e9rieur ! \ud83d\udcb0\ud83d\udcbb<\/p>","protected":false},"excerpt":{"rendered":"<p>El modelo A40\u00a0se erige como una formidable potencia minera, que trabaja el algoritmo Blake 3 para minar\u00a0Alephium. Su tasa de hash es de 3.3 TH\/s, asegurando eficiencia y rendimiento en el \u00e1mbito de la miner\u00eda de criptomonedas. Su dise\u00f1o robusto garantiza estabilidad y confiabilidad, convirti\u00e9ndolo en la opci\u00f3n preferida para mineros que buscan una producci\u00f3n [&hellip;]<\/p>\n","protected":false},"featured_media":4856,"comment_status":"open","ping_status":"closed","template":"","meta":[],"product_brand":[],"product_cat":[19],"product_tag":[52,244,138,139],"class_list":{"0":"post-6064","1":"product","2":"type-product","3":"status-publish","4":"has-post-thumbnail","6":"product_cat-mineros","7":"product_tag-asic","8":"product_tag-gme","9":"product_tag-mineros-para-avanzados","10":"product_tag-mineros-para-expertos","12":"first","13":"outofstock","14":"taxable","15":"shipping-taxable","16":"purchasable","17":"product-type-simple"},"_links":{"self":[{"href":"https:\/\/pruebas.michollo.to\/fr\/wp-json\/wp\/v2\/product\/6064","targetHints":{"allow":["GET"]}}],"collection":[{"href":"https:\/\/pruebas.michollo.to\/fr\/wp-json\/wp\/v2\/product"}],"about":[{"href":"https:\/\/pruebas.michollo.to\/fr\/wp-json\/wp\/v2\/types\/product"}],"replies":[{"embeddable":true,"href":"https:\/\/pruebas.michollo.to\/fr\/wp-json\/wp\/v2\/comments?post=6064"}],"wp:featuredmedia":[{"embeddable":true,"href":"https:\/\/pruebas.michollo.to\/fr\/wp-json\/wp\/v2\/media\/4856"}],"wp:attachment":[{"href":"https:\/\/pruebas.michollo.to\/fr\/wp-json\/wp\/v2\/media?parent=6064"}],"wp:term":[{"taxonomy":"product_brand","embeddable":true,"href":"https:\/\/pruebas.michollo.to\/fr\/wp-json\/wp\/v2\/product_brand?post=6064"},{"taxonomy":"product_cat","embeddable":true,"href":"https:\/\/pruebas.michollo.to\/fr\/wp-json\/wp\/v2\/product_cat?post=6064"},{"taxonomy":"product_tag","embeddable":true,"href":"https:\/\/pruebas.michollo.to\/fr\/wp-json\/wp\/v2\/product_tag?post=6064"}],"curies":[{"name":"wp","href":"https:\/\/api.w.org\/{rel}","templated":true}]}}