{"id":607,"date":"2022-10-25T07:05:21","date_gmt":"2022-10-25T11:05:21","guid":{"rendered":"https:\/\/pruebas.michollo.to\/?post_type=product&#038;p=607"},"modified":"2025-05-09T14:47:25","modified_gmt":"2025-05-09T12:47:25","slug":"riser","status":"publish","type":"product","link":"https:\/\/pruebas.michollo.to\/fr\/produit\/contremarche\/","title":{"rendered":"Rehausse pour les GRV miniers"},"content":{"rendered":"<p>Obtenez le meilleur mat\u00e9riel pour votre \u00e9quipement, avec les \u00e9l\u00e9vateurs MinandoVoy.<\/p>\n<p>Notre kit est la meilleure solution pour installer votre \u00e9quipement minier RIG, il contient :<\/p>\n<ul>\n<li>Quatre condensateurs solides de haute qualit\u00e9.<\/li>\n<li>C\u00e2ble d'alimentation 6 broches vers SATA avec plus de puissance, r\u00e9duisant ainsi la charge sur la carte m\u00e8re.<\/li>\n<li>Le c\u00e2ble USB 3.0 mesure 60 cm de long et offre une haute qualit\u00e9 et une meilleure vitesse.<\/li>\n<li>Fente de haute qualit\u00e9 pour faciliter l'installation et le retrait de la carte vid\u00e9o, avec une ancre blanche pour que le GPU ne glisse pas hors de la fente.<\/li>\n<\/ul>\n<p><img loading=\"lazy\" decoding=\"async\" class=\"size-medium wp-image-610 aligncenter\" src=\"https:\/\/pruebas.michollo.to\/wp-content\/uploads\/2022\/10\/IMG_2071-300x225.jpg\" alt=\"\" width=\"300\" height=\"225\" srcset=\"https:\/\/pruebas.michollo.to\/wp-content\/uploads\/2022\/10\/IMG_2071-300x225.jpg 300w, https:\/\/pruebas.michollo.to\/wp-content\/uploads\/2022\/10\/IMG_2071-scaled-600x450.jpg 600w, https:\/\/pruebas.michollo.to\/wp-content\/uploads\/2022\/10\/IMG_2071-1024x768.jpg 1024w, https:\/\/pruebas.michollo.to\/wp-content\/uploads\/2022\/10\/IMG_2071-768x576.jpg 768w, https:\/\/pruebas.michollo.to\/wp-content\/uploads\/2022\/10\/IMG_2071-1536x1152.jpg 1536w, https:\/\/pruebas.michollo.to\/wp-content\/uploads\/2022\/10\/IMG_2071-2048x1536.jpg 2048w, https:\/\/pruebas.michollo.to\/wp-content\/uploads\/2022\/10\/IMG_2071-1200x900.jpg 1200w, https:\/\/pruebas.michollo.to\/wp-content\/uploads\/2022\/10\/IMG_2071-1980x1485.jpg 1980w, https:\/\/pruebas.michollo.to\/wp-content\/uploads\/2022\/10\/IMG_2071-20x15.jpg 20w, https:\/\/pruebas.michollo.to\/wp-content\/uploads\/2022\/10\/IMG_2071-56x42.jpg 56w, https:\/\/pruebas.michollo.to\/wp-content\/uploads\/2022\/10\/IMG_2071-28x21.jpg 28w, https:\/\/pruebas.michollo.to\/wp-content\/uploads\/2022\/10\/IMG_2071-73x55.jpg 73w, https:\/\/pruebas.michollo.to\/wp-content\/uploads\/2022\/10\/IMG_2071-170x128.jpg 170w, https:\/\/pruebas.michollo.to\/wp-content\/uploads\/2022\/10\/IMG_2071-65x49.jpg 65w, https:\/\/pruebas.michollo.to\/wp-content\/uploads\/2022\/10\/IMG_2071-92x69.jpg 92w, https:\/\/pruebas.michollo.to\/wp-content\/uploads\/2022\/10\/IMG_2071-50x38.jpg 50w, https:\/\/pruebas.michollo.to\/wp-content\/uploads\/2022\/10\/IMG_2071-247x185.jpg 247w, https:\/\/pruebas.michollo.to\/wp-content\/uploads\/2022\/10\/IMG_2071-19x14.jpg 19w, https:\/\/pruebas.michollo.to\/wp-content\/uploads\/2022\/10\/IMG_2071-284x213.jpg 284w\" sizes=\"auto, (max-width: 300px) 100vw, 300px\" data-no-translation=\"\" \/><\/p>\n<p>Mesures de ce qui est contenu dans le KIT :<\/p>\n<ul>\n<li>C\u00e2ble Sata : 20 CM<\/li>\n<li>C\u00e2ble USB 3.0 : 60CM<\/li>\n<li>\u00c9l\u00e9vateur : 12,5CM x 4,5 CM<\/li>\n<li>Connecteur USB-PCI : 3,2CM<\/li>\n<\/ul>","protected":false},"excerpt":{"rendered":"<p>M\u00f3ntale el mejor Hardware a tu equipo, con los Risers de MinandoVoy. Nuestro Kit es la mejor soluci\u00f3n para configurar tu equipo de miner\u00eda RIG, contiene: Cuatro condesadores s\u00f3lidos de alta calidad. 6 pines a SATA para cable de alimentaci\u00f3n con m\u00e1s potencia, por lo que reduce de esta manera la carga de la placa [&hellip;]<\/p>\n","protected":false},"featured_media":609,"comment_status":"open","ping_status":"closed","template":"","meta":[],"product_brand":[],"product_cat":[20],"product_tag":[],"class_list":{"0":"post-607","1":"product","2":"type-product","3":"status-publish","4":"has-post-thumbnail","6":"product_cat-componentes","8":"first","9":"outofstock","10":"sale","11":"downloadable","12":"virtual","13":"taxable","14":"purchasable","15":"product-type-simple"},"_links":{"self":[{"href":"https:\/\/pruebas.michollo.to\/fr\/wp-json\/wp\/v2\/product\/607","targetHints":{"allow":["GET"]}}],"collection":[{"href":"https:\/\/pruebas.michollo.to\/fr\/wp-json\/wp\/v2\/product"}],"about":[{"href":"https:\/\/pruebas.michollo.to\/fr\/wp-json\/wp\/v2\/types\/product"}],"replies":[{"embeddable":true,"href":"https:\/\/pruebas.michollo.to\/fr\/wp-json\/wp\/v2\/comments?post=607"}],"wp:featuredmedia":[{"embeddable":true,"href":"https:\/\/pruebas.michollo.to\/fr\/wp-json\/wp\/v2\/media\/609"}],"wp:attachment":[{"href":"https:\/\/pruebas.michollo.to\/fr\/wp-json\/wp\/v2\/media?parent=607"}],"wp:term":[{"taxonomy":"product_brand","embeddable":true,"href":"https:\/\/pruebas.michollo.to\/fr\/wp-json\/wp\/v2\/product_brand?post=607"},{"taxonomy":"product_cat","embeddable":true,"href":"https:\/\/pruebas.michollo.to\/fr\/wp-json\/wp\/v2\/product_cat?post=607"},{"taxonomy":"product_tag","embeddable":true,"href":"https:\/\/pruebas.michollo.to\/fr\/wp-json\/wp\/v2\/product_tag?post=607"}],"curies":[{"name":"wp","href":"https:\/\/api.w.org\/{rel}","templated":true}]}}