{"id":613,"date":"2022-10-25T10:29:55","date_gmt":"2022-10-25T14:29:55","guid":{"rendered":"https:\/\/pruebas.michollo.to\/?post_type=product&#038;p=613"},"modified":"2025-05-09T14:47:23","modified_gmt":"2025-05-09T12:47:23","slug":"ventiladores-corsair","status":"publish","type":"product","link":"https:\/\/pruebas.michollo.to\/fr\/produit\/ventilateurs-corsair\/","title":{"rendered":"Ventilateurs Corsair pour IGR miniers"},"content":{"rendered":"<p>Les ventilateurs CORSAIR de la s\u00e9rie ML offrent des performances et une long\u00e9vit\u00e9 incroyables gr\u00e2ce \u00e0 leurs roulements \u00e0 l\u00e9vitation magn\u00e9tique et \u00e0 la conception personnalis\u00e9e de leur rotor, avec un contr\u00f4le PWM pour un r\u00e9glage pr\u00e9cis de la vitesse des ventilateurs.<\/p>\n<p>&nbsp;<\/p>\n<ul>\n<li>Dimensions du produit : <em>longueur x largeur x hauteur<\/em> <strong>2 x 5,6 x 15 centim\u00e8tres<\/strong><\/li>\n<li>Tension : 12 Volts<\/li>\n<li>Palier magn\u00e9tique : il tire parti de la technologie de la l\u00e9vitation magn\u00e9tique pour offrir un faible niveau de bruit, des performances plus \u00e9lev\u00e9es et une dur\u00e9e de vie plus longue.<\/li>\n<li>Il offre un \u00e9quilibre parfait entre le d\u00e9bit d'air et la pression statique.<\/li>\n<li>Large plage de r\u00e9glage : une plage de r\u00e9glage de 2 000 tr\/min vous permet de contr\u00f4ler parfaitement l'\u00e9quilibre entre des performances optimales et un faible niveau de bruit.<\/li>\n<li>Type de connectivit\u00e9 : SATA<\/li>\n<\/ul>\n<p><strong>VENDUS PAR PAQUETS DE DEUX.<\/strong><\/p>","protected":false},"excerpt":{"rendered":"<p>Los ventiladores de la serie ML de CORSAIR ofrecen un rendimiento y una longevidad incre\u00edbles gracias a sus cojinetes de levitaci\u00f3n magn\u00e9tica y al dise\u00f1o de rotor personalizado, con control PWM para un ajuste preciso de las velocidades del ventilador. &nbsp; Dimensiones del producto: largo x ancho x alto 2 x 5.6 x 15 cent\u00edmetros [&hellip;]<\/p>\n","protected":false},"featured_media":615,"comment_status":"open","ping_status":"closed","template":"","meta":[],"product_brand":[],"product_cat":[20],"product_tag":[],"class_list":{"0":"post-613","1":"product","2":"type-product","3":"status-publish","4":"has-post-thumbnail","6":"product_cat-componentes","8":"first","9":"instock","10":"sale","11":"taxable","12":"shipping-taxable","13":"purchasable","14":"product-type-simple"},"_links":{"self":[{"href":"https:\/\/pruebas.michollo.to\/fr\/wp-json\/wp\/v2\/product\/613","targetHints":{"allow":["GET"]}}],"collection":[{"href":"https:\/\/pruebas.michollo.to\/fr\/wp-json\/wp\/v2\/product"}],"about":[{"href":"https:\/\/pruebas.michollo.to\/fr\/wp-json\/wp\/v2\/types\/product"}],"replies":[{"embeddable":true,"href":"https:\/\/pruebas.michollo.to\/fr\/wp-json\/wp\/v2\/comments?post=613"}],"wp:featuredmedia":[{"embeddable":true,"href":"https:\/\/pruebas.michollo.to\/fr\/wp-json\/wp\/v2\/media\/615"}],"wp:attachment":[{"href":"https:\/\/pruebas.michollo.to\/fr\/wp-json\/wp\/v2\/media?parent=613"}],"wp:term":[{"taxonomy":"product_brand","embeddable":true,"href":"https:\/\/pruebas.michollo.to\/fr\/wp-json\/wp\/v2\/product_brand?post=613"},{"taxonomy":"product_cat","embeddable":true,"href":"https:\/\/pruebas.michollo.to\/fr\/wp-json\/wp\/v2\/product_cat?post=613"},{"taxonomy":"product_tag","embeddable":true,"href":"https:\/\/pruebas.michollo.to\/fr\/wp-json\/wp\/v2\/product_tag?post=613"}],"curies":[{"name":"wp","href":"https:\/\/api.w.org\/{rel}","templated":true}]}}