{"id":618,"date":"2022-10-25T10:32:12","date_gmt":"2022-10-25T14:32:12","guid":{"rendered":"https:\/\/pruebas.michollo.to\/?post_type=product&#038;p=618"},"modified":"2025-05-09T14:47:22","modified_gmt":"2025-05-09T12:47:22","slug":"cable-alimentacion-para-cpu-inferior-1-500w","status":"publish","type":"product","link":"https:\/\/pruebas.michollo.to\/fr\/produit\/cable-dalimentation-pour-cpu-inferieur-1-500w\/","title":{"rendered":"C\u00e2ble d'alimentation pour l'unit\u00e9 centrale inf\u00e9rieure 1 500 W"},"content":{"rendered":"<p>C\u00e2ble d'alimentation compatible avec les alimentations ASIC et RIG.<\/p>\n<p><strong>Sp\u00e9cifications<\/strong><\/p>\n<ul>\n<li>Connecteur A : Connecteur d'alimentation m\u00e2le<\/li>\n<li>Connecteur B : IEC-320-C13<\/li>\n<li>Conception du c\u00e2ble : rond<\/li>\n<li>Mat\u00e9riau du connecteur : PVC<\/li>\n<li>Mat\u00e9riau du conducteur : cuivre<\/li>\n<li>Longueur du c\u00e2ble : 2,00 m<\/li>\n<li>Couleur : noir<\/li>\n<li>Taille de la gaine du c\u00e2ble : 6,5 mm<\/li>\n<li>Diam\u00e8tre du conducteur : 3x 0,75 mm<\/li>\n<\/ul>","protected":false},"excerpt":{"rendered":"<p>C\u00e2ble d'alimentation compatible avec les alimentations ASIC et RIG. Sp\u00e9cifications Connecteur A : Connecteur d'alimentation m\u00e2le Connecteur B : IEC-320-C13 Conception du c\u00e2ble : Rond Mat\u00e9riau du connecteur : PVC Mat\u00e9riau du conducteur : Cuivre Longueur du c\u00e2ble : 2,00 m Couleur : Noir Taille de la gaine du c\u00e2ble : 6,5 mm Diam\u00e8tre du conducteur : 3x 0,75 mm<\/p>","protected":false},"featured_media":619,"comment_status":"open","ping_status":"closed","template":"","meta":[],"product_brand":[],"product_cat":[20],"product_tag":[],"class_list":{"0":"post-618","1":"product","2":"type-product","3":"status-publish","4":"has-post-thumbnail","6":"product_cat-componentes","8":"first","9":"instock","10":"taxable","11":"shipping-taxable","12":"purchasable","13":"product-type-simple"},"_links":{"self":[{"href":"https:\/\/pruebas.michollo.to\/fr\/wp-json\/wp\/v2\/product\/618","targetHints":{"allow":["GET"]}}],"collection":[{"href":"https:\/\/pruebas.michollo.to\/fr\/wp-json\/wp\/v2\/product"}],"about":[{"href":"https:\/\/pruebas.michollo.to\/fr\/wp-json\/wp\/v2\/types\/product"}],"replies":[{"embeddable":true,"href":"https:\/\/pruebas.michollo.to\/fr\/wp-json\/wp\/v2\/comments?post=618"}],"wp:featuredmedia":[{"embeddable":true,"href":"https:\/\/pruebas.michollo.to\/fr\/wp-json\/wp\/v2\/media\/619"}],"wp:attachment":[{"href":"https:\/\/pruebas.michollo.to\/fr\/wp-json\/wp\/v2\/media?parent=618"}],"wp:term":[{"taxonomy":"product_brand","embeddable":true,"href":"https:\/\/pruebas.michollo.to\/fr\/wp-json\/wp\/v2\/product_brand?post=618"},{"taxonomy":"product_cat","embeddable":true,"href":"https:\/\/pruebas.michollo.to\/fr\/wp-json\/wp\/v2\/product_cat?post=618"},{"taxonomy":"product_tag","embeddable":true,"href":"https:\/\/pruebas.michollo.to\/fr\/wp-json\/wp\/v2\/product_tag?post=618"}],"curies":[{"name":"wp","href":"https:\/\/api.w.org\/{rel}","templated":true}]}}