{"id":623,"date":"2022-10-25T10:29:37","date_gmt":"2022-10-25T14:29:37","guid":{"rendered":"https:\/\/pruebas.michollo.to\/?post_type=product&#038;p=623"},"modified":"2026-02-23T13:53:40","modified_gmt":"2026-02-23T12:53:40","slug":"adaptador-para-fuente-de-alimentacion-auxiliar","status":"publish","type":"product","link":"https:\/\/pruebas.michollo.to\/fr\/produit\/adaptateur-dalimentation-auxiliaire\/","title":{"rendered":"Adaptateur pour alimentation auxiliaire"},"content":{"rendered":"<p>Mini Mining Source Board ou pont de source, le connecteur molex se connecte \u00e0 la source 1 et transmet l'alimentation \u00e0 la source 2 et le connecteur 24 broches permet \u00e0 la source secondaire de d\u00e9marrer.<\/p>\n<p>C'est le dispositif id\u00e9al pour votre appareil, et un moyen facile d'utiliser une deuxi\u00e8me alimentation.<\/p>","protected":false},"excerpt":{"rendered":"<p>Mini Placa para fuente de miner\u00eda o puente de fuente, el conector molex se conecta a la fuente 1 y pasa la corriente hacia la fuente 2 y el conector de 24 pines hace que la fuente secundaria se inicie. Es el dispositivo perfecto para tu rig, y un m\u00e9todo sencillo para utilizar una segunda [&hellip;]<\/p>\n","protected":false},"featured_media":624,"comment_status":"open","ping_status":"closed","template":"","meta":[],"product_brand":[],"product_cat":[20],"product_tag":[],"class_list":{"0":"post-623","1":"product","2":"type-product","3":"status-publish","4":"has-post-thumbnail","6":"product_cat-componentes","8":"first","9":"outofstock","10":"taxable","11":"shipping-taxable","12":"purchasable","13":"product-type-simple"},"_links":{"self":[{"href":"https:\/\/pruebas.michollo.to\/fr\/wp-json\/wp\/v2\/product\/623","targetHints":{"allow":["GET"]}}],"collection":[{"href":"https:\/\/pruebas.michollo.to\/fr\/wp-json\/wp\/v2\/product"}],"about":[{"href":"https:\/\/pruebas.michollo.to\/fr\/wp-json\/wp\/v2\/types\/product"}],"replies":[{"embeddable":true,"href":"https:\/\/pruebas.michollo.to\/fr\/wp-json\/wp\/v2\/comments?post=623"}],"wp:featuredmedia":[{"embeddable":true,"href":"https:\/\/pruebas.michollo.to\/fr\/wp-json\/wp\/v2\/media\/624"}],"wp:attachment":[{"href":"https:\/\/pruebas.michollo.to\/fr\/wp-json\/wp\/v2\/media?parent=623"}],"wp:term":[{"taxonomy":"product_brand","embeddable":true,"href":"https:\/\/pruebas.michollo.to\/fr\/wp-json\/wp\/v2\/product_brand?post=623"},{"taxonomy":"product_cat","embeddable":true,"href":"https:\/\/pruebas.michollo.to\/fr\/wp-json\/wp\/v2\/product_cat?post=623"},{"taxonomy":"product_tag","embeddable":true,"href":"https:\/\/pruebas.michollo.to\/fr\/wp-json\/wp\/v2\/product_tag?post=623"}],"curies":[{"name":"wp","href":"https:\/\/api.w.org\/{rel}","templated":true}]}}