{"id":625,"date":"2022-10-25T10:29:08","date_gmt":"2022-10-25T14:29:08","guid":{"rendered":"https:\/\/pruebas.michollo.to\/?post_type=product&#038;p=625"},"modified":"2025-05-09T14:47:23","modified_gmt":"2025-05-09T12:47:23","slug":"hub-de-ventilacion-de-5-puertos","status":"publish","type":"product","link":"https:\/\/pruebas.michollo.to\/fr\/produit\/hub-de-ventilation-a-5-ports\/","title":{"rendered":"HUB de ventilation \u00e0 5 ports"},"content":{"rendered":"<p>Vous avez besoin d'am\u00e9liorer vos ventilateurs, mais votre carte m\u00e8re ne prend pas en charge plus de 2 ventilateurs ? La solution est \u00e0 port\u00e9e de main !<\/p>\n<p><strong>Sp\u00e9cifications :<\/strong><\/p>\n<ul>\n<li>Mati\u00e8re : nylon + plastique + m\u00e9tal<\/li>\n<li>Longueur (approx.) : 39,5 cm<\/li>\n<li>Tension : 12V<\/li>\n<li>Capable d'\u00e9tendre la t\u00eate de ventilateur d'une carte m\u00e8re pour prendre en charge jusqu'\u00e0 cinq ventilateurs.<\/li>\n<li>Compatible avec les ventilateurs 3 broches\/4 broches.<\/li>\n<li>Livr\u00e9 avec un autocollant pour une installation facile<\/li>\n<\/ul>","protected":false},"excerpt":{"rendered":"<p>\u00bfNecesitas ampliar los ventiladores, pero tu placa base no admite m\u00e1s de 2? \u00a1Soluci\u00f3n a la vista! Especificaciones: Material: nailon + pl\u00e1stico + Metal Longitud (aprox.): 39,5 cm Voltaje: 12V Capaz de expandir un cabezal de ventilador de placa base para soportar hasta cinco ventiladores. Compatible con ventiladores de 3 pines\/4 pines. Viene con autoadhesivo [&hellip;]<\/p>\n","protected":false},"featured_media":626,"comment_status":"open","ping_status":"closed","template":"","meta":[],"product_brand":[],"product_cat":[20],"product_tag":[],"class_list":{"0":"post-625","1":"product","2":"type-product","3":"status-publish","4":"has-post-thumbnail","6":"product_cat-componentes","8":"first","9":"instock","10":"taxable","11":"shipping-taxable","12":"purchasable","13":"product-type-simple"},"_links":{"self":[{"href":"https:\/\/pruebas.michollo.to\/fr\/wp-json\/wp\/v2\/product\/625","targetHints":{"allow":["GET"]}}],"collection":[{"href":"https:\/\/pruebas.michollo.to\/fr\/wp-json\/wp\/v2\/product"}],"about":[{"href":"https:\/\/pruebas.michollo.to\/fr\/wp-json\/wp\/v2\/types\/product"}],"replies":[{"embeddable":true,"href":"https:\/\/pruebas.michollo.to\/fr\/wp-json\/wp\/v2\/comments?post=625"}],"wp:featuredmedia":[{"embeddable":true,"href":"https:\/\/pruebas.michollo.to\/fr\/wp-json\/wp\/v2\/media\/626"}],"wp:attachment":[{"href":"https:\/\/pruebas.michollo.to\/fr\/wp-json\/wp\/v2\/media?parent=625"}],"wp:term":[{"taxonomy":"product_brand","embeddable":true,"href":"https:\/\/pruebas.michollo.to\/fr\/wp-json\/wp\/v2\/product_brand?post=625"},{"taxonomy":"product_cat","embeddable":true,"href":"https:\/\/pruebas.michollo.to\/fr\/wp-json\/wp\/v2\/product_cat?post=625"},{"taxonomy":"product_tag","embeddable":true,"href":"https:\/\/pruebas.michollo.to\/fr\/wp-json\/wp\/v2\/product_tag?post=625"}],"curies":[{"name":"wp","href":"https:\/\/api.w.org\/{rel}","templated":true}]}}