{"id":627,"date":"2022-10-25T10:28:49","date_gmt":"2022-10-25T14:28:49","guid":{"rendered":"https:\/\/pruebas.michollo.to\/?post_type=product&#038;p=627"},"modified":"2025-05-09T14:47:23","modified_gmt":"2025-05-09T12:47:23","slug":"dummy","status":"publish","type":"product","link":"https:\/\/pruebas.michollo.to\/fr\/produit\/fictif\/","title":{"rendered":"Mannequin HDMI pour l'exploitation mini\u00e8re RIG"},"content":{"rendered":"<p>Dummy Plug HDMI jusqu'\u00e0 4K jusqu'\u00e0 3840 * 2160<\/p>\n<ul>\n<li>Excellent pour les syst\u00e8mes Windows, o\u00f9 la pr\u00e9sence d'un moniteur est requise. Cet adaptateur fait croire \u00e0 Windows qu'un moniteur est connect\u00e9.<\/li>\n<li>Parfait pour combiner avec TeamViewer ou autre, pour le contr\u00f4le \u00e0 distance d'un PC sans moniteur.<\/li>\n<\/ul>","protected":false},"excerpt":{"rendered":"<p>Dummy Plug HDMI jusqu'\u00e0 4K jusqu'\u00e0 3840 * 2160 Excellent pour les syst\u00e8mes Windows, o\u00f9 la pr\u00e9sence d'un moniteur est requise. Cet adaptateur fait croire \u00e0 Windows qu'un moniteur est connect\u00e9. Parfait pour combiner avec TeamViewer ou autre, pour le contr\u00f4le \u00e0 distance d'un PC sans moniteur.<\/p>","protected":false},"featured_media":628,"comment_status":"open","ping_status":"closed","template":"","meta":[],"product_brand":[],"product_cat":[20],"product_tag":[],"class_list":{"0":"post-627","1":"product","2":"type-product","3":"status-publish","4":"has-post-thumbnail","6":"product_cat-componentes","8":"first","9":"instock","10":"taxable","11":"shipping-taxable","12":"purchasable","13":"product-type-simple"},"_links":{"self":[{"href":"https:\/\/pruebas.michollo.to\/fr\/wp-json\/wp\/v2\/product\/627","targetHints":{"allow":["GET"]}}],"collection":[{"href":"https:\/\/pruebas.michollo.to\/fr\/wp-json\/wp\/v2\/product"}],"about":[{"href":"https:\/\/pruebas.michollo.to\/fr\/wp-json\/wp\/v2\/types\/product"}],"replies":[{"embeddable":true,"href":"https:\/\/pruebas.michollo.to\/fr\/wp-json\/wp\/v2\/comments?post=627"}],"wp:featuredmedia":[{"embeddable":true,"href":"https:\/\/pruebas.michollo.to\/fr\/wp-json\/wp\/v2\/media\/628"}],"wp:attachment":[{"href":"https:\/\/pruebas.michollo.to\/fr\/wp-json\/wp\/v2\/media?parent=627"}],"wp:term":[{"taxonomy":"product_brand","embeddable":true,"href":"https:\/\/pruebas.michollo.to\/fr\/wp-json\/wp\/v2\/product_brand?post=627"},{"taxonomy":"product_cat","embeddable":true,"href":"https:\/\/pruebas.michollo.to\/fr\/wp-json\/wp\/v2\/product_cat?post=627"},{"taxonomy":"product_tag","embeddable":true,"href":"https:\/\/pruebas.michollo.to\/fr\/wp-json\/wp\/v2\/product_tag?post=627"}],"curies":[{"name":"wp","href":"https:\/\/api.w.org\/{rel}","templated":true}]}}