{"id":629,"date":"2022-10-25T10:28:38","date_gmt":"2022-10-25T12:28:38","guid":{"rendered":"https:\/\/pruebas.michollo.to\/?post_type=product&#038;p=629"},"modified":"2025-05-09T14:47:23","modified_gmt":"2025-05-09T12:47:23","slug":"boton-on-rig","status":"publish","type":"product","link":"https:\/\/pruebas.michollo.to\/fr\/produit\/sur-le-bouton-de-la-plate-forme\/","title":{"rendered":"Bouton ON RIG"},"content":{"rendered":"<p>Souvent, lorsque nous installons un RIG minier, nous avons besoin d'un bouton d'alimentation pour le d\u00e9marrer. Nous vous aidons donc \u00e0 remplir cette fonction avec ce bouton ON RIG.<\/p>\n<ul>\n<li>Mat\u00e9riau : ABS<\/li>\n<li>Longueur : environ 50 CM<\/li>\n<li>Poids net : 15-45gr<\/li>\n<\/ul>","protected":false},"excerpt":{"rendered":"<p>Souvent, lorsque nous assemblons un RIG minier, nous avons besoin d'un bouton d'alimentation pour le d\u00e9marrer. Nous vous aidons donc \u00e0 remplir cette fonction avec ce bouton ON RIG. Mat\u00e9riau : ABS Longueur : 50 CM environ Poids net : 15-45gr<\/p>","protected":false},"featured_media":630,"comment_status":"open","ping_status":"closed","template":"","meta":[],"product_brand":[],"product_cat":[20],"product_tag":[],"class_list":{"0":"post-629","1":"product","2":"type-product","3":"status-publish","4":"has-post-thumbnail","6":"product_cat-componentes","8":"first","9":"outofstock","10":"taxable","11":"shipping-taxable","12":"purchasable","13":"product-type-simple"},"_links":{"self":[{"href":"https:\/\/pruebas.michollo.to\/fr\/wp-json\/wp\/v2\/product\/629","targetHints":{"allow":["GET"]}}],"collection":[{"href":"https:\/\/pruebas.michollo.to\/fr\/wp-json\/wp\/v2\/product"}],"about":[{"href":"https:\/\/pruebas.michollo.to\/fr\/wp-json\/wp\/v2\/types\/product"}],"replies":[{"embeddable":true,"href":"https:\/\/pruebas.michollo.to\/fr\/wp-json\/wp\/v2\/comments?post=629"}],"wp:featuredmedia":[{"embeddable":true,"href":"https:\/\/pruebas.michollo.to\/fr\/wp-json\/wp\/v2\/media\/630"}],"wp:attachment":[{"href":"https:\/\/pruebas.michollo.to\/fr\/wp-json\/wp\/v2\/media?parent=629"}],"wp:term":[{"taxonomy":"product_brand","embeddable":true,"href":"https:\/\/pruebas.michollo.to\/fr\/wp-json\/wp\/v2\/product_brand?post=629"},{"taxonomy":"product_cat","embeddable":true,"href":"https:\/\/pruebas.michollo.to\/fr\/wp-json\/wp\/v2\/product_cat?post=629"},{"taxonomy":"product_tag","embeddable":true,"href":"https:\/\/pruebas.michollo.to\/fr\/wp-json\/wp\/v2\/product_tag?post=629"}],"curies":[{"name":"wp","href":"https:\/\/api.w.org\/{rel}","templated":true}]}}