{"id":635,"date":"2022-10-25T10:28:26","date_gmt":"2022-10-25T14:28:26","guid":{"rendered":"https:\/\/pruebas.michollo.to\/?post_type=product&#038;p=635"},"modified":"2025-05-09T14:47:24","modified_gmt":"2025-05-09T12:47:24","slug":"ventilador-asic","status":"publish","type":"product","link":"https:\/\/pruebas.michollo.to\/fr\/produit\/fan-de-lasic\/","title":{"rendered":"Ventilateur ASIC"},"content":{"rendered":"<p>Si vous avez besoin de changer les ventilateurs de votre machine mini\u00e8re, nous vous proposons l'un des mod\u00e8les les plus vendus sur le march\u00e9 !<\/p>\n<p>Ce ventilateur est \u00e9quip\u00e9 d'un connecteur horizontal \u00e0 quatre broches, qui est normalement utilis\u00e9 dans presque tous les ASIC, mais il est \u00e9galement fourni avec un adaptateur 2\u00d72 \u00e0 quatre broches pour les machines comme l'Avalon qui disposent de ce type de connecteur.<\/p>","protected":false},"excerpt":{"rendered":"<p>\u00bfNecesitas cambiarle los ventiladores a tu m\u00e1quina de miner\u00eda? \u00a1Te traemos uno de los modelos m\u00e1s vendido del mercado! Este ventilador viene con conector de cuatro pines horizontales, que normalmente es el que se utiliza en casi todos los ASIC, pero tambi\u00e9n trae un adaptador a cuatro pines en 2&#215;2 para m\u00e1quinas como las Avalon [&hellip;]<\/p>\n","protected":false},"featured_media":633,"comment_status":"open","ping_status":"closed","template":"","meta":[],"product_brand":[],"product_cat":[20],"product_tag":[],"class_list":{"0":"post-635","1":"product","2":"type-product","3":"status-publish","4":"has-post-thumbnail","6":"product_cat-componentes","8":"first","9":"instock","10":"taxable","11":"shipping-taxable","12":"purchasable","13":"product-type-simple"},"_links":{"self":[{"href":"https:\/\/pruebas.michollo.to\/fr\/wp-json\/wp\/v2\/product\/635","targetHints":{"allow":["GET"]}}],"collection":[{"href":"https:\/\/pruebas.michollo.to\/fr\/wp-json\/wp\/v2\/product"}],"about":[{"href":"https:\/\/pruebas.michollo.to\/fr\/wp-json\/wp\/v2\/types\/product"}],"replies":[{"embeddable":true,"href":"https:\/\/pruebas.michollo.to\/fr\/wp-json\/wp\/v2\/comments?post=635"}],"wp:featuredmedia":[{"embeddable":true,"href":"https:\/\/pruebas.michollo.to\/fr\/wp-json\/wp\/v2\/media\/633"}],"wp:attachment":[{"href":"https:\/\/pruebas.michollo.to\/fr\/wp-json\/wp\/v2\/media?parent=635"}],"wp:term":[{"taxonomy":"product_brand","embeddable":true,"href":"https:\/\/pruebas.michollo.to\/fr\/wp-json\/wp\/v2\/product_brand?post=635"},{"taxonomy":"product_cat","embeddable":true,"href":"https:\/\/pruebas.michollo.to\/fr\/wp-json\/wp\/v2\/product_cat?post=635"},{"taxonomy":"product_tag","embeddable":true,"href":"https:\/\/pruebas.michollo.to\/fr\/wp-json\/wp\/v2\/product_tag?post=635"}],"curies":[{"name":"wp","href":"https:\/\/api.w.org\/{rel}","templated":true}]}}