{"id":636,"date":"2022-10-25T10:28:12","date_gmt":"2022-10-25T14:28:12","guid":{"rendered":"https:\/\/pruebas.michollo.to\/?post_type=product&#038;p=636"},"modified":"2025-05-09T14:47:24","modified_gmt":"2025-05-09T12:47:24","slug":"rejillas-para-ventilador-pack-4uds","status":"publish","type":"product","link":"https:\/\/pruebas.michollo.to\/fr\/produit\/grilles-de-ventilateur-paquet-de-4-pieces\/","title":{"rendered":"Grilles de ventilateur PACK 4 pcs"},"content":{"rendered":"<p>Les grilles de ventilation sont essentielles dans votre machine d'extraction de crypto-monnaies, car elles permettent aux ventilateurs tournant \u00e0 grande vitesse de ne pas pr\u00e9senter de danger. Gr\u00e2ce \u00e0 elles, il n'y a aucun risque de coupure ou de blocage.<\/p>\n<ul>\n<li>La taille est de 12x12cm.<\/li>\n<li>Nos excellents \u00e9vents s'adaptent \u00e0 tous les \u00e9quipements, qu'il s'agisse d'Antminer, d'Avalon ou m\u00eame de RIG miniers.<\/li>\n<\/ul>","protected":false},"excerpt":{"rendered":"<p>Las rejillas de ventilador son fundamentales en tu m\u00e1quina de minar criptomonedas, ya que permiten que los ventiladores que giran a gran velocidad no sean peligrosos. Gracias a ellos, no hay peligro de corte ni de atascamiento. El tama\u00f1o es de 12x12cm. Nuestras excelentes rejillas de ventilaci\u00f3n se adaptan a cualquier equipo, ya sea Antminer, [&hellip;]<\/p>\n","protected":false},"featured_media":637,"comment_status":"open","ping_status":"closed","template":"","meta":[],"product_brand":[],"product_cat":[20],"product_tag":[],"class_list":{"0":"post-636","1":"product","2":"type-product","3":"status-publish","4":"has-post-thumbnail","6":"product_cat-componentes","8":"first","9":"instock","10":"taxable","11":"shipping-taxable","12":"purchasable","13":"product-type-simple"},"_links":{"self":[{"href":"https:\/\/pruebas.michollo.to\/fr\/wp-json\/wp\/v2\/product\/636","targetHints":{"allow":["GET"]}}],"collection":[{"href":"https:\/\/pruebas.michollo.to\/fr\/wp-json\/wp\/v2\/product"}],"about":[{"href":"https:\/\/pruebas.michollo.to\/fr\/wp-json\/wp\/v2\/types\/product"}],"replies":[{"embeddable":true,"href":"https:\/\/pruebas.michollo.to\/fr\/wp-json\/wp\/v2\/comments?post=636"}],"wp:featuredmedia":[{"embeddable":true,"href":"https:\/\/pruebas.michollo.to\/fr\/wp-json\/wp\/v2\/media\/637"}],"wp:attachment":[{"href":"https:\/\/pruebas.michollo.to\/fr\/wp-json\/wp\/v2\/media?parent=636"}],"wp:term":[{"taxonomy":"product_brand","embeddable":true,"href":"https:\/\/pruebas.michollo.to\/fr\/wp-json\/wp\/v2\/product_brand?post=636"},{"taxonomy":"product_cat","embeddable":true,"href":"https:\/\/pruebas.michollo.to\/fr\/wp-json\/wp\/v2\/product_cat?post=636"},{"taxonomy":"product_tag","embeddable":true,"href":"https:\/\/pruebas.michollo.to\/fr\/wp-json\/wp\/v2\/product_tag?post=636"}],"curies":[{"name":"wp","href":"https:\/\/api.w.org\/{rel}","templated":true}]}}