{"id":638,"date":"2022-10-25T10:27:46","date_gmt":"2022-10-25T12:27:46","guid":{"rendered":"https:\/\/pruebas.michollo.to\/?post_type=product&#038;p=638"},"modified":"2025-05-09T14:47:24","modified_gmt":"2025-05-09T12:47:24","slug":"sistema-de-refrigeracion-c1-1-asic","status":"publish","type":"product","link":"https:\/\/pruebas.michollo.to\/fr\/produit\/systeme-de-refroidissement-c1-1-asic\/","title":{"rendered":"Syst\u00e8me de refroidissement C1 (1 ASIC)"},"content":{"rendered":"<p>Vous souhaitez r\u00e9duire le bruit et la chaleur g\u00e9n\u00e9r\u00e9s par votre \u00e9quipement minier ASIC ? Pas de probl\u00e8me... La solution est en vue !<\/p>\n<p>Il permet non seulement de r\u00e9duire le bruit et la chaleur, mais aussi d'augmenter la puissance d'extraction, mais uniquement pour les mod\u00e8les ci-dessous :<\/p>\n<p><img loading=\"lazy\" decoding=\"async\" class=\"size-medium wp-image-640 alignnone\" src=\"https:\/\/pruebas.michollo.to\/wp-content\/uploads\/2022\/10\/C1-COMPATIBLES-300x176.png\" alt=\"\" width=\"300\" height=\"176\" srcset=\"https:\/\/pruebas.michollo.to\/wp-content\/uploads\/2022\/10\/C1-COMPATIBLES-300x176.png 300w, https:\/\/pruebas.michollo.to\/wp-content\/uploads\/2022\/10\/C1-COMPATIBLES-20x12.png 20w, https:\/\/pruebas.michollo.to\/wp-content\/uploads\/2022\/10\/C1-COMPATIBLES-56x33.png 56w, https:\/\/pruebas.michollo.to\/wp-content\/uploads\/2022\/10\/C1-COMPATIBLES-28x16.png 28w, https:\/\/pruebas.michollo.to\/wp-content\/uploads\/2022\/10\/C1-COMPATIBLES-73x43.png 73w, https:\/\/pruebas.michollo.to\/wp-content\/uploads\/2022\/10\/C1-COMPATIBLES-170x100.png 170w, https:\/\/pruebas.michollo.to\/wp-content\/uploads\/2022\/10\/C1-COMPATIBLES-65x38.png 65w, https:\/\/pruebas.michollo.to\/wp-content\/uploads\/2022\/10\/C1-COMPATIBLES-118x69.png 118w, https:\/\/pruebas.michollo.to\/wp-content\/uploads\/2022\/10\/C1-COMPATIBLES-50x29.png 50w, https:\/\/pruebas.michollo.to\/wp-content\/uploads\/2022\/10\/C1-COMPATIBLES-247x145.png 247w, https:\/\/pruebas.michollo.to\/wp-content\/uploads\/2022\/10\/C1-COMPATIBLES-19x11.png 19w, https:\/\/pruebas.michollo.to\/wp-content\/uploads\/2022\/10\/C1-COMPATIBLES-284x166.png 284w, https:\/\/pruebas.michollo.to\/wp-content\/uploads\/2022\/10\/C1-COMPATIBLES.png 461w\" sizes=\"auto, (max-width: 300px) 100vw, 300px\" \/><\/p>\n<p>Nous commentons \u00e9galement les caract\u00e9ristiques de ce syst\u00e8me :<\/p>\n<ul>\n<li>Taille ext\u00e9rieure du ch\u00e2ssis : 410mm(L)*400mm(L)*475mm(H)<\/li>\n<li>Dimensions int\u00e9rieures du ch\u00e2ssis : 340mm(L)*210mm(L)*320mm(H)<\/li>\n<li>Poids : 20 kg<\/li>\n<li>Tension d'entr\u00e9e : 200-240V 50\/60Hz (monophas\u00e9)<\/li>\n<li>Puissance maximale : 4,5kW@30\u00b0C<\/li>\n<li>Interface d'alimentation : 2 x C14 (10A chacun)<\/li>\n<li>Volume du liquide de refroidissement : 26L<\/li>\n<li>Capacit\u00e9 des mineurs : 1 unit\u00e9<\/li>\n<li>\u00c9cran d'affichage : \u00e9cran OLED de 1,32 pouce<\/li>\n<\/ul>\n<p>Ce syst\u00e8me est livr\u00e9 avec TOUT<\/p>","protected":false},"excerpt":{"rendered":"<p>\u00bfQuieres reducir el ruido y el calor que genera tu equipo de miner\u00eda ASIC? No hay problema\u2026 \u00a1Soluci\u00f3n a la vista! No solo reducirlas ruido y calor, si no que tambi\u00e9n aumentar\u00e1 la potencia de minado, pero solo en los modelos que te dejo a continuaci\u00f3n: Os comentamos, adem\u00e1s, caracter\u00edsticas sobre este sistema: Tama\u00f1o exterior [&hellip;]<\/p>\n","protected":false},"featured_media":639,"comment_status":"open","ping_status":"closed","template":"","meta":[],"product_brand":[],"product_cat":[133],"product_tag":[],"class_list":{"0":"post-638","1":"product","2":"type-product","3":"status-publish","4":"has-post-thumbnail","6":"product_cat-accesorios","8":"first","9":"instock","10":"taxable","11":"shipping-taxable","12":"purchasable","13":"product-type-simple"},"_links":{"self":[{"href":"https:\/\/pruebas.michollo.to\/fr\/wp-json\/wp\/v2\/product\/638","targetHints":{"allow":["GET"]}}],"collection":[{"href":"https:\/\/pruebas.michollo.to\/fr\/wp-json\/wp\/v2\/product"}],"about":[{"href":"https:\/\/pruebas.michollo.to\/fr\/wp-json\/wp\/v2\/types\/product"}],"replies":[{"embeddable":true,"href":"https:\/\/pruebas.michollo.to\/fr\/wp-json\/wp\/v2\/comments?post=638"}],"wp:featuredmedia":[{"embeddable":true,"href":"https:\/\/pruebas.michollo.to\/fr\/wp-json\/wp\/v2\/media\/639"}],"wp:attachment":[{"href":"https:\/\/pruebas.michollo.to\/fr\/wp-json\/wp\/v2\/media?parent=638"}],"wp:term":[{"taxonomy":"product_brand","embeddable":true,"href":"https:\/\/pruebas.michollo.to\/fr\/wp-json\/wp\/v2\/product_brand?post=638"},{"taxonomy":"product_cat","embeddable":true,"href":"https:\/\/pruebas.michollo.to\/fr\/wp-json\/wp\/v2\/product_cat?post=638"},{"taxonomy":"product_tag","embeddable":true,"href":"https:\/\/pruebas.michollo.to\/fr\/wp-json\/wp\/v2\/product_tag?post=638"}],"curies":[{"name":"wp","href":"https:\/\/api.w.org\/{rel}","templated":true}]}}