{"id":642,"date":"2022-10-25T10:27:08","date_gmt":"2022-10-25T12:27:08","guid":{"rendered":"https:\/\/pruebas.michollo.to\/?post_type=product&#038;p=642"},"modified":"2026-02-23T13:53:36","modified_gmt":"2026-02-23T12:53:36","slug":"aceite-dielectrico-para-sistema-de-refrigeracion","status":"publish","type":"product","link":"https:\/\/pruebas.michollo.to\/fr\/produit\/huile-dielectrique-pour-systemes-de-refroidissement\/","title":{"rendered":"Huile di\u00e9lectrique pour le syst\u00e8me de refroidissement"},"content":{"rendered":"<p>Cette huile permet d'immerger les machines dans le syst\u00e8me de refroidissement.<\/p>\n<p>Nous avons plusieurs packs de Litres d'huile di\u00e9lectrique pour que vous puissiez choisir celui qui correspond le mieux \u00e0 ce que vous recherchez.<\/p>\n<ul>\n<li>Il agit comme un moyen de refroidissement et d'isolation.<\/li>\n<li>Stabilit\u00e9 \u00e0 la lumi\u00e8re et \u00e0 la chaleur.<\/li>\n<li>R\u00e9sistance di\u00e9lectrique \u00e9lev\u00e9e.<\/li>\n<li>Point de cong\u00e9lation bas.<\/li>\n<\/ul>","protected":false},"excerpt":{"rendered":"<p>Cette huile permet d'immerger les machines dans le syst\u00e8me de refroidissement. Nous avons plusieurs packs de litres d'huile di\u00e9lectrique pour que vous puissiez choisir celui qui correspond le mieux \u00e0 ce que vous recherchez. Agit comme un moyen de refroidissement et d'isolation. Stabilit\u00e9 \u00e0 la lumi\u00e8re et \u00e0 la chaleur. R\u00e9sistance di\u00e9lectrique \u00e9lev\u00e9e. Point de cong\u00e9lation bas.<\/p>","protected":false},"featured_media":651,"comment_status":"open","ping_status":"closed","template":"","meta":[],"product_brand":[],"product_cat":[133],"product_tag":[],"class_list":{"0":"post-642","1":"product","2":"type-product","3":"status-publish","4":"has-post-thumbnail","6":"product_cat-accesorios","8":"first","9":"instock","10":"taxable","11":"shipping-taxable","12":"purchasable","13":"product-type-simple"},"_links":{"self":[{"href":"https:\/\/pruebas.michollo.to\/fr\/wp-json\/wp\/v2\/product\/642","targetHints":{"allow":["GET"]}}],"collection":[{"href":"https:\/\/pruebas.michollo.to\/fr\/wp-json\/wp\/v2\/product"}],"about":[{"href":"https:\/\/pruebas.michollo.to\/fr\/wp-json\/wp\/v2\/types\/product"}],"replies":[{"embeddable":true,"href":"https:\/\/pruebas.michollo.to\/fr\/wp-json\/wp\/v2\/comments?post=642"}],"wp:featuredmedia":[{"embeddable":true,"href":"https:\/\/pruebas.michollo.to\/fr\/wp-json\/wp\/v2\/media\/651"}],"wp:attachment":[{"href":"https:\/\/pruebas.michollo.to\/fr\/wp-json\/wp\/v2\/media?parent=642"}],"wp:term":[{"taxonomy":"product_brand","embeddable":true,"href":"https:\/\/pruebas.michollo.to\/fr\/wp-json\/wp\/v2\/product_brand?post=642"},{"taxonomy":"product_cat","embeddable":true,"href":"https:\/\/pruebas.michollo.to\/fr\/wp-json\/wp\/v2\/product_cat?post=642"},{"taxonomy":"product_tag","embeddable":true,"href":"https:\/\/pruebas.michollo.to\/fr\/wp-json\/wp\/v2\/product_tag?post=642"}],"curies":[{"name":"wp","href":"https:\/\/api.w.org\/{rel}","templated":true}]}}