{"id":645,"date":"2022-10-25T10:22:26","date_gmt":"2022-10-25T14:22:26","guid":{"rendered":"https:\/\/pruebas.michollo.to\/?post_type=product&#038;p=645"},"modified":"2025-05-09T14:47:25","modified_gmt":"2025-05-09T12:47:25","slug":"__trashed-2__trashed","status":"publish","type":"product","link":"https:\/\/pruebas.michollo.to\/fr\/produit\/2__trashed\/","title":{"rendered":"C\u00e2bles DATA (4 pi\u00e8ces)"},"content":{"rendered":"<p>Souvent, nos ASIC tombent en panne parce que les c\u00e2bles ne leur fournissent pas la puissance n\u00e9cessaire au traitement des donn\u00e9es. Il s'agit de l'une des d\u00e9faillances les plus courantes des ASIC et elle doit \u00eatre consid\u00e9r\u00e9e comme une premi\u00e8re option.<\/p>\n<p>&nbsp;<\/p>\n<p><strong>Caract\u00e9ristiques des c\u00e2bles DATA :<\/strong><\/p>\n<ul>\n<li>Type de connexion : 2 x connecteur \u00e0 9 broches<\/li>\n<li>Type : C\u00e2ble plat flexible.<\/li>\n<li>Couleur : blanc + rouge<\/li>\n<li>Mat\u00e9riau : c\u00e2ble plat + bo\u00eetier en plastique PHB<\/li>\n<li>Taille : longueur d'environ 20 cm<\/li>\n<\/ul>","protected":false},"excerpt":{"rendered":"<p>Muchas veces nuestros ASIC fallan porque los cables no le dan la potencia que necesitan para procesamiento de datos. Es uno de los fallos m\u00e1s comunes que hay en los ASICs y que deber\u00edamos plantear como primera opci\u00f3n. &nbsp; Caracter\u00edsticas sobre los cables DATA: Tipo de conexi\u00f3n: 2 x conector de 9 pines Tipo: Cable [&hellip;]<\/p>\n","protected":false},"featured_media":650,"comment_status":"open","ping_status":"closed","template":"","meta":[],"product_brand":[],"product_cat":[20],"product_tag":[],"class_list":{"0":"post-645","1":"product","2":"type-product","3":"status-publish","4":"has-post-thumbnail","6":"product_cat-componentes","8":"first","9":"instock","10":"taxable","11":"shipping-taxable","12":"purchasable","13":"product-type-simple"},"_links":{"self":[{"href":"https:\/\/pruebas.michollo.to\/fr\/wp-json\/wp\/v2\/product\/645","targetHints":{"allow":["GET"]}}],"collection":[{"href":"https:\/\/pruebas.michollo.to\/fr\/wp-json\/wp\/v2\/product"}],"about":[{"href":"https:\/\/pruebas.michollo.to\/fr\/wp-json\/wp\/v2\/types\/product"}],"replies":[{"embeddable":true,"href":"https:\/\/pruebas.michollo.to\/fr\/wp-json\/wp\/v2\/comments?post=645"}],"wp:featuredmedia":[{"embeddable":true,"href":"https:\/\/pruebas.michollo.to\/fr\/wp-json\/wp\/v2\/media\/650"}],"wp:attachment":[{"href":"https:\/\/pruebas.michollo.to\/fr\/wp-json\/wp\/v2\/media?parent=645"}],"wp:term":[{"taxonomy":"product_brand","embeddable":true,"href":"https:\/\/pruebas.michollo.to\/fr\/wp-json\/wp\/v2\/product_brand?post=645"},{"taxonomy":"product_cat","embeddable":true,"href":"https:\/\/pruebas.michollo.to\/fr\/wp-json\/wp\/v2\/product_cat?post=645"},{"taxonomy":"product_tag","embeddable":true,"href":"https:\/\/pruebas.michollo.to\/fr\/wp-json\/wp\/v2\/product_tag?post=645"}],"curies":[{"name":"wp","href":"https:\/\/api.w.org\/{rel}","templated":true}]}}