{"id":720,"date":"2022-10-27T12:06:02","date_gmt":"2022-10-27T14:06:02","guid":{"rendered":"https:\/\/pruebas.michollo.to\/?post_type=product&#038;p=720"},"modified":"2025-05-09T14:47:21","modified_gmt":"2025-05-09T12:47:21","slug":"camiseta-de-minando-voy","status":"publish","type":"product","link":"https:\/\/pruebas.michollo.to\/fr\/produit\/t-shirt-minando-voy\/","title":{"rendered":"T-shirt Minando Voy"},"content":{"rendered":"<p>Vous voulez faire partie de la communaut\u00e9 des Miners ? Nous vous proposons le T-shirt MINANDOVOY pour que vous ayez toujours l'air d'un vrai gagnant.<\/p>\n<p>La passion pour les crypto-monnaies, le minage et l'investissement pour g\u00e9n\u00e9rer des revenus... c'est nous, c'est MINANDOVOY !<\/p>\n<p>Il porte les couleurs de l'entreprise, le jaune, le blanc et le rouge, parfaites et combinables avec n'importe quel v\u00eatement.<\/p>\n<p>De plus, il s'agit de coton 100%, ce qui signifie qu'il vous isole de la chaleur et de l'humidit\u00e9, qu'il est hypoallerg\u00e9nique, confortable et durable.<\/p>\n<p>Si vous avez besoin de conna\u00eetre votre taille, nous avons un tableau avec tous les d\u00e9tails ci-dessous !<\/p>\n<p><img loading=\"lazy\" decoding=\"async\" class=\"alignnone size-medium wp-image-721\" src=\"https:\/\/pruebas.michollo.to\/wp-content\/uploads\/2022\/10\/A-removebg-preview-300x300.png\" alt=\"Camiseta de MinandoVoy\" width=\"300\" height=\"300\" srcset=\"https:\/\/pruebas.michollo.to\/wp-content\/uploads\/2022\/10\/A-removebg-preview-300x300.png 300w, https:\/\/pruebas.michollo.to\/wp-content\/uploads\/2022\/10\/A-removebg-preview-150x150.png 150w, https:\/\/pruebas.michollo.to\/wp-content\/uploads\/2022\/10\/A-removebg-preview-100x100.png 100w, https:\/\/pruebas.michollo.to\/wp-content\/uploads\/2022\/10\/A-removebg-preview-20x20.png 20w, https:\/\/pruebas.michollo.to\/wp-content\/uploads\/2022\/10\/A-removebg-preview-56x56.png 56w, https:\/\/pruebas.michollo.to\/wp-content\/uploads\/2022\/10\/A-removebg-preview-28x28.png 28w, https:\/\/pruebas.michollo.to\/wp-content\/uploads\/2022\/10\/A-removebg-preview-73x73.png 73w, https:\/\/pruebas.michollo.to\/wp-content\/uploads\/2022\/10\/A-removebg-preview-170x170.png 170w, https:\/\/pruebas.michollo.to\/wp-content\/uploads\/2022\/10\/A-removebg-preview-65x65.png 65w, https:\/\/pruebas.michollo.to\/wp-content\/uploads\/2022\/10\/A-removebg-preview-69x69.png 69w, https:\/\/pruebas.michollo.to\/wp-content\/uploads\/2022\/10\/A-removebg-preview-50x50.png 50w, https:\/\/pruebas.michollo.to\/wp-content\/uploads\/2022\/10\/A-removebg-preview-247x247.png 247w, https:\/\/pruebas.michollo.to\/wp-content\/uploads\/2022\/10\/A-removebg-preview-19x19.png 19w, https:\/\/pruebas.michollo.to\/wp-content\/uploads\/2022\/10\/A-removebg-preview-284x284.png 284w, https:\/\/pruebas.michollo.to\/wp-content\/uploads\/2022\/10\/A-removebg-preview.png 500w\" sizes=\"auto, (max-width: 300px) 100vw, 300px\" data-no-translation=\"\" \/><\/p>\n<table>\n<tbody>\n<tr>\n<td width=\"142\"><strong>TAILLE<\/strong><\/td>\n<td width=\"142\"><strong>LONGUEUR EN CM (A)<\/strong><\/td>\n<td width=\"142\"><strong>LARGEUR EN CM (B)<\/strong><\/td>\n<\/tr>\n<tr>\n<td width=\"142\"><\/td>\n<td width=\"142\"><\/td>\n<td width=\"142\"><\/td>\n<\/tr>\n<tr>\n<td width=\"142\">S<\/td>\n<td width=\"142\">89-94<\/td>\n<td width=\"142\">81<\/td>\n<\/tr>\n<tr>\n<td width=\"142\">M<\/td>\n<td width=\"142\">96.5-101.5<\/td>\n<td width=\"142\">86<\/td>\n<\/tr>\n<tr>\n<td width=\"142\">L<\/td>\n<td width=\"142\">104-109<\/td>\n<td width=\"142\">91.5<\/td>\n<\/tr>\n<tr>\n<td width=\"142\">XL<\/td>\n<td width=\"142\">112-117<\/td>\n<td width=\"142\">96.5<\/td>\n<\/tr>\n<tr>\n<td width=\"142\">XXL<\/td>\n<td width=\"142\">119.5-124.5<\/td>\n<td width=\"142\">101.5<\/td>\n<\/tr>\n<\/tbody>\n<\/table>\n<p>&nbsp;<\/p>\n<p><strong>D\u00c9TAILS DU LAVAGE DU T-SHIRT<\/strong><\/p>\n<ul>\n<li>Lavage maximum \u00e0 40\u00baC<\/li>\n<li>Ne pas utiliser d'eau de Javel<\/li>\n<li>Ne pas s\u00e9cher au s\u00e8che-linge<\/li>\n<li>Fer \u00e0 150\u00baC maximum<\/li>\n<li>Ne pas nettoyer \u00e0 sec<\/li>\n<\/ul>","protected":false},"excerpt":{"rendered":"<p>\u00bfQuieres formar parte de la comunidad de Miners? Te traemos la camiseta de MINANDOVOY para que luzcas siempre como un aut\u00e9ntico ganador. Pasi\u00f3n por las criptomonedas, la miner\u00eda e invertir para generar ingresos\u2026 eso somos nosotros, eso es \u00a1MINANDOVOY! Cuenta con los colores de la empresa, amarillo, blanco y rojo, perfecto y combinable con cualquier [&hellip;]<\/p>\n","protected":false},"featured_media":722,"comment_status":"open","ping_status":"closed","template":"","meta":[],"product_brand":[],"product_cat":[133],"product_tag":[],"class_list":{"0":"post-720","1":"product","2":"type-product","3":"status-publish","4":"has-post-thumbnail","6":"product_cat-accesorios","8":"first","9":"instock","10":"taxable","11":"shipping-taxable","12":"purchasable","13":"product-type-simple"},"_links":{"self":[{"href":"https:\/\/pruebas.michollo.to\/fr\/wp-json\/wp\/v2\/product\/720","targetHints":{"allow":["GET"]}}],"collection":[{"href":"https:\/\/pruebas.michollo.to\/fr\/wp-json\/wp\/v2\/product"}],"about":[{"href":"https:\/\/pruebas.michollo.to\/fr\/wp-json\/wp\/v2\/types\/product"}],"replies":[{"embeddable":true,"href":"https:\/\/pruebas.michollo.to\/fr\/wp-json\/wp\/v2\/comments?post=720"}],"wp:featuredmedia":[{"embeddable":true,"href":"https:\/\/pruebas.michollo.to\/fr\/wp-json\/wp\/v2\/media\/722"}],"wp:attachment":[{"href":"https:\/\/pruebas.michollo.to\/fr\/wp-json\/wp\/v2\/media?parent=720"}],"wp:term":[{"taxonomy":"product_brand","embeddable":true,"href":"https:\/\/pruebas.michollo.to\/fr\/wp-json\/wp\/v2\/product_brand?post=720"},{"taxonomy":"product_cat","embeddable":true,"href":"https:\/\/pruebas.michollo.to\/fr\/wp-json\/wp\/v2\/product_cat?post=720"},{"taxonomy":"product_tag","embeddable":true,"href":"https:\/\/pruebas.michollo.to\/fr\/wp-json\/wp\/v2\/product_tag?post=720"}],"curies":[{"name":"wp","href":"https:\/\/api.w.org\/{rel}","templated":true}]}}