{"id":8628,"date":"2024-09-30T16:33:50","date_gmt":"2024-09-30T14:33:50","guid":{"rendered":"https:\/\/www.minandovoy.com\/?post_type=product&#038;p=8628"},"modified":"2025-08-07T11:21:00","modified_gmt":"2025-08-07T09:21:00","slug":"asic-iceriver-ks2-lite-kaspa-kas-2-th-sv-preorder-noviembre","status":"publish","type":"product","link":"https:\/\/pruebas.michollo.to\/fr\/produit\/asic-iceriver-ks2-lite-kaspa-kas-2-th-sv-preorder-november\/","title":{"rendered":"ASIC ICERIVER KS2 LITE KASPA (KAS) - 2 TH\/s"},"content":{"rendered":"<p>Les\u00a0<strong>Iceriver Ks2 Lite(2Th) par Iceriver\u00a0 <\/strong>est un mineur ASIC haut de gamme, con\u00e7u sp\u00e9cifiquement pour l'algorithme <b>kHeavyHash<\/b>\u00a0. Avec un hashrate maximum de\u00a0<strong>2 Th\/s<\/strong>\u00a0et une consommation d'\u00e9nergie de\u00a0<strong>500w<\/strong>Cette machine est consid\u00e9r\u00e9e comme l'une des plus efficaces et des plus rentables du march\u00e9. Elle est id\u00e9ale pour ceux qui cherchent \u00e0 maximiser leurs revenus gr\u00e2ce au minage de crypto-monnaies. Ce mod\u00e8le sera disponible pour la premi\u00e8re fois en France.<strong> novembre 2024.<br \/>\n<\/strong><\/p>\n<div class=\"asicminer-widget-container\" style=\"width: 100%; min-height: 300px;\">\n            <iframe id=\"asicminer-widget-6798\" \n                    src=\"https:\/\/pruebas.michollo.to\/wp-content\/themes\/minandovoy\/proxy-widget.php?miner=iceriver\/ks2-lite&#038;type=profit&#038;theme=dark\" \n                    width=\"100%\" \n                    height=\"300\" \n                    frameborder=\"0\"\n                    loading=\"lazy\"\n                    style=\"border: none; overflow: hidden;\"\n                    title=\"ASIC Miner Widget\">\n            <\/iframe>\n        <\/div>\n<h4>Sp\u00e9cifications<\/h4>\n<ul>\n<li><strong>Fabricant :<\/strong> Iceriver<\/li>\n<li><strong>Mod\u00e8le :<\/strong> \u00a0Iceriver Ks2 Lite(2Th Kaspa Miner (2Th\/s)<\/li>\n<li><strong>\u00c9galement connu sous le nom de :<\/strong> IceRiver KS2 Lite<\/li>\n<li><strong>Lancement :<\/strong> Octobre 2024<\/li>\n<li><strong>Taille :<\/strong> 198 x 201 x 110 (mm)<\/li>\n<li><strong>Poids :<\/strong> 5000g<\/li>\n<li><strong>Niveau sonore :<\/strong> 75 db<\/li>\n<li><strong>R\u00e9frig\u00e9ration :<\/strong> Air<\/li>\n<li><strong>Les fans :<\/strong> 4<\/li>\n<li><strong>Consommation d'\u00e9nergie :<\/strong> 500W<\/li>\n<li><strong>Interface :<\/strong> Ethernet<\/li>\n<li><strong>Temp\u00e9rature de fonctionnement :<\/strong> 5 - 45 \u00b0C<\/li>\n<li><strong>Humidit\u00e9 :<\/strong> 5 &#8211; 95%<\/li>\n<\/ul>\n<p>Optimisez vos op\u00e9rations mini\u00e8res gr\u00e2ce \u00e0 la <strong>Iceriver Ks2 Lite(2Th) <\/strong> et tirez le meilleur parti de sa puissance et de son efficacit\u00e9 !<\/p>","protected":false},"excerpt":{"rendered":"<p>El\u00a0Iceriver Ks2 Lite(2Th) de Iceriver\u00a0 es un minero ASIC de alta gama, dise\u00f1ado espec\u00edficamente para el algoritmo kHeavyHash\u00a0. Con un hashrate m\u00e1ximo de\u00a02 Th\/s\u00a0y un consumo de energ\u00eda de\u00a0500w, esta m\u00e1quina se posiciona como una de las m\u00e1s eficientes y rentables del mercado. Ideal para quienes buscan maximizar sus ingresos en la miner\u00eda de criptomonedas. [&hellip;]<\/p>\n","protected":false},"featured_media":8616,"comment_status":"open","ping_status":"closed","template":"","meta":[],"product_brand":[],"product_cat":[19],"product_tag":[52,244,137],"class_list":{"0":"post-8628","1":"product","2":"type-product","3":"status-publish","4":"has-post-thumbnail","6":"product_cat-mineros","7":"product_tag-asic","8":"product_tag-gme","9":"product_tag-mineros-para-principiantes","10":"product_shipping_class-internacional","12":"first","13":"outofstock","14":"taxable","15":"shipping-taxable","16":"purchasable","17":"product-type-simple"},"_links":{"self":[{"href":"https:\/\/pruebas.michollo.to\/fr\/wp-json\/wp\/v2\/product\/8628","targetHints":{"allow":["GET"]}}],"collection":[{"href":"https:\/\/pruebas.michollo.to\/fr\/wp-json\/wp\/v2\/product"}],"about":[{"href":"https:\/\/pruebas.michollo.to\/fr\/wp-json\/wp\/v2\/types\/product"}],"replies":[{"embeddable":true,"href":"https:\/\/pruebas.michollo.to\/fr\/wp-json\/wp\/v2\/comments?post=8628"}],"wp:featuredmedia":[{"embeddable":true,"href":"https:\/\/pruebas.michollo.to\/fr\/wp-json\/wp\/v2\/media\/8616"}],"wp:attachment":[{"href":"https:\/\/pruebas.michollo.to\/fr\/wp-json\/wp\/v2\/media?parent=8628"}],"wp:term":[{"taxonomy":"product_brand","embeddable":true,"href":"https:\/\/pruebas.michollo.to\/fr\/wp-json\/wp\/v2\/product_brand?post=8628"},{"taxonomy":"product_cat","embeddable":true,"href":"https:\/\/pruebas.michollo.to\/fr\/wp-json\/wp\/v2\/product_cat?post=8628"},{"taxonomy":"product_tag","embeddable":true,"href":"https:\/\/pruebas.michollo.to\/fr\/wp-json\/wp\/v2\/product_tag?post=8628"}],"curies":[{"name":"wp","href":"https:\/\/api.w.org\/{rel}","templated":true}]}}