{"id":8639,"date":"2024-09-30T17:33:26","date_gmt":"2024-09-30T15:33:26","guid":{"rendered":"https:\/\/www.minandovoy.com\/?post_type=product&#038;p=8639"},"modified":"2025-08-06T17:53:32","modified_gmt":"2025-08-06T15:53:32","slug":"goldshell-al-box-iii","status":"publish","type":"product","link":"https:\/\/pruebas.michollo.to\/fr\/produit\/goldshell-al-box-iii\/","title":{"rendered":"Goldshell AL-BOX III"},"content":{"rendered":"<p>Les<strong> Goldshell AL BOX III <\/strong>repr\u00e9sente une mise \u00e0 jour de son pr\u00e9d\u00e9cesseur, le <strong>Goldshell AL BOX<\/strong>qui permet de doubler le hashrate et, par cons\u00e9quent, de doubler les profits. Con\u00e7u pour le minage de pi\u00e8ces de monnaie<strong> ALPH<\/strong>le mineur ASIC Goldshell AL Box <strong>1,25 Th\/s 600W<\/strong> se distingue par son efficacit\u00e9 pour les op\u00e9rations mini\u00e8res domestiques. Sa combinaison de performances puissantes et d'efficacit\u00e9 \u00e9nerg\u00e9tique en fait un excellent choix pour ceux qui cherchent \u00e0 am\u00e9liorer leur rentabilit\u00e9 tout en r\u00e9duisant leurs co\u00fbts d'exploitation.<\/p>\n<div class=\"asicminer-widget-container\" style=\"width: 100%; min-height: 300px;\">\n            <iframe id=\"asicminer-widget-7951\" \n                    src=\"https:\/\/pruebas.michollo.to\/wp-content\/themes\/minandovoy\/proxy-widget.php?miner=goldshell\/al-box-iii&#038;type=profit&#038;theme=dark\" \n                    width=\"100%\" \n                    height=\"300\" \n                    frameborder=\"0\"\n                    loading=\"lazy\"\n                    style=\"border: none; overflow: hidden;\"\n                    title=\"ASIC Miner Widget\">\n            <\/iframe>\n        <\/div>\n<p>Sp\u00e9cifications<br \/>\nFabricant : Goldshell<br \/>\nMod\u00e8le : Goldshell AL BOX III<br \/>\nAussi connu sous le nom de : Goldshell AL BOX III - ALPH (Alephium) Miner<br \/>\nDate de lancement : septembre 2024<br \/>\nTaille : 300 x 200 x 142 mm<br \/>\nPoids : 3100 g<br \/>\nNiveau sonore : 55 db<br \/>\nVentilateurs : 2<br \/>\nTaux de hachage : 1,25 Th<br \/>\nConsommation \u00e9lectrique : 600 W<br \/>\nConnexion : Ethernet<br \/>\nTemp\u00e9rature de fonctionnement : 5 - 35 \u00b0C<\/p>","protected":false},"excerpt":{"rendered":"<p>El Goldshell AL BOX III representa una actualizaci\u00f3n de su predecesor, el Goldshell AL BOX, que cuenta con el doble de hashrate y, en consecuencia, duplica las ganancias. Dise\u00f1ado para la miner\u00eda de monedas ALPH, el minero ASIC Goldshell AL Box 1.25 Th\/s 600W destaca por su eficiencia para las operaciones mineras dom\u00e9sticas. Su combinaci\u00f3n [&hellip;]<\/p>\n","protected":false},"featured_media":3936,"comment_status":"open","ping_status":"closed","template":"","meta":[],"product_brand":[],"product_cat":[19],"product_tag":[244,53,138,137],"class_list":{"0":"post-8639","1":"product","2":"type-product","3":"status-publish","4":"has-post-thumbnail","6":"product_cat-mineros","7":"product_tag-gme","8":"product_tag-goldshell-miner","9":"product_tag-mineros-para-avanzados","10":"product_tag-mineros-para-principiantes","12":"first","13":"outofstock","14":"featured","15":"taxable","16":"shipping-taxable","17":"purchasable","18":"product-type-simple"},"_links":{"self":[{"href":"https:\/\/pruebas.michollo.to\/fr\/wp-json\/wp\/v2\/product\/8639","targetHints":{"allow":["GET"]}}],"collection":[{"href":"https:\/\/pruebas.michollo.to\/fr\/wp-json\/wp\/v2\/product"}],"about":[{"href":"https:\/\/pruebas.michollo.to\/fr\/wp-json\/wp\/v2\/types\/product"}],"replies":[{"embeddable":true,"href":"https:\/\/pruebas.michollo.to\/fr\/wp-json\/wp\/v2\/comments?post=8639"}],"wp:featuredmedia":[{"embeddable":true,"href":"https:\/\/pruebas.michollo.to\/fr\/wp-json\/wp\/v2\/media\/3936"}],"wp:attachment":[{"href":"https:\/\/pruebas.michollo.to\/fr\/wp-json\/wp\/v2\/media?parent=8639"}],"wp:term":[{"taxonomy":"product_brand","embeddable":true,"href":"https:\/\/pruebas.michollo.to\/fr\/wp-json\/wp\/v2\/product_brand?post=8639"},{"taxonomy":"product_cat","embeddable":true,"href":"https:\/\/pruebas.michollo.to\/fr\/wp-json\/wp\/v2\/product_cat?post=8639"},{"taxonomy":"product_tag","embeddable":true,"href":"https:\/\/pruebas.michollo.to\/fr\/wp-json\/wp\/v2\/product_tag?post=8639"}],"curies":[{"name":"wp","href":"https:\/\/api.w.org\/{rel}","templated":true}]}}