{"id":994,"date":"2022-11-21T14:06:51","date_gmt":"2022-11-21T16:06:51","guid":{"rendered":"https:\/\/www.minandovoy.com\/?post_type=product&#038;p=994"},"modified":"2026-02-23T13:21:53","modified_gmt":"2026-02-23T12:21:53","slug":"antminer-k7-63-5t","status":"publish","type":"product","link":"https:\/\/pruebas.michollo.to\/fr\/produit\/antminer-k7-63-5t\/","title":{"rendered":"Bitmain Antminer K7 63.5T"},"content":{"rendered":"<h2 id=\"h-consecuencias-del-merge-de-ethereum\">Une valeur s\u00fbre pour Bitmain, Antminer K7.<\/h2>\n<p>Vous pensez que nous ne pouvons pas vous surprendre ? Attendez, restez et lisez tout !<br \/>\nnouvelle machine pour <a href=\"https:\/\/www.minandovoy.com\/antminer-k7-nuevo-lanzamiento-de-bitmain\/\">Bitmain ANTMINER K7<\/a>!<\/p>\n<p>Il s'agit de l'Antminer K7, qui a une puissance mini\u00e8re de 63,5T et une consommation \u00e9lectrique de 3 080w\/h. Cette machine exploite l'algorithme EAGLESONG, dont la seule monnaie est le Nervos.<\/p>\n<p>Ils ont une consommation d'\u00e9nergie de 3080W par heure, ils g\u00e9n\u00e8rent <strong>40$<\/strong> par jour.<br \/>\nCet ASIC exploite l'algorithme EAGLESONG, dont la seule monnaie est le c\u00e9l\u00e8bre Nervos.<\/p>\n<div class=\"asicminer-widget-container\" style=\"width: 100%; min-height: 300px;\">\n            <iframe id=\"asicminer-widget-2378\" \n                    src=\"https:\/\/pruebas.michollo.to\/wp-content\/themes\/minandovoy\/proxy-widget.php?miner=bitmain\/antminer-k7-63-5th&#038;type=profit&#038;theme=dark\" \n                    width=\"100%\" \n                    height=\"300\" \n                    frameborder=\"0\"\n                    loading=\"lazy\"\n                    style=\"border: none; overflow: hidden;\"\n                    title=\"ASIC Miner Widget\">\n            <\/iframe>\n        <\/div>\n<p>Nous vous en disons un peu plus :<\/p>\n<p><b>Nervos, et son r\u00e9seau minier :<\/b><\/p>\n<p>Le minage Nervos (CKB) d\u00e9signe le processus de validation des transactions et de s\u00e9curisation du r\u00e9seau de la plateforme blockchain Nervos, qui utilise l'algorithme de consensus Proof-of-Work (PoW).<\/p>\n<ol>\n<li><strong>Algorithme de consensus<\/strong>Nervos utilise l'algorithme de consensus Proof-of-Work (PoW) pour garantir la s\u00e9curit\u00e9 et l'int\u00e9grit\u00e9 du r\u00e9seau. L'algorithme PoW implique que les mineurs r\u00e9solvent des probl\u00e8mes cryptographiques complexes en utilisant leur puissance de traitement et en rivalisant pour trouver la bonne solution.<\/li>\n<li><strong>Algorithme de hachage :<\/strong> L'algorithme de hachage utilis\u00e9 dans l'exploitation mini\u00e8re de Nervos est Eaglesong. Eaglesong est un algorithme de hachage cryptographique con\u00e7u sp\u00e9cifiquement pour Nervos et utilis\u00e9 pour calculer les blocs de la blockchain et garantir l'int\u00e9grit\u00e9 des transactions.<\/li>\n<li><strong>R\u00e9compenses mini\u00e8res<\/strong>Les mineurs de Nervos re\u00e7oivent des r\u00e9compenses pour leur participation au processus d'extraction. Les r\u00e9compenses comprennent \u00e0 la fois les pi\u00e8ces CKB nouvellement cr\u00e9\u00e9es et les frais de transaction pay\u00e9s par les utilisateurs. Les r\u00e9compenses sont distribu\u00e9es aux mineurs en fonction de leur puissance de hachage et de leur contribution au processus d'extraction.<\/li>\n<li><strong>Mat\u00e9riel d'exploitation mini\u00e8re<\/strong>L'exploitation mini\u00e8re de Nervos peut \u00eatre r\u00e9alis\u00e9e \u00e0 l'aide de mat\u00e9riel ASIC, comme la nouvelle machine que Bitmain a lanc\u00e9e, l'Antminer K7 63.5T.<\/li>\n<li><strong>Pools miniers<\/strong>Comme pour les autres crypto-monnaies, les mineurs de Nervos ont la possibilit\u00e9 de rejoindre des pools miniers. Les pools miniers permettent aux mineurs de combiner leur puissance de hachage et d'augmenter leurs chances de r\u00e9soudre des blocs et de recevoir des r\u00e9compenses plus r\u00e9guli\u00e8rement. Les r\u00e9compenses sont distribu\u00e9es entre les membres du pool en fonction de leur contribution relative \u00e0 la puissance de hachage totale du pool.<\/li>\n<li><strong>Rentabilit\u00e9 et facteurs \u00e0 prendre en compte<\/strong>La rentabilit\u00e9 du minage de Nervos d\u00e9pend de plusieurs facteurs, tels que le co\u00fbt de l'\u00e9lectricit\u00e9, le prix des crypto-monnaies, la difficult\u00e9 du r\u00e9seau et l'efficacit\u00e9 du mat\u00e9riel utilis\u00e9. Il est important de prendre en compte ces facteurs et d'effectuer des calculs de rentabilit\u00e9 avant de se lancer dans le minage.<\/li>\n<\/ol>\n<p><strong>Jeton CKB<\/strong><\/p>\n<p>Le jeton CKB est la crypto-monnaie native de la plateforme blockchain Nervos Network.<\/p>\n<ol>\n<li>F<strong>l'onction et l'utilit\u00e9<\/strong>La CKB, abr\u00e9viation de \"Common Knowledge Base\", est utilis\u00e9e comme monnaie d'\u00e9change dans le r\u00e9seau Nervos. Elle a plusieurs fonctions et utilit\u00e9s au sein de l'\u00e9cosyst\u00e8me Nervos :\n<ul>\n<li>Paiement des frais : Les utilisateurs du r\u00e9seau Nervos doivent payer un petit montant de CKB pour envoyer des transactions ou ex\u00e9cuter des contrats intelligents sur le r\u00e9seau.<\/li>\n<li>Incitations pour les mineurs : les mineurs qui s\u00e9curisent le r\u00e9seau et valident les transactions re\u00e7oivent \u00e9galement des r\u00e9compenses sous la forme de nouvelles pi\u00e8ces CKB. Ces r\u00e9compenses sont une combinaison de blocs nouvellement g\u00e9n\u00e9r\u00e9s et de frais de transaction per\u00e7us.<\/li>\n<li>Participation \u00e0 la gouvernance : les d\u00e9tenteurs d'OCC peuvent participer \u00e0 la gouvernance du r\u00e9seau, notamment en votant sur des propositions d'am\u00e9lioration et en participant \u00e0 la prise de d\u00e9cisions relatives \u00e0 l'\u00e9volution et au d\u00e9veloppement du r\u00e9seau Nervos.<\/li>\n<\/ul>\n<\/li>\n<li><strong>Approvisionnement et d\u00e9livrance<\/strong>L'offre totale de CKB est d'environ 33,6 milliards de jetons. Contrairement \u00e0 certaines crypto-monnaies dont l'offre est fixe, Nervos dispose d'un mod\u00e8le d'\u00e9mission inflationniste con\u00e7u pour encourager la participation des mineurs et garantir la s\u00e9curit\u00e9 \u00e0 long terme du r\u00e9seau. Il est pr\u00e9vu que l'\u00e9mission de CKB diminue progressivement au fil du temps.<\/li>\n<li><strong>Interop\u00e9rabilit\u00e9<\/strong>Le jeton CKB prend en charge les normes d'interop\u00e9rabilit\u00e9, ce qui signifie qu'il peut \u00eatre utilis\u00e9 dans des applications et des services \u00e0 l'int\u00e9rieur et \u00e0 l'ext\u00e9rieur de l'\u00e9cosyst\u00e8me Nervos. Cela permet le transfert de valeur entre diff\u00e9rentes blockchains et favorise l'int\u00e9gration de Nervos avec d'autres projets et plateformes.<\/li>\n<li><strong>Stockage de la valeur<\/strong>Outre son utilit\u00e9 au sein de l'\u00e9cosyst\u00e8me Nervos, le jeton CKB peut \u00e9galement \u00eatre utilis\u00e9 comme une forme de r\u00e9serve de valeur. Les utilisateurs peuvent d\u00e9tenir le CKB en tant qu'investissement \u00e0 long terme, en profitant de l'adoption croissante de Nervos et de la demande pour la crypto-monnaie.<\/li>\n<li><strong>March\u00e9s et \u00e9changes<\/strong>Jeton CKB : Le jeton CKB est r\u00e9pertori\u00e9 sur plusieurs \u00e9changes de cryptocurrency, permettant aux utilisateurs de l'acheter, de le vendre et de l'\u00e9changer. Comme d'autres cryptocurrencies, le prix du CKB est soumis \u00e0 l'offre et \u00e0 la demande du march\u00e9, ainsi qu'\u00e0 d'autres facteurs externes qui peuvent influencer sa valeur.<\/li>\n<\/ol>\n<p>&nbsp;<\/p>\n<p>&nbsp;<\/p>","protected":false},"excerpt":{"rendered":"<p>Apuesta segura para Bitmain, Antminer K7. \u00bfCrees que no podemos sorprenderte? \u00a1Espera, qu\u00e9date a leer todo sobre esta nueva m\u00e1quina de Bitmain ANTMINER K7! Se trata de la Antminer K7, que cuenta con una potencia de minado de 63.5T y un consumo el\u00e9ctrico de 3.080w\/h. Esta m\u00e1quina mina el algoritmo EAGLESONG, cuya \u00fanica moneda es [&hellip;]<\/p>\n","protected":false},"featured_media":995,"comment_status":"open","ping_status":"closed","template":"","meta":[],"product_brand":[],"product_cat":[19],"product_tag":[138],"class_list":{"0":"post-994","1":"product","2":"type-product","3":"status-publish","4":"has-post-thumbnail","6":"product_cat-mineros","7":"product_tag-mineros-para-avanzados","9":"first","10":"instock","11":"taxable","12":"shipping-taxable","13":"purchasable","14":"product-type-simple"},"_links":{"self":[{"href":"https:\/\/pruebas.michollo.to\/fr\/wp-json\/wp\/v2\/product\/994","targetHints":{"allow":["GET"]}}],"collection":[{"href":"https:\/\/pruebas.michollo.to\/fr\/wp-json\/wp\/v2\/product"}],"about":[{"href":"https:\/\/pruebas.michollo.to\/fr\/wp-json\/wp\/v2\/types\/product"}],"replies":[{"embeddable":true,"href":"https:\/\/pruebas.michollo.to\/fr\/wp-json\/wp\/v2\/comments?post=994"}],"wp:featuredmedia":[{"embeddable":true,"href":"https:\/\/pruebas.michollo.to\/fr\/wp-json\/wp\/v2\/media\/995"}],"wp:attachment":[{"href":"https:\/\/pruebas.michollo.to\/fr\/wp-json\/wp\/v2\/media?parent=994"}],"wp:term":[{"taxonomy":"product_brand","embeddable":true,"href":"https:\/\/pruebas.michollo.to\/fr\/wp-json\/wp\/v2\/product_brand?post=994"},{"taxonomy":"product_cat","embeddable":true,"href":"https:\/\/pruebas.michollo.to\/fr\/wp-json\/wp\/v2\/product_cat?post=994"},{"taxonomy":"product_tag","embeddable":true,"href":"https:\/\/pruebas.michollo.to\/fr\/wp-json\/wp\/v2\/product_tag?post=994"}],"curies":[{"name":"wp","href":"https:\/\/api.w.org\/{rel}","templated":true}]}}