{"id":176,"date":"2022-10-14T06:26:27","date_gmt":"2022-10-14T10:26:27","guid":{"rendered":"https:\/\/pruebas.michollo.to\/?page_id=176"},"modified":"2022-10-14T06:29:34","modified_gmt":"2022-10-14T10:29:34","slug":"preguntas-frecuentes","status":"publish","type":"page","link":"https:\/\/pruebas.michollo.to\/it\/domande-frequenti\/","title":{"rendered":"Domande frequenti"},"content":{"rendered":"<h2 class=\"wp-block-heading\"><strong>Che cos'\u00e8 un impianto di estrazione?<\/strong><\/h2>\n\n\n\n<p>In sostanza, un impianto di mining \u00e8 un computer composto da diverse schede grafiche (GPU) che lavorano insieme utilizzando la VRAM e la CPU per convalidare i trasferimenti all'interno della rete di una criptovaluta e ottenere una ricompensa.<\/p>\n\n\n\n<p>Il numero di schede grafiche e la loro potenza sono limitati dagli altri componenti dell'impianto: scheda madre e alimentatori. Sono consentiti impianti con un massimo di 13 schede grafiche.<\/p>\n\n\n\n<p>I loro principali vantaggi rispetto agli ASIC sono: un consumo energetico inferiore, un livello di rumore pi\u00f9 basso che ne consente l'installazione a casa e la possibilit\u00e0 di effettuare il mining di una variet\u00e0 di criptovalute.<\/p>\n\n\n\n<h2 class=\"wp-block-heading\"><strong>Dove e in quali condizioni installare un impianto di estrazione?<\/strong><\/h2>\n\n\n\n<p>Prima di installare un impianto, dobbiamo considerare le condizioni in cui deve trovarsi. Un impianto di mining si basa su diverse schede grafiche e altri componenti del computer che generano calore; pi\u00f9 schede grafiche installiamo, pi\u00f9 calore verr\u00e0 generato.<\/p>\n\n\n\n<p>\u00c8 necessario tenere presente che un impianto in un appartamento o in una casa deve trovarsi in una stanza con una temperatura compresa tra 9\u00ba e 27\u00ba e disporre di un cavo Internet con una connessione stabile direttamente al router o a uno switch.<\/p>\n\n\n\n<p>Il calore emesso dall'impianto pu\u00f2 essere utilizzato in parte per riscaldare un appartamento o una casa, poich\u00e9 \u00e8 una fonte di calore equivalente a una cucina da 1500W a 2500W.<\/p>\n\n\n\n<h2 class=\"wp-block-heading\">Quali criptovalute e algoritmi posso minare con i Minando Voy rig?<\/h2>\n\n\n\n<p>\u00c8 possibile estrarre queste criptovalute e altre ancora:<\/p>\n\n\n\n<ul class=\"wp-block-list\"><li>RVN - RavenCOIN<\/li><li>ERGO<\/li><li>Bitcoin Gold.<\/li><li>Ethereum ed Ethereum Classic.<\/li><li>Zcash<\/li><li>Monero<\/li><li>ZenClass e ZClassic<\/li><li>Moneta Pascal.<\/li><li>Decred<\/li><li>Pirl<\/li><li>Ellaismo<\/li><li>Ubiq<\/li><li>Distesa<\/li><li>Musicoin<\/li><li>Metaverso<\/li><li>Zencash<\/li><li>Elettroneo<\/li><li>Bytecoin<\/li><li>Siacoin<\/li><li>LBRY<\/li><\/ul>\n\n\n\n<p><\/p>\n\n\n\n<p>E algoritmi:<\/p>\n\n\n\n<ul class=\"wp-block-list\"><li>NeoScrypt<\/li><li>CriptoNotte<\/li><li>Equihash<\/li><li>Etica<\/li><li>Pascal<\/li><li>Lyra2REv2<\/li><li>Blake<\/li><\/ul>\n\n\n\n<h2 class=\"wp-block-heading\">Dovrei mettermi in proprio per estrarre criptovalute?<\/h2>\n\n\n\n<p><strong>L'acquisto di criptovalute non comporta l'obbligo di dichiararle.\u00a0<\/strong>nel reddito. Devono essere dichiarate solo al momento della vendita, quindi se non viene effettuato alcun movimento con le valute acquisite, non si pagano imposte, poich\u00e9 non c'\u00e8 alcun guadagno o perdita.<\/p>\n\n\n\n<p>Le transazioni in criptovaluta dovrebbero essere incluse nel&nbsp;<strong>casella 389<\/strong>&nbsp;della dichiarazione dei redditi.<\/p>\n\n\n\n<p>Il&nbsp;<strong>perdite<\/strong>&nbsp;nella vendita di criptovalute sar\u00e0 in grado di&nbsp;<strong>da compensare fino a 25%<\/strong>. Se la vendita di criptovalute comporta una perdita, questa viene compensata con le plusvalenze derivanti da altri trasferimenti e, se il risultato complessivo \u00e8 una perdita, pu\u00f2 essere compensata fino a 25% con le plusvalenze (se non ci sono plusvalenze, non possono essere compensate).<\/p>\n\n\n\n<p>Il&nbsp;<strong>il mining di criptovalute non implica un lavoro autonomo<\/strong>. Fare mining di criptovalute significa mettere a disposizione la potenza di elaborazione del computer, contribuendo a eseguire calcoli e a verificare le transazioni di valuta digitale. Trattandosi di un'attivit\u00e0 economica assimilabile a qualsiasi altro lavoro retribuito, anche se retribuito in criptovalute, \u00e8 obbligatorio rispettare gli obblighi che si applicano a questo tipo di lavoratori e dichiarare i guadagni con il modulo 720.<\/p>\n\n\n\n<p><strong>Si raccomanda di presentare il modulo 720<\/strong>&nbsp;nel caso in cui il valore delle criptovalute (o la somma delle criptovalute con i fondi o i titoli depositati in istituzioni finanziarie situate all'estero) superi i 50.000 euro.<\/p>\n\n\n\n<p>Nel caso in cui si sia obbligati a dichiarare l'imposta sul patrimonio, il valore delle criptovalute deve essere incluso al momento della dichiarazione dei redditi e pagato secondo l'aliquota applicabile. Questa imposta ha un'esenzione minima di 500.000 euro (che varia a seconda della comunit\u00e0 autonoma), il che significa che non \u00e8 necessario presentarla a meno che non si abbia un patrimonio netto superiore.Cosa succede dopo l'ingresso di Etherum 2.0?<\/p>\n\n\n\n<p>Quando Etherum passer\u00e0 dalla proof of work (PoW) alla proof of stake (PoS),<\/p>\n\n\n\n<p>non avr\u00e0 alcuna conseguenza, se non una semplice modifica della configurazione degli impianti.<\/p>\n\n\n\n<p>Le operazioni di mining di altre criptovalute sono identiche e le loro prestazioni sono talvolta addirittura superiori.<\/p>\n\n\n\n<p>Esistono molte alternative all'estrazione di Etherum e la fine dell'estrazione di Etherum non dovrebbe influenzare la visione di una piattaforma come investimento a lungo termine.<\/p>\n\n\n\n<p>Alcuni esempi sono il mining: TonCoin, Alephium, Ergo, Ravencoin, Flux ecc.<\/p>\n\n\n\n<p>Oltre alle opzioni Dual Mining.<\/p>\n\n\n\n<h2 class=\"wp-block-heading\">Che cos'\u00e8 il Dual Mining?<\/h2>\n\n\n\n<p>Il nome dual mining parla da s\u00e9: si tratta di una forma di mining parallelo di due diverse criptovalute. Un miner deve scegliere la prima, la moneta principale e una secondaria. L'aumento del carico fa s\u00ec che il carico di lavoro per le GPU sia maggiore, ma i guadagni aumentano notevolmente tra un 25% e un 40%. Questo riduce notevolmente il tempo di recupero (ROI) del Rig, oltre a diversificare la nostra scommessa nel mondo delle criptovalute.<\/p>\n\n\n\n<p>Esiste la possibilit\u00e0 di ottenere due valute diverse contemporaneamente utilizzando un unico Rig, ed \u00e8 il principale vantaggio di questo metodo che lo rende molto interessante per massimizzare le prestazioni dei Rig.<\/p>\n\n\n\n<p>Le combinazioni pi\u00f9 redditizie sono attualmente il dual mining di Etherum+Toncoin e Etherum+Alephium.<br>\u00a0<\/p>","protected":false},"excerpt":{"rendered":"<p>\u00bfQu\u00e9 es un rig de miner\u00eda? Esencialmente un rig de miner\u00eda es un ordenador compuesto por varias tarjetas gr\u00e1ficas ( GPU\u00b4s) que trabajan en conjunto utilizando su memoria VRAM y CPU para validar las transferencias dentro de la red de una criptomoneda y obtener as\u00ed una recompensa. La cantidad de tarjetas gr\u00e1ficas y su potencia [&hellip;]<\/p>\n","protected":false},"author":1,"featured_media":0,"parent":0,"menu_order":0,"comment_status":"closed","ping_status":"closed","template":"page-faq.php","meta":{"footnotes":""},"class_list":["post-176","page","type-page","status-publish","hentry"],"_links":{"self":[{"href":"https:\/\/pruebas.michollo.to\/it\/wp-json\/wp\/v2\/pages\/176","targetHints":{"allow":["GET"]}}],"collection":[{"href":"https:\/\/pruebas.michollo.to\/it\/wp-json\/wp\/v2\/pages"}],"about":[{"href":"https:\/\/pruebas.michollo.to\/it\/wp-json\/wp\/v2\/types\/page"}],"author":[{"embeddable":true,"href":"https:\/\/pruebas.michollo.to\/it\/wp-json\/wp\/v2\/users\/1"}],"replies":[{"embeddable":true,"href":"https:\/\/pruebas.michollo.to\/it\/wp-json\/wp\/v2\/comments?post=176"}],"version-history":[{"count":0,"href":"https:\/\/pruebas.michollo.to\/it\/wp-json\/wp\/v2\/pages\/176\/revisions"}],"wp:attachment":[{"href":"https:\/\/pruebas.michollo.to\/it\/wp-json\/wp\/v2\/media?parent=176"}],"curies":[{"name":"wp","href":"https:\/\/api.w.org\/{rel}","templated":true}]}}