{"id":189,"date":"2022-10-14T06:35:20","date_gmt":"2022-10-14T10:35:20","guid":{"rendered":"https:\/\/pruebas.michollo.to\/?page_id=189"},"modified":"2022-10-14T06:35:21","modified_gmt":"2022-10-14T10:35:21","slug":"normas-garantia-asic","status":"publish","type":"page","link":"https:\/\/pruebas.michollo.to\/it\/asic-garanzia-standard\/","title":{"rendered":"Norme Garanzia ASIC"},"content":{"rendered":"<p>RACCOMANDAZIONI PER LA PERDITA DELLA GARANZIA:<\/p>\n\n\n\n<p>- L'apparecchiatura non deve trovarsi in un luogo con una temperatura ambiente superiore a 16 gradi Celsius, in quanto ci\u00f2 causerebbe il surriscaldamento della macchina, compromettendone il corretto funzionamento.<\/p>\n\n\n\n<p>- Il luogo di funzionamento dell'apparecchiatura non deve essere un luogo umido, a causa del basso livello di tolleranza della piastra all'acqua.<\/p>\n\n\n\n<p>- \u00c8 necessario verificare l'amperaggio con cui viene alimentata l'apparecchiatura, in quanto potrebbe causare un cortocircuito nell'ASIC che potrebbe portare al guasto della macchina.<\/p>\n\n\n\n<p>- Qualsiasi configurazione o modifica dell'ASIC deve essere verificata e approvata dal servizio tecnico MINANDOVOY; non saremo responsabili delle modifiche apportate da un'altra azienda o dal cliente.<\/p>\n\n\n\n<p>- L'apparecchiatura non deve essere urtata o fatta cadere, per non invalidare la garanzia per negligenza del cliente.<\/p>\n\n\n\n<p>- In caso di malfunzionamento dell'ASIC, \u00e8 necessario contattare il team di assistenza e non intraprendere la riparazione da soli, poich\u00e9 lo smontaggio, la manomissione o la rimozione dell'involucro dell'ASIC comportano l'immediata perdita della garanzia.<\/p>\n\n\n\n<p>- Nel caso in cui la macchina abbia subito danni durante il trasporto o un componente abbia smesso di funzionare a causa di un difetto di fabbricazione della macchina, MINANDO VOY si far\u00e0 carico della riparazione (sempre entro il periodo di garanzia). Il cliente deve inviare la macchina in buone condizioni di imballaggio, sicura e con protezioni. Se la macchina arriva senza protezioni e con un cattivo imballaggio, MINANDO VOY non sar\u00e0 responsabile della riparazione.<\/p>\n\n\n\n<p>- L'apparecchiatura necessita di una manutenzione prolungata nel tempo (consigliata da 2 a 3 volte l'anno). Se un componente viene danneggiato a causa della mancata manutenzione, viene dichiarato FUORI GARANZIA. Ricordate che siamo qui per aiutarvi, contattateci per una consulenza professionale e non commettete nessuno degli errori sopra citati.<\/p>","protected":false},"excerpt":{"rendered":"<p>RECOMENDACIONES POR P\u00c9RDIDA DE GARANT\u00cdA: \u2022 El equipo no puede estar en un lugar con una temperatura ambiente de m\u00e1s de 16 grados Celsius, esto ocasionar\u00eda recalentamiento de la m\u00e1quina, lo cual perjudica el funcionamiento adecuado del equipo. \u2022 El lugar de funcionamiento del equipo no puede ser un lugar h\u00famedo, debido al bajo nivel [&hellip;]<\/p>\n","protected":false},"author":1,"featured_media":0,"parent":0,"menu_order":0,"comment_status":"closed","ping_status":"closed","template":"","meta":{"footnotes":""},"class_list":["post-189","page","type-page","status-publish","hentry"],"_links":{"self":[{"href":"https:\/\/pruebas.michollo.to\/it\/wp-json\/wp\/v2\/pages\/189","targetHints":{"allow":["GET"]}}],"collection":[{"href":"https:\/\/pruebas.michollo.to\/it\/wp-json\/wp\/v2\/pages"}],"about":[{"href":"https:\/\/pruebas.michollo.to\/it\/wp-json\/wp\/v2\/types\/page"}],"author":[{"embeddable":true,"href":"https:\/\/pruebas.michollo.to\/it\/wp-json\/wp\/v2\/users\/1"}],"replies":[{"embeddable":true,"href":"https:\/\/pruebas.michollo.to\/it\/wp-json\/wp\/v2\/comments?post=189"}],"version-history":[{"count":0,"href":"https:\/\/pruebas.michollo.to\/it\/wp-json\/wp\/v2\/pages\/189\/revisions"}],"wp:attachment":[{"href":"https:\/\/pruebas.michollo.to\/it\/wp-json\/wp\/v2\/media?parent=189"}],"curies":[{"name":"wp","href":"https:\/\/api.w.org\/{rel}","templated":true}]}}