{"id":1113,"date":"2022-11-29T14:02:14","date_gmt":"2022-11-29T16:02:14","guid":{"rendered":"https:\/\/www.minandovoy.com\/?post_type=product&#038;p=1113"},"modified":"2025-05-09T14:47:19","modified_gmt":"2025-05-09T12:47:19","slug":"whatsminer-m36s-148-172th","status":"publish","type":"product","link":"https:\/\/pruebas.michollo.to\/it\/prodotto\/whatsminer-m36s-148-172th\/","title":{"rendered":"Whatsminer M36S++ 148\/172TH"},"content":{"rendered":"<p>Whatsminer M36S++ la nuova macchina per il mining di Bitcoin (SHA-256) con una potenza di calcolo di 148\/172T e un consumo energetico di 7000W\/ora.<\/p>\n<p>\u00c8 raffreddato idraulicamente, il grande vantaggio \u00e8 che si evita il surriscaldamento della macchina e il rumore che genera \u00e8 quasi nullo, poich\u00e9 non monta ventole ad alto flusso.<\/p>\n<div class=\"currency-container d-inline-block\"><\/div>\n<p><strong>UN PO' DI BITCOIN<\/strong><\/p>\n<p>\u00c8 la prima criptovaluta ad essere stata sviluppata e, quindi, quella che ha aperto la strada a tutte le altre che sono arrivate successivamente utilizzando la sua tecnologia blockchain.<\/p>\n<p>C'\u00e8 una quantit\u00e0 di Bitcoin che viene emessa ogni anno e questa quantit\u00e0 \u00e8 determinata dal suo algoritmo; ogni 4 anni la sua produzione viene ridotta di due, in modo da emettere solo un totale di 21 milioni di Bitcoin.<\/p>\n<p>Questa \u00e8 la grande differenza rispetto alle valute convenzionali, in quanto le banche ne modificano il valore. Ci\u00f2 significa che la criptovaluta, in questo caso il Bitcoin, pu\u00f2 offrire maggiore stabilit\u00e0 mentre le valute convenzionali si deprezzano.<\/p>\n<p>Oggi le criptovalute sono utilizzate come metodo di pagamento su molte piattaforme; la valuta di scambio nella maggior parte dei casi \u00e8 il Bitcoin, in quanto sicuro e privato.<\/p>\n<p>&nbsp;<\/p>\n<p><strong>PRINCIPALI VANTAGGI DEL BITCOIN<\/strong><\/p>\n<ol>\n<li>Velocit\u00e0: inviare denaro a se stessi, indipendentemente dall'importo e dalla destinazione, in pochi minuti.<\/li>\n<li>Economico: quando si effettua un bonifico tramite la propria banca pu\u00f2 costare molto, con Bitcoin il costo \u00e8 gratuito o di pochi centesimi.<\/li>\n<li>Globale: potete inviare ovunque nel mondo, non ha confini.<\/li>\n<li>Decentrata: nessun governo\/banca pu\u00f2 controllarla, n\u00e9 nella sua creazione n\u00e9 nella sua distribuzione.<\/li>\n<li>Propriet\u00e0: il denaro appartiene a voi 100%, non pu\u00f2 essere prelevato da nessuno, siete la vostra banca.<\/li>\n<li>Trasparente:  Tutte le transazioni sono pubbliche, ma sempre sotto pseudonimo.<\/li>\n<li>Emissione limitata: nessuno pu\u00f2 generare migliaia di Bitcoin solo perch\u00e9 ne ha voglia, compaiono grazie al mining.<\/li>\n<li>Privato: Bitcoin cerca di preservare la privacy, in misura molto elevata, anche se non \u00e8 completamente anonimo e lavora per esserlo.<\/li>\n<\/ol>","protected":false},"excerpt":{"rendered":"<p>Whatsminer M36S++ la nueva m\u00e1quina para la miner\u00eda de Bitcoin (SHA-256) con un poder computacional de 148\/172T y un consumo el\u00e9ctrico de\u00a0 7000W\/Hora. Tiene refrigeraci\u00f3n hidr\u00e1ulica, la gran ventaja es que evitas el sobrecalentamiento de la m\u00e1quina y el ruido que genera es casi nulo, ya que no monta ventiladores de alto flujo. UN POCO [&hellip;]<\/p>\n","protected":false},"featured_media":1112,"comment_status":"open","ping_status":"closed","template":"","meta":[],"product_brand":[],"product_cat":[19],"product_tag":[138],"class_list":{"0":"post-1113","1":"product","2":"type-product","3":"status-publish","4":"has-post-thumbnail","6":"product_cat-mineros","7":"product_tag-mineros-para-avanzados","9":"first","10":"outofstock","11":"taxable","12":"shipping-taxable","13":"purchasable","14":"product-type-variable"},"_links":{"self":[{"href":"https:\/\/pruebas.michollo.to\/it\/wp-json\/wp\/v2\/product\/1113","targetHints":{"allow":["GET"]}}],"collection":[{"href":"https:\/\/pruebas.michollo.to\/it\/wp-json\/wp\/v2\/product"}],"about":[{"href":"https:\/\/pruebas.michollo.to\/it\/wp-json\/wp\/v2\/types\/product"}],"replies":[{"embeddable":true,"href":"https:\/\/pruebas.michollo.to\/it\/wp-json\/wp\/v2\/comments?post=1113"}],"wp:featuredmedia":[{"embeddable":true,"href":"https:\/\/pruebas.michollo.to\/it\/wp-json\/wp\/v2\/media\/1112"}],"wp:attachment":[{"href":"https:\/\/pruebas.michollo.to\/it\/wp-json\/wp\/v2\/media?parent=1113"}],"wp:term":[{"taxonomy":"product_brand","embeddable":true,"href":"https:\/\/pruebas.michollo.to\/it\/wp-json\/wp\/v2\/product_brand?post=1113"},{"taxonomy":"product_cat","embeddable":true,"href":"https:\/\/pruebas.michollo.to\/it\/wp-json\/wp\/v2\/product_cat?post=1113"},{"taxonomy":"product_tag","embeddable":true,"href":"https:\/\/pruebas.michollo.to\/it\/wp-json\/wp\/v2\/product_tag?post=1113"}],"curies":[{"name":"wp","href":"https:\/\/api.w.org\/{rel}","templated":true}]}}