{"id":1265,"date":"2023-02-01T08:04:07","date_gmt":"2023-02-01T10:04:07","guid":{"rendered":"https:\/\/www.minandovoy.com\/?post_type=product&#038;p=1265"},"modified":"2025-08-06T17:07:47","modified_gmt":"2025-08-06T15:07:47","slug":"antminer-s19jxp-117-150th","status":"publish","type":"product","link":"https:\/\/pruebas.michollo.to\/it\/prodotto\/antminer-s19jxp-117-150\/","title":{"rendered":"Antminer S19J XP 117-151 TH"},"content":{"rendered":"<p><b>Che cos'\u00e8 Bitmain?<\/b><\/p>\n<p><em>Bitmain<\/em>\u00a0\u00e8 un'azienda con sede a Pechino, in Cina. \u00c8 considerata una delle aziende pi\u00f9 importanti nel settore delle criptovalute per la produzione di hardware di alta qualit\u00e0 con enormi capacit\u00e0 di mining e per i suoi progressi tecnologici. \u00c8 il pi\u00f9 grande progettista al mondo di <a href=\"https:\/\/www.minandovoy.com\/categoria\/mineros\/\">attrezzature\u00a0<em>ASIC<\/em><\/a>\u00a0per l'estrazione mineraria\u00a0<em>Bitcoin<\/em>.<\/p>\n<p>Bitmain \u00e8 nota soprattutto per l'hardware Bitcoin.<\/p>\n<div class=\"asicminer-widget-container\" style=\"width: 100%; min-height: 300px;\">\n            <iframe id=\"asicminer-widget-7379\" \n                    src=\"https:\/\/pruebas.michollo.to\/wp-content\/themes\/minandovoy\/proxy-widget.php?miner=bitmain\/antminer-s19j-xp-151th&#038;type=profit&#038;theme=dark\" \n                    width=\"100%\" \n                    height=\"300\" \n                    frameborder=\"0\"\n                    loading=\"lazy\"\n                    style=\"border: none; overflow: hidden;\"\n                    title=\"ASIC Miner Widget\">\n            <\/iframe>\n        <\/div>\n<h4><b>Bitmain, l'azienda numero 1 nel settore dei chip.<\/b><\/h4>\n<p><em>Bitmain<\/em>\u00a0\u00e8 un'azienda con sede a Pechino, in Cina. \u00c8 considerata una delle aziende pi\u00f9 importanti nel settore delle criptovalute per la produzione di hardware di alta qualit\u00e0 con enormi capacit\u00e0 di mining e per i suoi progressi tecnologici. \u00c8 il pi\u00f9 grande progettista al mondo di apparecchiature per il mining di criptovalute.\u00a0<em>ASIC<\/em>\u00a0per l'estrazione mineraria\u00a0<em>Bitcoin<\/em>.<\/p>\n<p>Bitmain \u00e8 nota soprattutto per il suo hardware Bitcoin, anche se \u00e8 interessata a progetti che portano solidit\u00e0 alla sua attivit\u00e0, come Ethereum\/Ethereum Classic.<\/p>\n<p>Nell'aprile del 2021, il grande produttore ha annunciato il lancio di una macchina per il mining di Ethreum, Antminer E9. Questa vera e propria bestia ha la potenza equivalente di 25 GPU Nvidia RTX 3080.<\/p>\n<p>&nbsp;<\/p>\n<h4>Estrazione dell'algoritmo SHA-256 per l'ANTMINER S19J PRO+<\/h4>\n<p>Il mining SHA-256 si riferisce al processo di convalida delle transazioni e di sicurezza della rete utilizzando questo algoritmo di hashing crittografico. Ecco alcune informazioni sul mining SHA-256:<\/p>\n<ol>\n<li><strong>Algoritmo di hashing SHA-256<\/strong>SHA-256 (Secure Hash Algorithm 256-bit) \u00e8 un algoritmo crittografico ampiamente utilizzato nel mining di criptovalute, tra cui Bitcoin. \u00c8 un algoritmo che genera un hash a 256 bit, che garantisce un'elevata sicurezza e resistenza alla manipolazione.<\/li>\n<li><strong>Prova di lavoro (Proof-of-Work)<\/strong>Il mining di SHA-256 si basa sul consenso Proof-of-Work (PoW). I minatori competono per risolvere un complesso problema matematico utilizzando la loro potenza di elaborazione per trovare un valore hash valido che soddisfi determinati requisiti stabiliti dall'algoritmo. Questo processo richiede una grande quantit\u00e0 di energia e di potenza di calcolo.<\/li>\n<li><strong>Hardware per l'estrazione mineraria<\/strong>Il mining SHA-256 richiede hardware specializzato noto come ASIC (Application-Specific Integrated Circuits). Questi dispositivi sono progettati specificamente per eseguire in modo efficiente i calcoli di hash e hanno un'elevata potenza di elaborazione rispetto alle GPU o alle CPU convenzionali.<\/li>\n<li><strong>Pool di estrazione mineraria<\/strong>SHA-256: a causa della crescente difficolt\u00e0 del mining di SHA-256 e della concorrenza tra minatori, molti scelgono di unirsi a pool di mining. Questi pool consentono ai minatori di combinare la loro potenza di elaborazione e di aumentare le possibilit\u00e0 di risolvere i blocchi e di ricevere ricompense su base pi\u00f9 regolare. Le ricompense sono distribuite tra i membri del pool in base al loro contributo alla potenza di hashing totale del pool.<\/li>\n<li><strong>Redditivit\u00e0 e considerazioni<\/strong>La redditivit\u00e0 del mining di SHA-256 dipende da diversi fattori, come il costo dell'elettricit\u00e0, il prezzo del token estratto, la difficolt\u00e0 della rete e l'efficienza dell'hardware utilizzato. Il mining di SHA-256 su reti come Bitcoin \u00e8 altamente competitivo e richiede un significativo investimento iniziale in hardware ed elettricit\u00e0. \u00c8 importante eseguire un calcolo costi-benefici e prendere in considerazione i costi associati prima di impegnarsi nel mining di SHA-256.<\/li>\n<\/ol>\n<p>&nbsp;<\/p>\n<h4><strong>PRINCIPALI VANTAGGI DEL BITCOIN<\/strong><\/h4>\n<ol>\n<li>Velocit\u00e0: inviare denaro a se stessi, indipendentemente dall'importo e dalla destinazione, in pochi minuti.<\/li>\n<li>Economico: quando si effettua un bonifico tramite la propria banca pu\u00f2 costare molto, con Bitcoin il costo \u00e8 gratuito o di pochi centesimi.<\/li>\n<li>Globale: potete inviare ovunque nel mondo, non ha confini.<\/li>\n<li>Decentrata: nessun governo\/banca pu\u00f2 controllarla, n\u00e9 nella sua creazione n\u00e9 nella sua distribuzione.<\/li>\n<li>Propriet\u00e0: il denaro appartiene a voi 100%, non pu\u00f2 essere prelevato da nessuno, siete la vostra banca.<\/li>\n<li>Trasparente:  Tutte le transazioni sono pubbliche, ma sempre sotto pseudonimo.<\/li>\n<li>Emissione limitata: nessuno pu\u00f2 generare migliaia di Bitcoin solo perch\u00e9 ne ha voglia, compaiono grazie al mining.<\/li>\n<li>Privato: Bitcoin cerca di preservare la privacy, in misura molto elevata, anche se non \u00e8 completamente anonimo e lavora per esserlo.<\/li>\n<\/ol>","protected":false},"excerpt":{"rendered":"<p>\u00bfQu\u00e9 es Bitmain? Bitmain\u00a0es una compa\u00f1\u00eda con sede en Beijing, China. Es considerada una de las compa\u00f1\u00edas m\u00e1s importantes en la industria de criptomonedas al generar hardware de miner\u00eda\u00a0de alta calidad, con enormes capacidades mineras y por sus avances tecnol\u00f3gicos. Es la dise\u00f1adora\u00a0m\u00e1s grande del mundo\u00a0de equipos\u00a0ASIC\u00a0para la miner\u00eda\u00a0Bitcoin. Bitmain, es mayormente reconocido por el [&hellip;]<\/p>\n","protected":false},"featured_media":1267,"comment_status":"open","ping_status":"closed","template":"","meta":[],"product_brand":[],"product_cat":[19],"product_tag":[138,137,49],"class_list":{"0":"post-1265","1":"product","2":"type-product","3":"status-publish","4":"has-post-thumbnail","6":"product_cat-mineros","7":"product_tag-mineros-para-avanzados","8":"product_tag-mineros-para-principiantes","9":"product_tag-preorder","11":"first","12":"instock","13":"featured","14":"taxable","15":"shipping-taxable","16":"purchasable","17":"product-type-variable","18":"has-default-attributes"},"_links":{"self":[{"href":"https:\/\/pruebas.michollo.to\/it\/wp-json\/wp\/v2\/product\/1265","targetHints":{"allow":["GET"]}}],"collection":[{"href":"https:\/\/pruebas.michollo.to\/it\/wp-json\/wp\/v2\/product"}],"about":[{"href":"https:\/\/pruebas.michollo.to\/it\/wp-json\/wp\/v2\/types\/product"}],"replies":[{"embeddable":true,"href":"https:\/\/pruebas.michollo.to\/it\/wp-json\/wp\/v2\/comments?post=1265"}],"wp:featuredmedia":[{"embeddable":true,"href":"https:\/\/pruebas.michollo.to\/it\/wp-json\/wp\/v2\/media\/1267"}],"wp:attachment":[{"href":"https:\/\/pruebas.michollo.to\/it\/wp-json\/wp\/v2\/media?parent=1265"}],"wp:term":[{"taxonomy":"product_brand","embeddable":true,"href":"https:\/\/pruebas.michollo.to\/it\/wp-json\/wp\/v2\/product_brand?post=1265"},{"taxonomy":"product_cat","embeddable":true,"href":"https:\/\/pruebas.michollo.to\/it\/wp-json\/wp\/v2\/product_cat?post=1265"},{"taxonomy":"product_tag","embeddable":true,"href":"https:\/\/pruebas.michollo.to\/it\/wp-json\/wp\/v2\/product_tag?post=1265"}],"curies":[{"name":"wp","href":"https:\/\/api.w.org\/{rel}","templated":true}]}}