{"id":1375,"date":"2023-02-17T10:40:00","date_gmt":"2023-02-17T12:40:00","guid":{"rendered":"https:\/\/www.minandovoy.com\/?post_type=product&#038;p=1375"},"modified":"2025-05-09T14:47:17","modified_gmt":"2025-05-09T12:47:17","slug":"nvidia-rtx-3090-ti-founders-edition","status":"publish","type":"product","link":"https:\/\/pruebas.michollo.to\/it\/prodotto\/nvidia-rtx-3090-ti-founders-edition\/","title":{"rendered":"Nvidia - RTX 3090 TI Edizione Fondatori"},"content":{"rendered":"<div class=\"col-md-5\">\n<p>Le GeForce RTX\u2122 3090 Ti sono GPU (BFGPU) con prestazioni di classe TITAN. Grazie alla tecnologia Ampere, l'architettura RTX di seconda generazione di NVIDIA, raddoppiano le prestazioni di ray-tracing e AI con core di ray-tracing potenziati, core Tensor e nuovi multiprocessori di streaming. Inoltre, dispone di ben 24 GB di memoria G6X per offrire l'esperienza di gioco definitiva a giocatori e creatori.<\/p>\n<p>&nbsp;<\/p>\n<\/div>\n<h2>NVIDIA GeForce RTX 3090 Ti: specifiche tecniche<\/h2>\n<div>\n<div class=\"sc-lolKjB kRHEfD\">\n<p>La prima domanda che molti giocatori si pongono \u00e8 in che modo NVIDIA abbia migliorato il\u00a0<a href=\"https:\/\/www.pccomponentes.com\/tarjetas-graficas\/geforce-rtx-3090-series\">RTX 3090 Ti<\/a>\u00a0\u00e8 il modello pi\u00f9 potente dell'intera generazione RTX 30 di Ampere.\u00a0<b>stesso<\/b>\u00a0<b>GA102<\/b>ma si chiama con un nome diverso: GA102-350.<\/p>\n<\/div>\n<\/div>\n<div>\n<div class=\"sc-lolKjB kRHEfD\">\n<p>Stesso processo produttivo, stesse dimensioni del die, stessa memoria VRAM, stesso bus... ma ci sono due elementi fondamentali: una memoria\u00a0<b>GDRR6X a 21 Gbps<\/b>\u00a0y\u00a0<b>pi\u00f9 core CUDA<\/b>anche se i Tensor Cores e gli RT Cores sono stati leggermente aumentati.<\/p>\n<p>Tuttavia, l'evoluzione pi\u00f9 degna di nota in termini di potenza \u00e8 quella del\u00a0<b>Multiprocessori in streaming<\/b>Da 82 a 84, che si aggiungono a 7 Graphics Processing Clusters e 42 Texture Processing Clusters aggiuntivi, questa \u00e8 la GPU pi\u00f9 potente nella storia di questa piattaforma!<\/p>\n<p>Un altro importante miglioramento \u00e8 la\u00a0<b>frequenza<\/b>:<\/p>\n<ul>\n<li aria-level=\"1\"><b>Base<\/b>:\u00a0<b>1560<\/b>\u00a0<b>MHz<\/b>\u00a0rispetto ai 1395 MHz della RTX 3090.<\/li>\n<li aria-level=\"1\"><b>Turbo<\/b>:\u00a0<b>1860<\/b>\u00a0<b>MHz<\/b>\u00a0rispetto ai 1695 MHz.<\/li>\n<\/ul>\n<p>Detto questo, si vedr\u00e0 che il\u00a0<b>modelli<\/b>\u00a0<b>personalizzato<\/b>\u00a0hanno frequenze molto pi\u00f9 alte, soprattutto il turbo: raggiungono il\u00a0<b>1950 MHz<\/b>\u00a0nessun problema.<\/p>\n<p>Tutto questo banchetto di miglioramenti viene pagato con una moneta chiamata consumo: la\u00a0<b>TDP<\/b>\u00a0di\u00a0<b>aumenta di 100W<\/b>. Ci\u00f2 ha costretto NVIDIA a consigliare un alimentatore da 850 W per evitare colli di bottiglia indesiderati.<\/p>\n<p>Vedrete che la connessione PCIe \u00e8 cambiata perch\u00e9 \u00e8 dotata di una sola porta PCIe.\u00a0<b>12 pin<\/b>. Non c'\u00e8 da preoccuparsi, perch\u00e9 i produttori hanno incluso nella confezione un adattatore a 3 testine.<\/p>\n<p>Non solo, \u00e8 una GPU pi\u00f9 grande (ancora):\u00a0<b>70 mm di spessore<\/b>\u00a0che lo rende una GPU di\u00a0<b>3,5 slot<\/b>. Quindi, tenetelo a mente quando lo acquistate perch\u00e9 non entrer\u00e0 in molte scatole di PC.<\/p>\n<p>Infine, c'\u00e8 una grande differenza di prezzo:\u00a0<b>500 differenza<\/b>\u00a0($1499 contro $1999) rispetto alla RTX 3090. Tuttavia, la NVIDIA RTX 3090 Ti non soffre del sovrapprezzo che ha subito la RTX 3090, quindi i modelli originali sono pi\u00f9 costosi di quelli vitaminizzati.<\/p>\n<p>&nbsp;<\/p>\n<\/div>\n<\/div>\n<div class=\"article-asset-table article-asset-normal m-hr-scroll\">\n<div class=\"asset-content\">\n<h6>*Prodotto ricondizionato<\/h6>\n<\/div>\n<\/div>","protected":false},"excerpt":{"rendered":"<p>Las GeForce RTX\u2122 3090 Ti son GPU (BFGPU) con un rendimiento de clase TITAN. Con tecnolog\u00eda Ampere, la arquitectura RTX de segunda generaci\u00f3n de NVIDIA, duplican el trazado de rayos y el rendimiento de la IA con n\u00facleos de trazado de rayos mejorados, n\u00facleos Tensor y nuevos multiprocesadores de streaming. Adem\u00e1s, presenta unos asombrosos 24 [&hellip;]<\/p>\n","protected":false},"featured_media":1379,"comment_status":"open","ping_status":"closed","template":"","meta":[],"product_brand":[],"product_cat":[20],"product_tag":[],"class_list":{"0":"post-1375","1":"product","2":"type-product","3":"status-publish","4":"has-post-thumbnail","6":"product_cat-componentes","8":"first","9":"outofstock","10":"taxable","11":"shipping-taxable","12":"purchasable","13":"product-type-simple"},"_links":{"self":[{"href":"https:\/\/pruebas.michollo.to\/it\/wp-json\/wp\/v2\/product\/1375","targetHints":{"allow":["GET"]}}],"collection":[{"href":"https:\/\/pruebas.michollo.to\/it\/wp-json\/wp\/v2\/product"}],"about":[{"href":"https:\/\/pruebas.michollo.to\/it\/wp-json\/wp\/v2\/types\/product"}],"replies":[{"embeddable":true,"href":"https:\/\/pruebas.michollo.to\/it\/wp-json\/wp\/v2\/comments?post=1375"}],"wp:featuredmedia":[{"embeddable":true,"href":"https:\/\/pruebas.michollo.to\/it\/wp-json\/wp\/v2\/media\/1379"}],"wp:attachment":[{"href":"https:\/\/pruebas.michollo.to\/it\/wp-json\/wp\/v2\/media?parent=1375"}],"wp:term":[{"taxonomy":"product_brand","embeddable":true,"href":"https:\/\/pruebas.michollo.to\/it\/wp-json\/wp\/v2\/product_brand?post=1375"},{"taxonomy":"product_cat","embeddable":true,"href":"https:\/\/pruebas.michollo.to\/it\/wp-json\/wp\/v2\/product_cat?post=1375"},{"taxonomy":"product_tag","embeddable":true,"href":"https:\/\/pruebas.michollo.to\/it\/wp-json\/wp\/v2\/product_tag?post=1375"}],"curies":[{"name":"wp","href":"https:\/\/api.w.org\/{rel}","templated":true}]}}