{"id":1406,"date":"2023-02-20T13:41:52","date_gmt":"2023-02-20T15:41:52","guid":{"rendered":"https:\/\/www.minandovoy.com\/?post_type=product&#038;p=1406"},"modified":"2026-02-23T13:21:50","modified_gmt":"2026-02-23T12:21:50","slug":"antminer-k7-58th","status":"publish","type":"product","link":"https:\/\/pruebas.michollo.to\/it\/prodotto\/antminer-k7-58a\/","title":{"rendered":"Massimizzate il vostro potenziale di estrazione con l'Antminer K7 58T di Bitmain"},"content":{"rendered":"<h2 id=\"h-consecuencias-del-merge-de-ethereum\">ANTMINER K7 58T LA NUOVA RELEASE DI BITMAIN<\/h2>\n<p>Pensate che non possiamo sorprendervi? Aspettate, restate a leggere tutto!<br \/>\nnuova macchina per <a href=\"https:\/\/www.minandovoy.com\/antminer-k7-nuevo-lanzamiento-de-bitmain\/\">Bitmain ANTMINER K7 63,5T<\/a>!<\/p>\n<p>Hanno un consumo di 3080 W all'ora, generano il 35% di energia.<strong>$<\/strong> al giorno.<br \/>\nQuesto ASIC estrae l'algoritmo EAGLESONG, la cui unica valuta \u00e8 il noto Nervos.<br \/>\nVi raccontiamo qualcosa in pi\u00f9:<\/p>\n<p><strong>LA RETE NERVOS E IL SUO TOKEN CKB<\/strong><br \/>\nNervos \u00e8 una piattaforma blockchain, che contiene una \"collezione di protocolli\" che<br \/>\nsupera altre blockchain come Bitcoin ed Ethereum.<\/p>\n<p>I livelli di rete sono suddivisi in:<\/p>\n<p>Strato 1. Nervi CKB (Common Knowledge Base). Funge da blockchain<br \/>\nlavoro di prova all'interno dell'ecosistema.<\/p>\n<p>Livello 2. In questa rete sono presenti pi\u00f9 layer 2, che forniscono soluzioni utili quali<br \/>\ncontratti intelligenti per sviluppatori e utenti.<\/p>\n<p>Le soluzioni Layer 2 permettono alla rete di offrire transazioni quasi illimitate a<br \/>\ncosto minimo.<\/p>\n<p><strong>Gettone CKB<\/strong><br \/>\nCKB \u00e8 il token di rete, il cui prezzo al momento del lancio era di 0,01123$.<br \/>\nSi trova nella classifica della capitalizzazione di mercato di <a href=\"https:\/\/coinmarketcap.com\/es\/currencies\/nervos-network\/\">coinmarketcap.com<\/a> il post<br \/>\n157.<\/p>\n<p>L'emissione totale \u00e8 di 36.680.680.992KB, di cui 33,34B CKB sono gi\u00e0 stati emessi.<br \/>\ncircolazione.<\/p>\n<p><b>Che cos'\u00e8 Bitmain?<\/b><\/p>\n<p><em>Bitmain<\/em>\u00a0\u00e8 un'azienda con sede a Pechino, in Cina. \u00c8 considerata una delle aziende pi\u00f9 importanti nel settore delle criptovalute per la produzione di hardware di alta qualit\u00e0 con enormi capacit\u00e0 di mining e per i suoi progressi tecnologici. \u00c8 il pi\u00f9 grande progettista al mondo di\u00a0<a href=\"https:\/\/www.minandovoy.com\/categoria\/mineros\/\">attrezzature\u00a0<em>ASIC<\/em><\/a>\u00a0per l'estrazione mineraria\u00a0<em>Bitcoin<\/em>.<\/p>\n<p>Bitmain \u00e8 nota soprattutto per il suo hardware Bitcoin, anche se \u00e8 interessata a progetti che portano solidit\u00e0 alla sua attivit\u00e0, come Ethereum\/Ethereum Classic.<\/p>\n<p>Nell'aprile del 2021, il grande produttore ha annunciato il lancio di una macchina per l'estrazione dell'Ethreum che sar\u00e0 denominata,\u00a0<a href=\"https:\/\/www.asicminervalue.com\/miners\/bitmain\/antminer-e9-2-4gh\" target=\"_blank\" rel=\"noopener\">Antminer E9<\/a>. Questa vera bestia ha la potenza equivalente a 25 GPU Nvidia RTX 3080.<\/p>\n<p>&nbsp;<\/p>","protected":false},"excerpt":{"rendered":"<p>ANTMINER K7 58T EL NUEVO LANZAMIENTO DE BITMAIN \u00bfCrees que no podemos sorprenderte? \u00a1Espera, qu\u00e9date a leer todo sobre esta nueva m\u00e1quina de Bitmain ANTMINER K7 63.5T! Cuentan con un consumo de 3080W a la hora,\u00a0 est\u00e1 generando 35$ al d\u00eda. Este ASIC mina el algoritmo EAGLESONG, cuya \u00fanica moneda es la conocida Nervos. Os [&hellip;]<\/p>\n","protected":false},"featured_media":1269,"comment_status":"open","ping_status":"closed","template":"","meta":[],"product_brand":[],"product_cat":[19],"product_tag":[244,138],"class_list":{"0":"post-1406","1":"product","2":"type-product","3":"status-publish","4":"has-post-thumbnail","6":"product_cat-mineros","7":"product_tag-gme","8":"product_tag-mineros-para-avanzados","10":"first","11":"instock","12":"taxable","13":"shipping-taxable","14":"purchasable","15":"product-type-simple"},"_links":{"self":[{"href":"https:\/\/pruebas.michollo.to\/it\/wp-json\/wp\/v2\/product\/1406","targetHints":{"allow":["GET"]}}],"collection":[{"href":"https:\/\/pruebas.michollo.to\/it\/wp-json\/wp\/v2\/product"}],"about":[{"href":"https:\/\/pruebas.michollo.to\/it\/wp-json\/wp\/v2\/types\/product"}],"replies":[{"embeddable":true,"href":"https:\/\/pruebas.michollo.to\/it\/wp-json\/wp\/v2\/comments?post=1406"}],"wp:featuredmedia":[{"embeddable":true,"href":"https:\/\/pruebas.michollo.to\/it\/wp-json\/wp\/v2\/media\/1269"}],"wp:attachment":[{"href":"https:\/\/pruebas.michollo.to\/it\/wp-json\/wp\/v2\/media?parent=1406"}],"wp:term":[{"taxonomy":"product_brand","embeddable":true,"href":"https:\/\/pruebas.michollo.to\/it\/wp-json\/wp\/v2\/product_brand?post=1406"},{"taxonomy":"product_cat","embeddable":true,"href":"https:\/\/pruebas.michollo.to\/it\/wp-json\/wp\/v2\/product_cat?post=1406"},{"taxonomy":"product_tag","embeddable":true,"href":"https:\/\/pruebas.michollo.to\/it\/wp-json\/wp\/v2\/product_tag?post=1406"}],"curies":[{"name":"wp","href":"https:\/\/api.w.org\/{rel}","templated":true}]}}