{"id":16000,"date":"2024-11-09T13:57:14","date_gmt":"2024-11-09T12:57:14","guid":{"rendered":"https:\/\/www.minandovoy.com\/?post_type=product&#038;p=16000"},"modified":"2025-09-05T13:20:58","modified_gmt":"2025-09-05T11:20:58","slug":"jasminer-x44-p-batch-enero-etczil","status":"publish","type":"product","link":"https:\/\/pruebas.michollo.to\/it\/prodotto\/jasminer-x44-p-lotto-gennaio-etczil\/","title":{"rendered":"Jasminer X44-P - Il miglior ASIC per il mining ETC+ZIL"},"content":{"rendered":"<p>Il <strong>Gelsomino X44-P<\/strong> \u00e8 una macchina da mining all'avanguardia progettata per offrire prestazioni superiori con un'impressionante velocit\u00e0 di hash di 23,4 Gh\/s, mantenendo un consumo energetico efficiente di soli 2340W. Questo miner \u00e8 ottimizzato per le criptovalute. <strong>Ethereum classico (ETC)<\/strong> y <strong>Zilliqa (ZIL)<\/strong>che la rende una scelta ideale per i minatori che vogliono massimizzare la loro redditivit\u00e0 con un'operazione efficiente.<\/p>\n<div class=\"asicminer-widget-container\" style=\"width: 100%; min-height: 300px;\">\n            <iframe id=\"asicminer-widget-7136\" \n                    src=\"https:\/\/pruebas.michollo.to\/wp-content\/themes\/minandovoy\/proxy-widget.php?miner=jasminer\/x44-p&#038;type=profit&#038;theme=dark\" \n                    width=\"100%\" \n                    height=\"300\" \n                    frameborder=\"0\"\n                    loading=\"lazy\"\n                    style=\"border: none; overflow: hidden;\"\n                    title=\"ASIC Miner Widget\">\n            <\/iframe>\n        <\/div>\n<h3>Caratteristiche principali:<\/h3>\n<p><strong>1. Eccezionale potenza di hashish<\/strong><br \/>\nCon un tasso di hash impressionante di <strong>23.400 MH\/s<\/strong>Jasminer X44-P consente un mining rapido ed efficiente, garantendo che ogni operazione venga eseguita al massimo delle prestazioni. Questa potenza consente di elaborare i blocchi in modo efficiente, ottimizzando le possibilit\u00e0 di generare ricompense in criptovalute selezionate.<\/p>\n<p><strong>2. Miglioramento dell'efficienza energetica<\/strong><br \/>\nJasminer X44-P \u00e8 stato progettato per offrire prestazioni elevate riducendo al minimo il consumo energetico. Con un consumo energetico di soli <strong>2340 W<\/strong>L'apparecchiatura raggiunge un equilibrio perfetto tra potenza di elaborazione ed efficienza energetica. Ci\u00f2 riduce i costi operativi e aumenta la redditivit\u00e0 a lungo termine.<\/p>\n<p><strong>3. Doppia estrazione di criptovalute<\/strong><br \/>\nQuesto miner \u00e8 compatibile con il dual mining di <strong>Ethereum classico (ETC)<\/strong> y <strong>Zilliqa (ZIL)<\/strong>Ci\u00f2 consente ai minatori di diversificare i propri flussi di reddito attraverso il mining di due criptovalute contemporaneamente. La flessibilit\u00e0 del doppio mining garantisce una maggiore redditivit\u00e0 e ottimizza le prestazioni operative.<\/p>\n<p><strong>4. Sistema di raffreddamento avanzato<\/strong><br \/>\nIl Jasminer X44-P \u00e8 dotato di un <strong>Sistema di raffreddamento all'avanguardia<\/strong>progettato per mantenere una temperatura operativa stabile anche durante lunghi periodi di utilizzo intensivo. Questo sistema non solo previene il surriscaldamento, ma prolunga anche la vita dell'apparecchiatura, garantendo prestazioni affidabili e costanti.<\/p>\n<p><strong>5. Design robusto e affidabile<\/strong><br \/>\nIl Jasminer X44-P \u00e8 progettato per resistere alle esigenze delle operazioni minerarie su larga scala, garantendo stabilit\u00e0 e durata a lungo termine. Grazie alla sua struttura robusta e all'efficiente sistema di raffreddamento, questo miner \u00e8 ideale per chi cerca affidabilit\u00e0 e prestazioni costanti nel tempo.<\/p>\n<h3>Perch\u00e9 scegliere il Jasminer X44-P?<\/h3>\n<p>Il <strong>Gelsomino X44-P<\/strong> \u00e8 la scelta perfetta per chi desidera un miner potente ed efficiente. Grazie all'elevato tasso di hash, al basso consumo energetico e alla capacit\u00e0 di eseguire il dual mining, questa macchina \u00e8 ideale per coloro che desiderano ottimizzare la propria redditivit\u00e0 nel mining per <strong>Ethereum classico (ETC)<\/strong> y <strong>Zilliqa (ZIL)<\/strong>. Inoltre, il sistema di raffreddamento avanzato e il design robusto garantiscono un funzionamento stabile e duraturo.<\/p>","protected":false},"excerpt":{"rendered":"<p>El Jasminer X44-P es un equipo de miner\u00eda de vanguardia dise\u00f1ado para ofrecer un rendimiento superior con una tasa de hash impresionante de 23.4 Gh\/s, mientras mantiene un consumo energ\u00e9tico eficiente de solo 2340 W. Este minero est\u00e1 optimizado para las criptomonedas Ethereum Classic (ETC) y Zilliqa (ZIL), lo que lo convierte en una opci\u00f3n [&hellip;]<\/p>\n","protected":false},"featured_media":16004,"comment_status":"open","ping_status":"closed","template":"","meta":[],"product_brand":[],"product_cat":[19],"product_tag":[52,244,138,139,137],"class_list":{"0":"post-16000","1":"product","2":"type-product","3":"status-publish","4":"has-post-thumbnail","6":"product_cat-mineros","7":"product_tag-asic","8":"product_tag-gme","9":"product_tag-mineros-para-avanzados","10":"product_tag-mineros-para-expertos","11":"product_tag-mineros-para-principiantes","13":"first","14":"instock","15":"taxable","16":"shipping-taxable","17":"purchasable","18":"product-type-simple"},"_links":{"self":[{"href":"https:\/\/pruebas.michollo.to\/it\/wp-json\/wp\/v2\/product\/16000","targetHints":{"allow":["GET"]}}],"collection":[{"href":"https:\/\/pruebas.michollo.to\/it\/wp-json\/wp\/v2\/product"}],"about":[{"href":"https:\/\/pruebas.michollo.to\/it\/wp-json\/wp\/v2\/types\/product"}],"replies":[{"embeddable":true,"href":"https:\/\/pruebas.michollo.to\/it\/wp-json\/wp\/v2\/comments?post=16000"}],"wp:featuredmedia":[{"embeddable":true,"href":"https:\/\/pruebas.michollo.to\/it\/wp-json\/wp\/v2\/media\/16004"}],"wp:attachment":[{"href":"https:\/\/pruebas.michollo.to\/it\/wp-json\/wp\/v2\/media?parent=16000"}],"wp:term":[{"taxonomy":"product_brand","embeddable":true,"href":"https:\/\/pruebas.michollo.to\/it\/wp-json\/wp\/v2\/product_brand?post=16000"},{"taxonomy":"product_cat","embeddable":true,"href":"https:\/\/pruebas.michollo.to\/it\/wp-json\/wp\/v2\/product_cat?post=16000"},{"taxonomy":"product_tag","embeddable":true,"href":"https:\/\/pruebas.michollo.to\/it\/wp-json\/wp\/v2\/product_tag?post=16000"}],"curies":[{"name":"wp","href":"https:\/\/api.w.org\/{rel}","templated":true}]}}