{"id":16856,"date":"2024-12-24T16:19:21","date_gmt":"2024-12-24T15:19:21","guid":{"rendered":"https:\/\/www.minandovoy.com\/?post_type=product&#038;p=16856"},"modified":"2025-08-07T11:30:28","modified_gmt":"2025-08-07T09:30:28","slug":"jasminer-x16-q-1-95gh","status":"publish","type":"product","link":"https:\/\/pruebas.michollo.to\/it\/prodotto\/jasminer-x16-q-1-95gh\/","title":{"rendered":"JASMINER X16-Q 1,95GH"},"content":{"rendered":"<p>JASMINER X16-Q utilizza l'algoritmo EtHash per il mining, con una velocit\u00e0 massima di hash di 1,95 Gh\/s e un consumo energetico di 620W. X16-Q \u00e8 dotato di un motore intelligente ad alte prestazioni sviluppato autonomamente da JASMINER, basato sul chip aritmetico \"storage and computing\" ad alte prestazioni leader al mondo, costruito appositamente per la rete blockchain \"Complex Giant\". La sua altissima velocit\u00e0 di hash, pari a 1950MH\/s\u00b110%, offre nuove prestazioni in termini di riduzione dei costi e miglioramento dell'efficienza per applicazioni quali case, sale computer IDC o siti professionali. Presenta molteplici vantaggi, come l'alta efficienza, il basso consumo energetico, la facilit\u00e0 di implementazione, la silenziosit\u00e0 e la tutela dell'ambiente, offrendo un'esperienza confortevole ai clienti.<\/p>\n<div class=\"asicminer-widget-container\" style=\"width: 100%; min-height: 300px;\">\n            <iframe id=\"asicminer-widget-6366\" \n                    src=\"https:\/\/pruebas.michollo.to\/wp-content\/themes\/minandovoy\/proxy-widget.php?miner=jasminer\/x16-q&#038;type=profit&#038;theme=dark\" \n                    width=\"100%\" \n                    height=\"300\" \n                    frameborder=\"0\"\n                    loading=\"lazy\"\n                    style=\"border: none; overflow: hidden;\"\n                    title=\"ASIC Miner Widget\">\n            <\/iframe>\n        <\/div>\n<p><strong>Caratteristiche del prodotto:<\/strong><\/p>\n<p>1) Massima efficienza, futuro brillante: le prestazioni del core computing di 1950MH\/s\u00b110% di JASMINER X16-Q sono pi\u00f9 potenti. Il rapporto di consumo energetico \u00e8 di 0,32 JMH, con un miglioramento completo per il perseguimento delle massime prestazioni, dell'efficienza energetica e di un'esperienza di calcolo eccezionale.<\/p>\n<p>2) Estremamente silenzioso e confortevole; JASMINER X16-Q adotta un design strutturale con prestazioni di dissipazione del calore ottimizzate per creare un sistema di raffreddamento silenzioso di punta con una minore rumorosit\u00e0 e una maggiore dissipazione del calore. La temperatura di esercizio \u00e8 di 0-40 \u2103, la rumorosit\u00e0 \u00e8 di \u226440 dB ed \u00e8 adatto all'uso in dormitorio.<\/p>\n<p>3) Grande aspetto e resistenza: il design artistico della griglia di dissipazione del calore non solo evidenzia la personalit\u00e0 ma anche la bellezza della tecnologia. Le orecchie di montaggio su entrambi i lati possono essere installate in sale computer, case e altri ambienti IDC, fornendo una potenza stabile e crescente.<\/p>","protected":false},"excerpt":{"rendered":"<p>JASMINER X16-Q utiliza el algoritmo EtHash para la miner\u00eda, con una tasa de hash m\u00e1xima de 1.95 Gh\/s y un consumo de energ\u00eda de 620W. X16-Q est\u00e1 equipado con un motor inteligente de alto rendimiento desarrollado independientemente por JASMINER basado en el chip aritm\u00e9tico de alto rendimiento de &#8220;almacenamiento e inform\u00e1tica&#8221; l\u00edder en el mundo, [&hellip;]<\/p>\n","protected":false},"featured_media":16853,"comment_status":"open","ping_status":"closed","template":"","meta":[],"product_brand":[],"product_cat":[19],"product_tag":[244,138,137],"class_list":{"0":"post-16856","1":"product","2":"type-product","3":"status-publish","4":"has-post-thumbnail","6":"product_cat-mineros","7":"product_tag-gme","8":"product_tag-mineros-para-avanzados","9":"product_tag-mineros-para-principiantes","11":"first","12":"outofstock","13":"taxable","14":"shipping-taxable","15":"purchasable","16":"product-type-simple"},"_links":{"self":[{"href":"https:\/\/pruebas.michollo.to\/it\/wp-json\/wp\/v2\/product\/16856","targetHints":{"allow":["GET"]}}],"collection":[{"href":"https:\/\/pruebas.michollo.to\/it\/wp-json\/wp\/v2\/product"}],"about":[{"href":"https:\/\/pruebas.michollo.to\/it\/wp-json\/wp\/v2\/types\/product"}],"replies":[{"embeddable":true,"href":"https:\/\/pruebas.michollo.to\/it\/wp-json\/wp\/v2\/comments?post=16856"}],"wp:featuredmedia":[{"embeddable":true,"href":"https:\/\/pruebas.michollo.to\/it\/wp-json\/wp\/v2\/media\/16853"}],"wp:attachment":[{"href":"https:\/\/pruebas.michollo.to\/it\/wp-json\/wp\/v2\/media?parent=16856"}],"wp:term":[{"taxonomy":"product_brand","embeddable":true,"href":"https:\/\/pruebas.michollo.to\/it\/wp-json\/wp\/v2\/product_brand?post=16856"},{"taxonomy":"product_cat","embeddable":true,"href":"https:\/\/pruebas.michollo.to\/it\/wp-json\/wp\/v2\/product_cat?post=16856"},{"taxonomy":"product_tag","embeddable":true,"href":"https:\/\/pruebas.michollo.to\/it\/wp-json\/wp\/v2\/product_tag?post=16856"}],"curies":[{"name":"wp","href":"https:\/\/api.w.org\/{rel}","templated":true}]}}