{"id":17878,"date":"2025-04-29T15:28:05","date_gmt":"2025-04-29T13:28:05","guid":{"rendered":"https:\/\/www.minandovoy.com\/?post_type=product&#038;p=17878"},"modified":"2026-02-23T13:14:42","modified_gmt":"2026-02-23T12:14:42","slug":"bitmain-antminer-s19-xp-hyd-293th","status":"publish","type":"product","link":"https:\/\/pruebas.michollo.to\/it\/prodotto\/bitmain-antminer-s19-xp-hyd-293th\/","title":{"rendered":"Bitmain Antminer S19 XP+ Hyd 293Th"},"content":{"rendered":"<p>Il Bitmain Antminer S19 XP+ Hyd 293Th \u00e8 una macchina per il mining di criptovalute ad alte prestazioni. <strong>progettato specificamente per il mining di Bitcoin (BTC)<\/strong> utilizzando l'algoritmo SHA-256. Questo modello si distingue per il sistema di raffreddamento ad acqua (Hydro), che gli consente di mantenere temperature ottimali anche a pieno regime.<\/p>\n<p>Garant\u00eda total de 1 a\u00f1o.Protege tanto piezas como mano de obra y te da acceso a nuestro soporte t\u00e9cnico especializado. Ante cualquier incidencia, solo tienes que abrir un ticket en tu \u00e1rea de cliente: nos ocupamos de la reparaci\u00f3n o sustituci\u00f3n sin coste a\u00f1adido.<\/p>\n<div class=\"asicminer-widget-container\" style=\"width: 100%; min-height: 300px;\">\n            <iframe id=\"asicminer-widget-5581\" \n                    src=\"https:\/\/pruebas.michollo.to\/wp-content\/themes\/minandovoy\/proxy-widget.php?miner=bitmain\/antminer-s19-xp-plus-hyd-293th&#038;type=profit&#038;theme=dark\" \n                    width=\"100%\" \n                    height=\"300\" \n                    frameborder=\"0\"\n                    loading=\"lazy\"\n                    style=\"border: none; overflow: hidden;\"\n                    title=\"ASIC Miner Widget\">\n            <\/iframe>\n        <\/div>\n<p class=\"\" data-start=\"664\" data-end=\"851\">Grazie alla sua elevata potenza ed efficienza, l'S19 XP+ Hyd \u00e8 uno dei minatori pi\u00f9 potenti sul mercato, destinato a operazioni su larga scala con un'adeguata infrastruttura di raffreddamento.<\/p>\n<div class=\"mb-4\">\n<h3 class=\"\" data-start=\"166\" data-end=\"198\">\ud83d\udd27 Specifiche tecniche<\/h3>\n<hr class=\"ml-4 w-12 border-gray-200 opacity-50 dark:border-gray-700\" \/>\n<\/div>\n<table class=\"w-full\">\n<tbody>\n<tr class=\"odd:bg-transparent even:bg-gray-1 odd:dark:bg-transparent even:dark:bg-black\/80\">\n<td class=\"min-w-40 py-1 pl-2\">Produttore<\/td>\n<td class=\"pr-2 text-right\">Bitmain<\/td>\n<\/tr>\n<tr class=\"odd:bg-transparent even:bg-gray-1 odd:dark:bg-transparent even:dark:bg-black\/80\">\n<td class=\"min-w-40 py-1 pl-2\">Modello<\/td>\n<td class=\"pr-2 text-right\">Antminer S19 XP+ Hyd (293Th)<\/td>\n<\/tr>\n<tr class=\"odd:bg-transparent even:bg-gray-1 odd:dark:bg-transparent even:dark:bg-black\/80\">\n<td class=\"min-w-40 py-1 pl-2\">Conosciuto anche come<\/td>\n<td class=\"pr-2 text-right\">Antminer S19 XP+ Idro (293Th)<\/td>\n<\/tr>\n<tr class=\"odd:bg-transparent even:bg-gray-1 odd:dark:bg-transparent even:dark:bg-black\/80\">\n<td class=\"min-w-40 py-1 pl-2\">Lancio<\/td>\n<td class=\"pr-2 text-right\">Aprile 2025<\/td>\n<\/tr>\n<tr class=\"odd:bg-transparent even:bg-gray-1 odd:dark:bg-transparent even:dark:bg-black\/80\">\n<td class=\"min-w-40 py-1 pl-2\">Dimensione<\/td>\n<td class=\"pr-2 text-right\">410 x 170 x 209 mm<\/td>\n<\/tr>\n<tr class=\"odd:bg-transparent even:bg-gray-1 odd:dark:bg-transparent even:dark:bg-black\/80\">\n<td class=\"min-w-40 py-1 pl-2\">Peso<\/td>\n<td class=\"pr-2 text-right\">13500g<\/td>\n<\/tr>\n<tr class=\"odd:bg-transparent even:bg-gray-1 odd:dark:bg-transparent even:dark:bg-black\/80\">\n<td class=\"min-w-40 py-1 pl-2\">Livello di rumore<\/td>\n<td class=\"pr-2 text-right\">50dB<\/td>\n<\/tr>\n<tr class=\"odd:bg-transparent even:bg-gray-1 odd:dark:bg-transparent even:dark:bg-black\/80\">\n<td class=\"min-w-40 py-1 pl-2\">Raffreddamento<\/td>\n<td class=\"pr-2 text-right\">Raffreddamento idroelettrico<\/td>\n<\/tr>\n<tr class=\"odd:bg-transparent even:bg-gray-1 odd:dark:bg-transparent even:dark:bg-black\/80\">\n<td class=\"min-w-40 py-1 pl-2\">Potenza<\/td>\n<td class=\"pr-2 text-right\">5567W<\/td>\n<\/tr>\n<tr class=\"odd:bg-transparent even:bg-gray-1 odd:dark:bg-transparent even:dark:bg-black\/80\">\n<td class=\"min-w-40 py-1 pl-2\">Interfaccia<\/td>\n<td class=\"pr-2 text-right\">Ethernet<\/td>\n<\/tr>\n<tr class=\"odd:bg-transparent even:bg-gray-1 odd:dark:bg-transparent even:dark:bg-black\/80\">\n<td class=\"min-w-40 py-1 pl-2\">Temperatura<\/td>\n<td class=\"pr-2 text-right\">5 - 40 \u00b0C<\/td>\n<\/tr>\n<tr class=\"odd:bg-transparent even:bg-gray-1 odd:dark:bg-transparent even:dark:bg-black\/80\">\n<td class=\"min-w-40 py-1 pl-2\">Umidit\u00e0<\/td>\n<td class=\"pr-2 text-right\">10 &#8211; 90 %<\/td>\n<\/tr>\n<\/tbody>\n<\/table>","protected":false},"excerpt":{"rendered":"<p>El Bitmain Antminer S19 XP+ Hyd 293Th es un equipo de miner\u00eda de criptomonedas de alto rendimiento dise\u00f1ado espec\u00edficamente para minar Bitcoin (BTC) utilizando el algoritmo SHA-256. Este modelo destaca por su sistema de refrigeraci\u00f3n por agua (Hydro), lo que le permite mantener temperaturas \u00f3ptimas incluso a plena capacidad. Garant\u00eda total de 1 a\u00f1o.Protege tanto [&hellip;]<\/p>\n","protected":false},"featured_media":17880,"comment_status":"open","ping_status":"closed","template":"","meta":[],"product_brand":[],"product_cat":[19],"product_tag":[244,138],"class_list":{"0":"post-17878","1":"product","2":"type-product","3":"status-publish","4":"has-post-thumbnail","6":"product_cat-mineros","7":"product_tag-gme","8":"product_tag-mineros-para-avanzados","10":"first","11":"instock","12":"taxable","13":"shipping-taxable","14":"purchasable","15":"product-type-simple"},"_links":{"self":[{"href":"https:\/\/pruebas.michollo.to\/it\/wp-json\/wp\/v2\/product\/17878","targetHints":{"allow":["GET"]}}],"collection":[{"href":"https:\/\/pruebas.michollo.to\/it\/wp-json\/wp\/v2\/product"}],"about":[{"href":"https:\/\/pruebas.michollo.to\/it\/wp-json\/wp\/v2\/types\/product"}],"replies":[{"embeddable":true,"href":"https:\/\/pruebas.michollo.to\/it\/wp-json\/wp\/v2\/comments?post=17878"}],"wp:featuredmedia":[{"embeddable":true,"href":"https:\/\/pruebas.michollo.to\/it\/wp-json\/wp\/v2\/media\/17880"}],"wp:attachment":[{"href":"https:\/\/pruebas.michollo.to\/it\/wp-json\/wp\/v2\/media?parent=17878"}],"wp:term":[{"taxonomy":"product_brand","embeddable":true,"href":"https:\/\/pruebas.michollo.to\/it\/wp-json\/wp\/v2\/product_brand?post=17878"},{"taxonomy":"product_cat","embeddable":true,"href":"https:\/\/pruebas.michollo.to\/it\/wp-json\/wp\/v2\/product_cat?post=17878"},{"taxonomy":"product_tag","embeddable":true,"href":"https:\/\/pruebas.michollo.to\/it\/wp-json\/wp\/v2\/product_tag?post=17878"}],"curies":[{"name":"wp","href":"https:\/\/api.w.org\/{rel}","templated":true}]}}