{"id":17931,"date":"2025-04-30T16:17:19","date_gmt":"2025-04-30T14:17:19","guid":{"rendered":"https:\/\/www.minandovoy.com\/?post_type=product&#038;p=17931"},"modified":"2026-02-23T13:12:25","modified_gmt":"2026-02-23T12:12:25","slug":"canaan-avalon-nano-3s","status":"publish","type":"product","link":"https:\/\/pruebas.michollo.to\/it\/prodotto\/canaan-avalon-nano-3s\/","title":{"rendered":"Canaan Avalon Nano 3S"},"content":{"rendered":"<p>El Canaan Avalon Nano 3S es un minero ASIC compacto y eficiente, dise\u00f1ado para la miner\u00eda de criptomonedas basadas en el algoritmo SHA-256, como Bitcoin (BTC). Con una tasa de hash de 6 TH\/s y un consumo energ\u00e9tico de 140W, ofrece una soluci\u00f3n equilibrada para quienes buscan iniciarse en la miner\u00eda desde casa.\u200b<\/p>\n<div class=\"asicminer-widget-container\" style=\"width: 100%; min-height: 300px;\">\n            <iframe id=\"asicminer-widget-5273\" \n                    src=\"https:\/\/pruebas.michollo.to\/wp-content\/themes\/minandovoy\/proxy-widget.php?miner=canaan\/avalon-nano-3S&#038;type=profit&#038;theme=dark\" \n                    width=\"100%\" \n                    height=\"300\" \n                    frameborder=\"0\"\n                    loading=\"lazy\"\n                    style=\"border: none; overflow: hidden;\"\n                    title=\"ASIC Miner Widget\">\n            <\/iframe>\n        <\/div>\n<h2 class=\"\" data-start=\"202\" data-end=\"233\">\ud83d\udd27 Specifiche tecniche<\/h2>\n<table class=\"w-full\">\n<tbody>\n<tr class=\"odd:bg-transparent even:bg-gray-1 odd:dark:bg-transparent even:dark:bg-black\/80\">\n<td class=\"min-w-40 py-1 pl-2\">Produttore<\/td>\n<td class=\"pr-2 text-right\">Canaan<\/td>\n<\/tr>\n<tr class=\"odd:bg-transparent even:bg-gray-1 odd:dark:bg-transparent even:dark:bg-black\/80\">\n<td class=\"min-w-40 py-1 pl-2\">Modello<\/td>\n<td class=\"pr-2 text-right\">Avalon Nano 3S<\/td>\n<\/tr>\n<tr class=\"odd:bg-transparent even:bg-gray-1 odd:dark:bg-transparent even:dark:bg-black\/80\">\n<td class=\"min-w-40 py-1 pl-2\">Conosciuto anche come<\/td>\n<td class=\"pr-2 text-right\">Canaan Avalon Nano 3S Home Miner<\/td>\n<\/tr>\n<tr class=\"odd:bg-transparent even:bg-gray-1 odd:dark:bg-transparent even:dark:bg-black\/80\">\n<td class=\"min-w-40 py-1 pl-2\">Lancio<\/td>\n<td class=\"pr-2 text-right\">Jan 2025<\/td>\n<\/tr>\n<tr class=\"odd:bg-transparent even:bg-gray-1 odd:dark:bg-transparent even:dark:bg-black\/80\">\n<td class=\"min-w-40 py-1 pl-2\">Dimensione<\/td>\n<td class=\"pr-2 text-right\">205 x 115 x 58mm<\/td>\n<\/tr>\n<tr class=\"odd:bg-transparent even:bg-gray-1 odd:dark:bg-transparent even:dark:bg-black\/80\">\n<td class=\"min-w-40 py-1 pl-2\">Peso<\/td>\n<td class=\"pr-2 text-right\">860g<\/td>\n<\/tr>\n<tr class=\"odd:bg-transparent even:bg-gray-1 odd:dark:bg-transparent even:dark:bg-black\/80\">\n<td class=\"min-w-40 py-1 pl-2\">Tama\u00f1o del chip<\/td>\n<td class=\"pr-2 text-right\">4nm<\/td>\n<\/tr>\n<tr class=\"odd:bg-transparent even:bg-gray-1 odd:dark:bg-transparent even:dark:bg-black\/80\">\n<td class=\"min-w-40 py-1 pl-2\">Cantidad de chips<\/td>\n<td class=\"pr-2 text-right\">12<\/td>\n<\/tr>\n<tr class=\"odd:bg-transparent even:bg-gray-1 odd:dark:bg-transparent even:dark:bg-black\/80\">\n<td class=\"min-w-40 py-1 pl-2\">Livello di rumore<\/td>\n<td class=\"pr-2 text-right\">40dB<\/td>\n<\/tr>\n<tr class=\"odd:bg-transparent even:bg-gray-1 odd:dark:bg-transparent even:dark:bg-black\/80\">\n<td class=\"min-w-40 py-1 pl-2\">Potenza<\/td>\n<td class=\"pr-2 text-right\">140W<\/td>\n<\/tr>\n<tr class=\"odd:bg-transparent even:bg-gray-1 odd:dark:bg-transparent even:dark:bg-black\/80\">\n<td class=\"min-w-40 py-1 pl-2\">Tensione<\/td>\n<td class=\"pr-2 text-right\">28V 5A<\/td>\n<\/tr>\n<tr class=\"odd:bg-transparent even:bg-gray-1 odd:dark:bg-transparent even:dark:bg-black\/80\">\n<td class=\"min-w-40 py-1 pl-2\">Interfaccia<\/td>\n<td class=\"pr-2 text-right\">Ethernet \/ WiFi<\/td>\n<\/tr>\n<\/tbody>\n<\/table>","protected":false},"excerpt":{"rendered":"<p>El Canaan Avalon Nano 3S es un minero ASIC compacto y eficiente, dise\u00f1ado para la miner\u00eda de criptomonedas basadas en el algoritmo SHA-256, como Bitcoin (BTC). Con una tasa de hash de 6 TH\/s y un consumo energ\u00e9tico de 140W, ofrece una soluci\u00f3n equilibrada para quienes buscan iniciarse en la miner\u00eda desde casa.\u200b \ud83d\udd27 Especificaciones [&hellip;]<\/p>\n","protected":false},"featured_media":17932,"comment_status":"open","ping_status":"closed","template":"","meta":[],"product_brand":[],"product_cat":[19],"product_tag":[244,137,605],"class_list":{"0":"post-17931","1":"product","2":"type-product","3":"status-publish","4":"has-post-thumbnail","6":"product_cat-mineros","7":"product_tag-gme","8":"product_tag-mineros-para-principiantes","9":"product_tag-top-ventas","11":"first","12":"instock","13":"taxable","14":"shipping-taxable","15":"purchasable","16":"product-type-simple"},"_links":{"self":[{"href":"https:\/\/pruebas.michollo.to\/it\/wp-json\/wp\/v2\/product\/17931","targetHints":{"allow":["GET"]}}],"collection":[{"href":"https:\/\/pruebas.michollo.to\/it\/wp-json\/wp\/v2\/product"}],"about":[{"href":"https:\/\/pruebas.michollo.to\/it\/wp-json\/wp\/v2\/types\/product"}],"replies":[{"embeddable":true,"href":"https:\/\/pruebas.michollo.to\/it\/wp-json\/wp\/v2\/comments?post=17931"}],"wp:featuredmedia":[{"embeddable":true,"href":"https:\/\/pruebas.michollo.to\/it\/wp-json\/wp\/v2\/media\/17932"}],"wp:attachment":[{"href":"https:\/\/pruebas.michollo.to\/it\/wp-json\/wp\/v2\/media?parent=17931"}],"wp:term":[{"taxonomy":"product_brand","embeddable":true,"href":"https:\/\/pruebas.michollo.to\/it\/wp-json\/wp\/v2\/product_brand?post=17931"},{"taxonomy":"product_cat","embeddable":true,"href":"https:\/\/pruebas.michollo.to\/it\/wp-json\/wp\/v2\/product_cat?post=17931"},{"taxonomy":"product_tag","embeddable":true,"href":"https:\/\/pruebas.michollo.to\/it\/wp-json\/wp\/v2\/product_tag?post=17931"}],"curies":[{"name":"wp","href":"https:\/\/api.w.org\/{rel}","templated":true}]}}