{"id":19547,"date":"2025-10-09T15:53:13","date_gmt":"2025-10-09T13:53:13","guid":{"rendered":"https:\/\/www.minandovoy.com\/?post_type=product&#038;p=19547"},"modified":"2026-02-23T13:07:14","modified_gmt":"2026-02-23T12:07:14","slug":"bitdeer-sealminer-a3-pro-hydro-minero-asic-sha-256-660-th-s-para-bitcoin","status":"publish","type":"product","link":"https:\/\/pruebas.michollo.to\/it\/prodotto\/bitdeer-sealminer-a3-pro-hydro-minero-asic-sha-256-660-th-s-para-bitcoin\/","title":{"rendered":"Bitdeer SealMiner A3 Pro Hydro \u2013 Minero ASIC SHA-256 660 TH\/s para Bitcoin"},"content":{"rendered":"<p>Il <strong data-start=\"275\" data-end=\"309\">Bitdeer SealMiner A3 Pro Hydro<\/strong> es un potente minero ASIC dise\u00f1ado para el algoritmo <strong data-start=\"363\" data-end=\"374\">SHA-256<\/strong>, ideal para la miner\u00eda de <strong data-start=\"401\" data-end=\"418\">Bitcoin (BTC)<\/strong>. Con una tasa de hash de <strong data-start=\"444\" data-end=\"456\">660 TH\/s<\/strong> y un consumo de <strong data-start=\"473\" data-end=\"484\">8.250 W<\/strong>, alcanza una impresionante eficiencia energ\u00e9tica de <strong data-start=\"537\" data-end=\"550\">12,5 J\/TH<\/strong>, posicion\u00e1ndose como uno de los equipos m\u00e1s eficientes del mercado.<br data-start=\"618\" data-end=\"621\" \/>Gracias a su avanzado sistema de <strong data-start=\"654\" data-end=\"695\">refrigeraci\u00f3n l\u00edquida (Hydro Cooling)<\/strong>, el A3 Pro Hydro mantiene una temperatura estable y un funcionamiento mucho m\u00e1s silencioso (<strong data-start=\"788\" data-end=\"799\">\u2248 50 dB<\/strong>) que los mineros convencionales. Dise\u00f1ado para operaciones profesionales, soporta voltajes de <strong data-start=\"894\" data-end=\"907\">380-480 V<\/strong> y puede trabajar en rangos de temperatura de <strong data-start=\"953\" data-end=\"969\">5 \u00b0C a 45 \u00b0C<\/strong>, con una humedad de hasta el <strong data-start=\"999\" data-end=\"1007\">95 %<\/strong>.<br data-start=\"1008\" data-end=\"1011\" \/>Su dise\u00f1o robusto, bajo mantenimiento y conexi\u00f3n <strong data-start=\"1060\" data-end=\"1072\">Ethernet<\/strong> lo convierten en una opci\u00f3n perfecta para granjas de miner\u00eda que buscan <strong data-start=\"1145\" data-end=\"1193\">m\u00e1ximo rendimiento, eficiencia y durabilidad<\/strong>. Incluye <strong data-start=\"1203\" data-end=\"1232\">1 a\u00f1o de garant\u00eda oficial<\/strong>.<\/p>\n<p data-start=\"1235\" data-end=\"1253\"><strong data-start=\"1235\" data-end=\"1253\">Ficha t\u00e9cnica:<\/strong><\/p>\n<div class=\"_tableContainer_1rjym_1\">\n<div class=\"group _tableWrapper_1rjym_13 flex w-fit flex-col-reverse\" tabindex=\"-1\">\n<table class=\"w-fit min-w-(--thread-content-width)\" data-start=\"1255\" data-end=\"1810\">\n<thead data-start=\"1255\" data-end=\"1276\">\n<tr data-start=\"1255\" data-end=\"1276\">\n<th data-start=\"1255\" data-end=\"1267\" data-col-size=\"sm\">Par\u00e1metro<\/th>\n<th data-start=\"1267\" data-end=\"1276\" data-col-size=\"sm\">Valor<\/th>\n<\/tr>\n<\/thead>\n<tbody data-start=\"1301\" data-end=\"1810\">\n<tr data-start=\"1301\" data-end=\"1339\">\n<td data-start=\"1301\" data-end=\"1327\" data-col-size=\"sm\">Tasa de hash (hashrate)<\/td>\n<td data-col-size=\"sm\" data-start=\"1327\" data-end=\"1339\">660 TH\/s<\/td>\n<\/tr>\n<tr data-start=\"1340\" data-end=\"1371\">\n<td data-start=\"1340\" data-end=\"1360\" data-col-size=\"sm\">Consumo di elettricit\u00e0<\/td>\n<td data-col-size=\"sm\" data-start=\"1360\" data-end=\"1371\">8.250 W<\/td>\n<\/tr>\n<tr data-start=\"1372\" data-end=\"1409\">\n<td data-start=\"1372\" data-end=\"1396\" data-col-size=\"sm\">Efficienza energetica<\/td>\n<td data-col-size=\"sm\" data-start=\"1396\" data-end=\"1409\">12,5 J\/TH<\/td>\n<\/tr>\n<tr data-start=\"1410\" data-end=\"1433\">\n<td data-start=\"1410\" data-end=\"1422\" data-col-size=\"sm\">Algoritmo<\/td>\n<td data-col-size=\"sm\" data-start=\"1422\" data-end=\"1433\">SHA-256<\/td>\n<\/tr>\n<tr data-start=\"1434\" data-end=\"1475\">\n<td data-start=\"1434\" data-end=\"1458\" data-col-size=\"sm\">Criptomoneda dirigida<\/td>\n<td data-col-size=\"sm\" data-start=\"1458\" data-end=\"1475\">Bitcoin (BTC)<\/td>\n<\/tr>\n<tr data-start=\"1476\" data-end=\"1511\">\n<td data-start=\"1476\" data-end=\"1490\" data-col-size=\"sm\">Dimensioni<\/td>\n<td data-col-size=\"sm\" data-start=\"1490\" data-end=\"1511\">482 \u00d7 665 \u00d7 86 mm<\/td>\n<\/tr>\n<tr data-start=\"1512\" data-end=\"1530\">\n<td data-start=\"1512\" data-end=\"1519\" data-col-size=\"sm\">Peso<\/td>\n<td data-col-size=\"sm\" data-start=\"1519\" data-end=\"1530\">20,5 kg<\/td>\n<\/tr>\n<tr data-start=\"1531\" data-end=\"1557\">\n<td data-start=\"1531\" data-end=\"1548\" data-col-size=\"sm\">Livello di rumore<\/td>\n<td data-col-size=\"sm\" data-start=\"1548\" data-end=\"1557\">50 dB<\/td>\n<\/tr>\n<tr data-start=\"1558\" data-end=\"1602\">\n<td data-start=\"1558\" data-end=\"1573\" data-col-size=\"sm\">I fan<\/td>\n<td data-col-size=\"sm\" data-start=\"1573\" data-end=\"1602\">\u2014 (refrigeraci\u00f3n l\u00edquida)<\/td>\n<\/tr>\n<tr data-start=\"1603\" data-end=\"1640\">\n<td data-start=\"1603\" data-end=\"1624\" data-col-size=\"sm\">Tensione d'ingresso<\/td>\n<td data-col-size=\"sm\" data-start=\"1624\" data-end=\"1640\">380-480 V AC<\/td>\n<\/tr>\n<tr data-start=\"1641\" data-end=\"1675\">\n<td data-start=\"1641\" data-end=\"1662\" data-col-size=\"sm\">Rango de operaci\u00f3n<\/td>\n<td data-col-size=\"sm\" data-start=\"1662\" data-end=\"1675\">5 - 45 \u00b0C<\/td>\n<\/tr>\n<tr data-start=\"1676\" data-end=\"1710\">\n<td data-start=\"1676\" data-end=\"1696\" data-col-size=\"sm\">Umidit\u00e0 di esercizio<\/td>\n<td data-col-size=\"sm\" data-start=\"1696\" data-end=\"1710\">5 % \u2013 95 %<\/td>\n<\/tr>\n<tr data-start=\"1711\" data-end=\"1746\">\n<td data-start=\"1711\" data-end=\"1734\" data-col-size=\"sm\">Interfaz de conexi\u00f3n<\/td>\n<td data-col-size=\"sm\" data-start=\"1734\" data-end=\"1746\">Ethernet<\/td>\n<\/tr>\n<tr data-start=\"1747\" data-end=\"1793\">\n<td data-start=\"1747\" data-end=\"1758\" data-col-size=\"sm\">Garanzia<\/td>\n<td data-col-size=\"sm\" data-start=\"1758\" data-end=\"1793\">1 a\u00f1o (desde la fecha de env\u00edo)<\/td>\n<\/tr>\n<\/tbody>\n<\/table>\n<p>&lt;div id=&quot;&rdquo;preventa&rdquo;&quot; style=&quot;&rdquo;background:&quot; #050756; border-left: 6px solid white; color: padding: 16px 20px; margin: 20px 0; border-radius: 8px; font-family: revert;&rdquo;&gt;&lt;strong&gt;&iexcl;Reserva exclusiva disponible! \ud83e\udd11&lt;\/strong&gt;<br \/>\nReserva con pago parcial<br \/>\nRealiza tu reserva abonando el precio de reserva que indicamos en la web para asegurar tu unidad de Asic. El resto del importe se deber\u00e1 abonar en su totalidad en el momento de la entrega, momento en el que procesaremos el env\u00edo y recibir\u00e1s tu producto.Precio de reserva: el importe indicado como reserva.<br \/>\nPago final: abono del resto del precio al confirmar la entrega.<br \/>\nPlazo de entrega: una vez completado el pago total, recibir\u00e1s tu producto en un plazo de 15 a 20 d\u00edas laborables.Responsabilidad en aduanas: los cargos aduaneros correr\u00e1n a nuestro cargo, pero no nos hacemos responsables de posibles retrasos derivados de los tr\u00e1mites de aduanas.<br \/>\nNota: hasta que no se complete el pago total, el producto no ser&aacute; expedido ni entregado.&lt;\/div&gt;<\/p>\n<\/div>\n<\/div>","protected":false},"excerpt":{"rendered":"<p>Il <strong data-start=\"1858\" data-end=\"1892\">Bitdeer SealMiner A3 Pro Hydro<\/strong> ofrece <strong data-start=\"1900\" data-end=\"1912\">660 TH\/s<\/strong> con solo <strong data-start=\"1922\" data-end=\"1944\">8.250 W de consumo<\/strong>, refrigeraci\u00f3n l\u00edquida y eficiencia de <strong data-start=\"1984\" data-end=\"1997\">12,5 J\/TH<\/strong>, ideal para minar <strong data-start=\"2016\" data-end=\"2027\">Bitcoin<\/strong> con m\u00e1ximo rendimiento y bajo ruido.<\/p>","protected":false},"featured_media":19549,"comment_status":"open","ping_status":"closed","template":"","meta":[],"product_brand":[],"product_cat":[15],"product_tag":[244,139],"class_list":{"0":"post-19547","1":"product","2":"type-product","3":"status-publish","4":"has-post-thumbnail","6":"product_cat-sin-categorizar","7":"product_tag-gme","8":"product_tag-mineros-para-expertos","10":"first","11":"instock","12":"taxable","13":"shipping-taxable","14":"purchasable","15":"product-type-simple"},"_links":{"self":[{"href":"https:\/\/pruebas.michollo.to\/it\/wp-json\/wp\/v2\/product\/19547","targetHints":{"allow":["GET"]}}],"collection":[{"href":"https:\/\/pruebas.michollo.to\/it\/wp-json\/wp\/v2\/product"}],"about":[{"href":"https:\/\/pruebas.michollo.to\/it\/wp-json\/wp\/v2\/types\/product"}],"replies":[{"embeddable":true,"href":"https:\/\/pruebas.michollo.to\/it\/wp-json\/wp\/v2\/comments?post=19547"}],"wp:featuredmedia":[{"embeddable":true,"href":"https:\/\/pruebas.michollo.to\/it\/wp-json\/wp\/v2\/media\/19549"}],"wp:attachment":[{"href":"https:\/\/pruebas.michollo.to\/it\/wp-json\/wp\/v2\/media?parent=19547"}],"wp:term":[{"taxonomy":"product_brand","embeddable":true,"href":"https:\/\/pruebas.michollo.to\/it\/wp-json\/wp\/v2\/product_brand?post=19547"},{"taxonomy":"product_cat","embeddable":true,"href":"https:\/\/pruebas.michollo.to\/it\/wp-json\/wp\/v2\/product_cat?post=19547"},{"taxonomy":"product_tag","embeddable":true,"href":"https:\/\/pruebas.michollo.to\/it\/wp-json\/wp\/v2\/product_tag?post=19547"}],"curies":[{"name":"wp","href":"https:\/\/api.w.org\/{rel}","templated":true}]}}