{"id":2092,"date":"2023-06-22T08:35:17","date_gmt":"2023-06-22T10:35:17","guid":{"rendered":"https:\/\/www.minandovoy.com\/?post_type=product&#038;p=2092"},"modified":"2025-05-09T14:47:13","modified_gmt":"2025-05-09T12:47:13","slug":"iceriver-ks1-1t","status":"publish","type":"product","link":"https:\/\/pruebas.michollo.to\/it\/prodotto\/iceriver-ks1-1t\/","title":{"rendered":"Nuovo IceRiver Miner KS1 1TH 600W 30 db KAS Mining"},"content":{"rendered":"<p>L'ASIC, IceRiver KS1 1T\/s, \u00e8 un dispositivo specializzato nel mining di criptovalute, progettato specificamente per il mining di Kaspa o di altre criptovalute che utilizzano l'algoritmo kHeavyHash. La confezione include un alimentatore IceRiver PSU.<\/p>\n<p>Di seguito sono riportate alcune caratteristiche rilevanti dell'ASIC:<\/p>\n<ul>\n<li>Livello di rumorosit\u00e0: questo ASIC minerario Kaspa \u00e8 progettato per l'uso domestico e non genera un rumore significativo, emettendo solo 30 dB.<\/li>\n<li>Consumo di energia: Il consumo di energia di questo ASIC \u00e8 molto basso, il che lo rende adatto all'uso domestico. Si consiglia di utilizzare una tariffa elettrica domestica.<\/li>\n<\/ul>\n<h3><strong>Caratteristiche del minatore:<\/strong><\/h3>\n<table class=\"woocommerce-product-attributes shop_attributes\">\n<tbody>\n<tr class=\"woocommerce-product-attributes-item woocommerce-product-attributes-item--attribute_kas-hashrate\">\n<th class=\"woocommerce-product-attributes-item__label\">KAS Hashrate<\/th>\n<td class=\"woocommerce-product-attributes-item__value\">1TH\/S (\u00b110%)<\/td>\n<\/tr>\n<tr class=\"woocommerce-product-attributes-item woocommerce-product-attributes-item--attribute_wall-power\">\n<th class=\"woocommerce-product-attributes-item__label\">Potenza<\/th>\n<td class=\"woocommerce-product-attributes-item__value\">600W\/h (\u00b110%)<\/td>\n<\/tr>\n<tr class=\"woocommerce-product-attributes-item woocommerce-product-attributes-item--attribute_specifications\">\n<th class=\"woocommerce-product-attributes-item__label\">Rapporto hashrate-potenza<\/th>\n<td class=\"woocommerce-product-attributes-item__value\">1TH 600W<\/td>\n<\/tr>\n<tr class=\"woocommerce-product-attributes-item woocommerce-product-attributes-item--attribute_dimensionwith-packaging\">\n<th class=\"woocommerce-product-attributes-item__label\">Dimensioni<\/th>\n<td class=\"woocommerce-product-attributes-item__value\">490\u00d7300\u00d7400 (mm)<\/td>\n<\/tr>\n<tr class=\"woocommerce-product-attributes-item woocommerce-product-attributes-item--attribute_dimension\">\n<th class=\"woocommerce-product-attributes-item__label\">Dimensioni del minatore<\/th>\n<td class=\"woocommerce-product-attributes-item__value\">370\u00d7195\u00d7290 (mm)<\/td>\n<\/tr>\n<tr class=\"woocommerce-product-attributes-item woocommerce-product-attributes-item--attribute_gross-weight\">\n<th class=\"woocommerce-product-attributes-item__label\">Peso<\/th>\n<td class=\"woocommerce-product-attributes-item__value\">14,9 kg<\/td>\n<\/tr>\n<tr class=\"woocommerce-product-attributes-item woocommerce-product-attributes-item--attribute_net-weight\">\n<th class=\"woocommerce-product-attributes-item__label\">Peso netto<\/th>\n<td class=\"woocommerce-product-attributes-item__value\">12,5 kg<\/td>\n<\/tr>\n<tr class=\"woocommerce-product-attributes-item woocommerce-product-attributes-item--attribute_connection\">\n<th class=\"woocommerce-product-attributes-item__label\">Connessione<\/th>\n<td class=\"woocommerce-product-attributes-item__value\">ethernet<\/td>\n<\/tr>\n<tr class=\"woocommerce-product-attributes-item woocommerce-product-attributes-item--attribute_voltage-input\">\n<th class=\"woocommerce-product-attributes-item__label\">Tensione di ingresso<\/th>\n<td class=\"woocommerce-product-attributes-item__value\">170-300V AC<\/td>\n<\/tr>\n<tr class=\"woocommerce-product-attributes-item woocommerce-product-attributes-item--attribute_operating-temp\">\n<th class=\"woocommerce-product-attributes-item__label\">Temperatura<\/th>\n<td class=\"woocommerce-product-attributes-item__value\">0~35 \u2103<\/td>\n<\/tr>\n<\/tbody>\n<\/table>\n<h3>Che cos'\u00e8 la Kaspa?<\/h3>\n<p>Kaspa \u00e8 una criptovaluta che si basa sulla tecnologia blockchain, proprio come Bitcoin e altre criptovalute popolari. Come principiante, \u00e8 importante capire che una criptovaluta \u00e8 un tipo di valuta digitale che utilizza la crittografia per proteggere e verificare le transazioni effettuate sulla sua rete.<\/p>\n<p>Kaspa si distingue come una rete progettata specificamente per affrontare alcune sfide e limitazioni osservate in altre criptovalute. Una delle caratteristiche principali di Kaspa \u00e8 il suo algoritmo di consenso, chiamato kPoW (Kaspa Proof of Work), che garantisce la sicurezza e l'affidabilit\u00e0 della rete.<\/p>\n<p>Una delle differenze significative di Kaspa rispetto ad altre criptovalute \u00e8 la sua capacit\u00e0 di scalare in modo efficiente. Ci\u00f2 significa che Kaspa \u00e8 in grado di gestire un numero maggiore di transazioni al secondo e pu\u00f2 crescere in modo pi\u00f9 efficace man mano che pi\u00f9 utenti si uniscono alla rete. Questa scalabilit\u00e0 migliora la velocit\u00e0 e l'efficienza delle transazioni, a tutto vantaggio dell'adozione diffusa delle criptovalute.<\/p>\n<p>Inoltre, Kaspa \u00e8 considerata una rete decentralizzata e open source, il che significa che non \u00e8 controllata da un'autorit\u00e0 centrale e che chiunque pu\u00f2 accedere al suo codice sorgente e contribuire allo sviluppo della piattaforma.<\/p>\n<p>&nbsp;<\/p>\n<h6><\/h6>\n<h6><\/h6>","protected":false},"excerpt":{"rendered":"<p>El ASIC, IceRiver KS1 1T\/s, es un dispositivo especializado en la miner\u00eda de criptomonedas, dise\u00f1ado espec\u00edficamente para minar Kaspa u otras criptomonedas que utilizan el algoritmo kHeavyHash. El paquete incluye una fuente de alimentaci\u00f3n PSU IceRiver. A continuaci\u00f3n, se detallan algunas caracter\u00edsticas relevantes del ASIC: Nivel de ruido: Este ASIC de miner\u00eda de Kaspa ha [&hellip;]<\/p>\n","protected":false},"featured_media":2093,"comment_status":"open","ping_status":"closed","template":"","meta":[],"product_brand":[],"product_cat":[19],"product_tag":[244,138,137],"class_list":{"0":"post-2092","1":"product","2":"type-product","3":"status-publish","4":"has-post-thumbnail","6":"product_cat-mineros","7":"product_tag-gme","8":"product_tag-mineros-para-avanzados","9":"product_tag-mineros-para-principiantes","11":"first","12":"outofstock","13":"featured","14":"taxable","15":"shipping-taxable","16":"purchasable","17":"product-type-simple"},"_links":{"self":[{"href":"https:\/\/pruebas.michollo.to\/it\/wp-json\/wp\/v2\/product\/2092","targetHints":{"allow":["GET"]}}],"collection":[{"href":"https:\/\/pruebas.michollo.to\/it\/wp-json\/wp\/v2\/product"}],"about":[{"href":"https:\/\/pruebas.michollo.to\/it\/wp-json\/wp\/v2\/types\/product"}],"replies":[{"embeddable":true,"href":"https:\/\/pruebas.michollo.to\/it\/wp-json\/wp\/v2\/comments?post=2092"}],"wp:featuredmedia":[{"embeddable":true,"href":"https:\/\/pruebas.michollo.to\/it\/wp-json\/wp\/v2\/media\/2093"}],"wp:attachment":[{"href":"https:\/\/pruebas.michollo.to\/it\/wp-json\/wp\/v2\/media?parent=2092"}],"wp:term":[{"taxonomy":"product_brand","embeddable":true,"href":"https:\/\/pruebas.michollo.to\/it\/wp-json\/wp\/v2\/product_brand?post=2092"},{"taxonomy":"product_cat","embeddable":true,"href":"https:\/\/pruebas.michollo.to\/it\/wp-json\/wp\/v2\/product_cat?post=2092"},{"taxonomy":"product_tag","embeddable":true,"href":"https:\/\/pruebas.michollo.to\/it\/wp-json\/wp\/v2\/product_tag?post=2092"}],"curies":[{"name":"wp","href":"https:\/\/api.w.org\/{rel}","templated":true}]}}