{"id":2563,"date":"2023-09-05T13:42:14","date_gmt":"2023-09-05T15:42:14","guid":{"rendered":"https:\/\/www.minandovoy.com\/?post_type=product&#038;p=2563"},"modified":"2026-02-23T13:18:46","modified_gmt":"2026-02-23T12:18:46","slug":"asic-iceriver-ks3m-kaspa-kas-6-th-s","status":"publish","type":"product","link":"https:\/\/pruebas.michollo.to\/it\/prodotto\/iceriver-asic-ks3m-kaspa-kas-6-th-s\/","title":{"rendered":"ASIC ICERIVER KS3M: Miner specializzato in criptovalute Kaspa (KAS) - 6 TH\/s"},"content":{"rendered":"<h2><strong style=\"font-size: 16px;\">Asic IceRiver KS3M: il vostro partner definitivo per l'estrazione di criptovalute<\/strong><\/h2>\n<div class=\"desc_content\">\n<p>Benvenuti nel mondo delle criptovalute, dove l'innovazione definisce il successo. Vi presentiamo l'Asic IceRiver KS3M, un capolavoro tecnologico progettato per elevare le vostre operazioni di mining a livelli eccezionali. Siete pronti a scoprire perch\u00e9 questo dispositivo \u00e8 essenziale per la vostra attivit\u00e0?<\/p>\n<div class=\"asicminer-widget-container\" style=\"width: 100%; min-height: 300px;\">\n            <iframe id=\"asicminer-widget-1492\" \n                    src=\"https:\/\/pruebas.michollo.to\/wp-content\/themes\/minandovoy\/proxy-widget.php?miner=iceriver\/ks3m&#038;type=profit&#038;theme=dark\" \n                    width=\"100%\" \n                    height=\"300\" \n                    frameborder=\"0\"\n                    loading=\"lazy\"\n                    style=\"border: none; overflow: hidden;\"\n                    title=\"ASIC Miner Widget\">\n            <\/iframe>\n        <\/div>\n<p><strong>Potenza effettiva e straordinaria efficienza energetica<\/strong><\/p>\n<p>Siete alla ricerca di prestazioni costanti? L'Asic IceRiver KS3M le offre in un pacchetto efficiente. Grazie alla sua potenza di elaborazione fino a 6 TH\/s, questo dispositivo risolve algoritmi complessi con facilit\u00e0. Ma ci\u00f2 che lo rende ancora pi\u00f9 prezioso \u00e8 la sua efficienza energetica. Con un consumo di soli 3400 W, raggiunge un equilibrio perfetto tra potenza e risorse. Cosa significa per voi? Pi\u00f9 ricompensa e meno dispendio di energia.<\/p>\n<p><strong>Perch\u00e9 \u00e8 fondamentale prendere in considerazione l'Asic IceRiver KS3M nel campo del mining di criptovalute?<\/strong><\/p>\n<p>In breve, l'Asic IceRiver KS3M \u00e8 un alleato indispensabile per il mining di criptovalute. Grazie alla capacit\u00e0 di estrarre Kaspa utilizzando l'algoritmo KHeavyHash, apre le porte a ricompense significative. Il suo design compatto, l'efficienza energetica, la potenza di elaborazione e la connettivit\u00e0 avanzata lo rendono una scelta essenziale per chi vuole massimizzare il suo potenziale. Siete pronti a conquistare il mondo delle criptovalute con il supporto di Asic IceRiver KS3M? La risposta \u00e8 a portata di mano.<\/p>\n<\/div>","protected":false},"excerpt":{"rendered":"<p>Asic IceRiver KS3M : Tu Socio Definitivo en la Miner\u00eda de Criptomonedas Bienvenido al mundo de las criptomonedas, donde la innovaci\u00f3n define el \u00e9xito. Presentamos el Asic IceRiver KS3M , una obra maestra tecnol\u00f3gica dise\u00f1ada para elevar tus operaciones mineras a niveles excepcionales. \u00bfListo para descubrir por qu\u00e9 este dispositivo es esencial para tu negocio? [&hellip;]<\/p>\n","protected":false},"featured_media":2564,"comment_status":"open","ping_status":"closed","template":"","meta":[],"product_brand":[],"product_cat":[15],"product_tag":[52,244,241],"class_list":{"0":"post-2563","1":"product","2":"type-product","3":"status-publish","4":"has-post-thumbnail","6":"product_cat-sin-categorizar","7":"product_tag-asic","8":"product_tag-gme","9":"product_tag-kaspa","11":"first","12":"outofstock","13":"featured","14":"taxable","15":"shipping-taxable","16":"purchasable","17":"product-type-simple"},"_links":{"self":[{"href":"https:\/\/pruebas.michollo.to\/it\/wp-json\/wp\/v2\/product\/2563","targetHints":{"allow":["GET"]}}],"collection":[{"href":"https:\/\/pruebas.michollo.to\/it\/wp-json\/wp\/v2\/product"}],"about":[{"href":"https:\/\/pruebas.michollo.to\/it\/wp-json\/wp\/v2\/types\/product"}],"replies":[{"embeddable":true,"href":"https:\/\/pruebas.michollo.to\/it\/wp-json\/wp\/v2\/comments?post=2563"}],"wp:featuredmedia":[{"embeddable":true,"href":"https:\/\/pruebas.michollo.to\/it\/wp-json\/wp\/v2\/media\/2564"}],"wp:attachment":[{"href":"https:\/\/pruebas.michollo.to\/it\/wp-json\/wp\/v2\/media?parent=2563"}],"wp:term":[{"taxonomy":"product_brand","embeddable":true,"href":"https:\/\/pruebas.michollo.to\/it\/wp-json\/wp\/v2\/product_brand?post=2563"},{"taxonomy":"product_cat","embeddable":true,"href":"https:\/\/pruebas.michollo.to\/it\/wp-json\/wp\/v2\/product_cat?post=2563"},{"taxonomy":"product_tag","embeddable":true,"href":"https:\/\/pruebas.michollo.to\/it\/wp-json\/wp\/v2\/product_tag?post=2563"}],"curies":[{"name":"wp","href":"https:\/\/api.w.org\/{rel}","templated":true}]}}