{"id":2748,"date":"2023-10-26T11:57:34","date_gmt":"2023-10-26T13:57:34","guid":{"rendered":"https:\/\/www.minandovoy.com\/?post_type=product&#038;p=2748"},"modified":"2025-09-04T10:33:32","modified_gmt":"2025-09-04T08:33:32","slug":"bitmain-antminer-ks3kas","status":"publish","type":"product","link":"https:\/\/pruebas.michollo.to\/it\/prodotto\/bitmain-antminer-ks3kas\/","title":{"rendered":"Bitmain Antminer KS3 KAS: prestazioni avanzate per l'estrazione di criptovalute KAS ( 9,4 Th)"},"content":{"rendered":"<p>Bitmain, produttore leader di apparecchiature per il mining di Bitcoin, ha annunciato il lancio del suo primo miner progettato specificamente per la criptovaluta Kaspa (KAS). Si chiama Antminer KS3.<\/p>\n<p>Questo nuovo dispositivo raggiunge una velocit\u00e0 di hash di 8terahashes al secondo (Th\/s). Anche l'efficienza energetica \u00e8 un punto di forza del KS3, con 3.188 W (simile al miner Bitcoin S19 XP). Vale la pena notare che Bitmain, che produce anche minatori ASIC per Bitcoin, Litecoin, Ethereum Classic e Zcash, non ha ancora reso noto il prezzo del KS3 per il mining di Kaspa.<\/p>\n<p>Il lancio di KS3 rappresenta un'importante pietra miliare sia per Bitmain che per Kaspa. Sebbene Kaspa sia una criptovaluta relativamente nuova, ha raggiunto una forte posizione nel settore in un tempo molto breve. Il tasso di hash di Kaspa \u00e8 triplicato nel primo trimestre del 2023. Verso la fine dello scorso anno, dopo la fusione con Ethereum, \u00e8 diventata una delle criptovalute pi\u00f9 redditizie da minare con le schede grafiche (GPU).<\/p>\n<h3>Che cos'\u00e8 la Kaspa?<\/h3>\n<p>Kaspa \u00e8 una criptovaluta che si basa sulla tecnologia blockchain, proprio come Bitcoin e altre criptovalute popolari. Come principiante, \u00e8 importante capire che una criptovaluta \u00e8 un tipo di valuta digitale che utilizza la crittografia per proteggere e verificare le transazioni effettuate sulla sua rete.<\/p>\n<p>Kaspa si distingue come una rete progettata specificamente per affrontare alcune sfide e limitazioni osservate in altre criptovalute. Una delle caratteristiche principali di Kaspa \u00e8 il suo algoritmo di consenso, chiamato kPoW (Kaspa Proof of Work), che garantisce la sicurezza e l'affidabilit\u00e0 della rete.<\/p>\n<p>Una delle differenze significative di Kaspa rispetto ad altre criptovalute \u00e8 la sua capacit\u00e0 di scalare in modo efficiente. Ci\u00f2 significa che Kaspa \u00e8 in grado di gestire un numero maggiore di transazioni al secondo e pu\u00f2 crescere in modo pi\u00f9 efficace man mano che pi\u00f9 utenti si uniscono alla rete. Questa scalabilit\u00e0 migliora la velocit\u00e0 e l'efficienza delle transazioni, a tutto vantaggio dell'adozione diffusa delle criptovalute.<\/p>\n<p>Inoltre, Kaspa \u00e8 considerata una rete decentralizzata e open source, il che significa che non \u00e8 controllata da un'autorit\u00e0 centrale e che chiunque pu\u00f2 accedere al suo codice sorgente e contribuire allo sviluppo della piattaforma.<\/p>","protected":false},"excerpt":{"rendered":"<p>Bitmain, uno de los principales fabricantes de equipos de miner\u00eda de Bitcoin, ha anunciado el lanzamiento de su primer minero dise\u00f1ado espec\u00edficamente para la criptomoneda Kaspa (KAS). Se llama Antminer KS3. Este nuevo dispositivo alcanza una tasa de hash de 8terahashes por segundo (Th\/s). La eficiencia energ\u00e9tica tambi\u00e9n es un aspecto destacado del KS3, con [&hellip;]<\/p>\n","protected":false},"featured_media":2488,"comment_status":"open","ping_status":"closed","template":"","meta":[],"product_brand":[],"product_cat":[19],"product_tag":[52,244,241,262,138],"class_list":{"0":"post-2748","1":"product","2":"type-product","3":"status-publish","4":"has-post-thumbnail","6":"product_cat-mineros","7":"product_tag-asic","8":"product_tag-gme","9":"product_tag-kaspa","10":"product_tag-ks3","11":"product_tag-mineros-para-avanzados","13":"first","14":"outofstock","15":"featured","16":"taxable","17":"shipping-taxable","18":"product-type-simple"},"_links":{"self":[{"href":"https:\/\/pruebas.michollo.to\/it\/wp-json\/wp\/v2\/product\/2748","targetHints":{"allow":["GET"]}}],"collection":[{"href":"https:\/\/pruebas.michollo.to\/it\/wp-json\/wp\/v2\/product"}],"about":[{"href":"https:\/\/pruebas.michollo.to\/it\/wp-json\/wp\/v2\/types\/product"}],"replies":[{"embeddable":true,"href":"https:\/\/pruebas.michollo.to\/it\/wp-json\/wp\/v2\/comments?post=2748"}],"wp:featuredmedia":[{"embeddable":true,"href":"https:\/\/pruebas.michollo.to\/it\/wp-json\/wp\/v2\/media\/2488"}],"wp:attachment":[{"href":"https:\/\/pruebas.michollo.to\/it\/wp-json\/wp\/v2\/media?parent=2748"}],"wp:term":[{"taxonomy":"product_brand","embeddable":true,"href":"https:\/\/pruebas.michollo.to\/it\/wp-json\/wp\/v2\/product_brand?post=2748"},{"taxonomy":"product_cat","embeddable":true,"href":"https:\/\/pruebas.michollo.to\/it\/wp-json\/wp\/v2\/product_cat?post=2748"},{"taxonomy":"product_tag","embeddable":true,"href":"https:\/\/pruebas.michollo.to\/it\/wp-json\/wp\/v2\/product_tag?post=2748"}],"curies":[{"name":"wp","href":"https:\/\/api.w.org\/{rel}","templated":true}]}}