{"id":2794,"date":"2023-11-03T14:41:04","date_gmt":"2023-11-03T16:41:04","guid":{"rendered":"https:\/\/www.minandovoy.com\/?post_type=product&#038;p=2794"},"modified":"2025-05-09T14:47:08","modified_gmt":"2025-05-09T12:47:08","slug":"iceriver-kas-ks0-pro","status":"publish","type":"product","link":"https:\/\/pruebas.michollo.to\/it\/prodotto\/iceriver-kas-ks0-pro-2\/","title":{"rendered":"Iceriver KS0 PRO 200 Gh Nuovo!"},"content":{"rendered":"<p><strong>Iceriver KS0 Pro: la macchina da miniera ad alte prestazioni<\/strong><\/p>\n<p>Il KS0 Pro, l'ultimo nato della straordinaria linea di miner di Iceriver, \u00e8 una potenza di elaborazione senza pari nel mondo del mining di criptovalute. Progettato meticolosamente per garantire prestazioni ottimali, efficienza energetica e affidabilit\u00e0 straordinaria, il KS0 Pro \u00e8 la scelta definitiva per i minatori pi\u00f9 esigenti.<\/p>\n<p><iframe loading=\"lazy\" title=\"Questa piccola macchina genera reddito passivo\" width=\"500\" height=\"281\" src=\"https:\/\/www.youtube.com\/embed\/o67Pwvaz90c?feature=oembed\" frameborder=\"0\" allow=\"accelerometer; autoplay; clipboard-write; encrypted-media; gyroscope; picture-in-picture; web-share\" referrerpolicy=\"strict-origin-when-cross-origin\" allowfullscreen><\/iframe><\/p>\n<p><strong>Specifiche impressionanti:<\/strong><\/p>\n<ul>\n<li>Velocit\u00e0 di trasmissione KAS: 200GH\/S (\u00b110%)<\/li>\n<li>Consumo di energia: 100W\/h (\u00b110%)<\/li>\n<li>Dimensioni compatte: 200x194x74 (millimetri)<\/li>\n<li>Peso netto: 2,5 kg<\/li>\n<\/ul>\n<p><strong>Connettivit\u00e0 senza problemi:<\/strong> Il KS0 Pro si collega facilmente via Ethernet, garantendo una comunicazione fluida e affidabile con il sistema minerario. Grazie alle versatili opzioni di ingresso di tensione, pu\u00f2 funzionare con un'alimentazione da 100-240 V CA o, se preferite, da 19-20 V CC, offrendo la flessibilit\u00e0 necessaria per adattarsi alle vostre esigenze.<\/p>\n<p><strong>Funzionamento silenzioso ed efficiente:<\/strong> Nonostante la sua potenza, il KS0 Pro funziona in modo silenzioso, con un livello di rumore di soli 10 dB. Inoltre, la sua efficienza energetica all'avanguardia garantisce la possibilit\u00e0 di estrarre per ore senza preoccuparsi di costi energetici elevati.<\/p>\n<p><strong>Prestazioni ineguagliabili:<\/strong> Il KS0 Pro si distingue per il suo hashrate di 200GH\/S (\u00b110%), che lo pone all'avanguardia nel mining di criptovalute. Il suo design compatto e il peso ridotto lo rendono la scelta ideale per qualsiasi ambiente di mining.<\/p>\n<p><strong>Temperatura ottimale:<\/strong> Questo minatore pu\u00f2 funzionare in un intervallo di temperatura compreso tra 0 e 35 \u2103, purch\u00e9 sia collocato in un ambiente con una buona circolazione dell'aria. Ci\u00f2 garantisce prestazioni costanti anche in condizioni difficili.<\/p>\n<p>Il KS0 Pro di Iceriver \u00e8 la combinazione perfetta di potenza, efficienza e facilit\u00e0 d'uso. Se siete alla ricerca di una macchina da mining ad alte prestazioni che superi le vostre aspettative, il KS0 Pro \u00e8 la scelta indiscussa. Potenziate le vostre operazioni di mining di criptovalute con la KS0 Pro di Iceriver e sperimentate un nuovo livello di produttivit\u00e0.<\/p>","protected":false},"excerpt":{"rendered":"<p>KS0 Pro de Iceriver: La M\u00e1quina de Miner\u00eda de Alto Rendimiento El KS0 Pro, la \u00faltima incorporaci\u00f3n de Iceriver a su destacada l\u00ednea de mineros, es una potencia de procesamiento como ninguna otra en el mundo de la miner\u00eda de criptomonedas. Dise\u00f1ado meticulosamente para brindar un rendimiento \u00f3ptimo, eficiencia energ\u00e9tica y confiabilidad sobresalientes, el KS0 [&hellip;]<\/p>\n","protected":false},"featured_media":2071,"comment_status":"open","ping_status":"closed","template":"","meta":[],"product_brand":[],"product_cat":[19],"product_tag":[244,138,137],"class_list":{"0":"post-2794","1":"product","2":"type-product","3":"status-publish","4":"has-post-thumbnail","6":"product_cat-mineros","7":"product_tag-gme","8":"product_tag-mineros-para-avanzados","9":"product_tag-mineros-para-principiantes","11":"first","12":"outofstock","13":"featured","14":"taxable","15":"shipping-taxable","16":"purchasable","17":"product-type-simple"},"_links":{"self":[{"href":"https:\/\/pruebas.michollo.to\/it\/wp-json\/wp\/v2\/product\/2794","targetHints":{"allow":["GET"]}}],"collection":[{"href":"https:\/\/pruebas.michollo.to\/it\/wp-json\/wp\/v2\/product"}],"about":[{"href":"https:\/\/pruebas.michollo.to\/it\/wp-json\/wp\/v2\/types\/product"}],"replies":[{"embeddable":true,"href":"https:\/\/pruebas.michollo.to\/it\/wp-json\/wp\/v2\/comments?post=2794"}],"wp:featuredmedia":[{"embeddable":true,"href":"https:\/\/pruebas.michollo.to\/it\/wp-json\/wp\/v2\/media\/2071"}],"wp:attachment":[{"href":"https:\/\/pruebas.michollo.to\/it\/wp-json\/wp\/v2\/media?parent=2794"}],"wp:term":[{"taxonomy":"product_brand","embeddable":true,"href":"https:\/\/pruebas.michollo.to\/it\/wp-json\/wp\/v2\/product_brand?post=2794"},{"taxonomy":"product_cat","embeddable":true,"href":"https:\/\/pruebas.michollo.to\/it\/wp-json\/wp\/v2\/product_cat?post=2794"},{"taxonomy":"product_tag","embeddable":true,"href":"https:\/\/pruebas.michollo.to\/it\/wp-json\/wp\/v2\/product_tag?post=2794"}],"curies":[{"name":"wp","href":"https:\/\/api.w.org\/{rel}","templated":true}]}}