{"id":2795,"date":"2023-11-03T14:45:00","date_gmt":"2023-11-03T16:45:00","guid":{"rendered":"https:\/\/www.minandovoy.com\/?post_type=product&#038;p=2795"},"modified":"2025-09-01T16:10:08","modified_gmt":"2025-09-01T14:10:08","slug":"antminer-s19","status":"publish","type":"product","link":"https:\/\/pruebas.michollo.to\/it\/prodotto\/antminer-s19-86-95t\/","title":{"rendered":"ANTMINER S19"},"content":{"rendered":"<h3>ANTMINER S19 PRO<\/h3>\n<p>Questo modello, Antminer S19 PRO (82T), \u00e8 stato creato da Bitmain nel 2020 ed \u00e8 ancora in produzione grazie alla sua grande accoglienza sul mercato.<\/p>\n<p>L'Antminer S19 PRO, con una potenza di estrazione di 82Th e un consumo di energia di 2829w\/h, \u00e8 orientato verso l'estrazione di <a href=\"https:\/\/www.minandovoy.com\/categoria\/mineros\/?algoritmos=sha-256\">BITCOIN (SHA-256)<\/a><\/p>\n<div class=\"asicminer-widget-container\" style=\"width: 100%; min-height: 300px;\">\n            <iframe id=\"asicminer-widget-7124\" \n                    src=\"https:\/\/pruebas.michollo.to\/wp-content\/themes\/minandovoy\/proxy-widget.php?miner=bitmain\/antminer-s19-95th&#038;type=profit&#038;theme=dark\" \n                    width=\"100%\" \n                    height=\"300\" \n                    frameborder=\"0\"\n                    loading=\"lazy\"\n                    style=\"border: none; overflow: hidden;\"\n                    title=\"ASIC Miner Widget\">\n            <\/iframe>\n        <\/div>\n<h3><b>Che cos'\u00e8 Bitmain?<\/b><\/h3>\n<p><em>Bitmain<\/em>\u00a0\u00e8 un'azienda con sede a Pechino, in Cina. \u00c8 considerata una delle aziende pi\u00f9 importanti nel settore delle criptovalute per la produzione di hardware di alta qualit\u00e0 con enormi capacit\u00e0 di mining e per i suoi progressi tecnologici. \u00c8 il pi\u00f9 grande progettista al mondo di apparecchiature per il mining di criptovalute.\u00a0<em>ASIC<\/em>\u00a0per l'estrazione mineraria\u00a0<em>Bitcoin<\/em>.<\/p>\n<p>Bitmain \u00e8 nota soprattutto per il suo hardware Bitcoin, anche se \u00e8 interessata a progetti che portano solidit\u00e0 alla sua attivit\u00e0, come Ethereum\/Ethereum Classic.<\/p>\n<p>Nell'aprile del 2021, il grande produttore ha annunciato il lancio di una macchina per il mining di Ethreum, Antminer E9. Questa vera e propria bestia ha la potenza equivalente di 25 GPU Nvidia RTX 3080.<\/p>\n<p>&nbsp;<\/p>\n<h3><strong>UN PO' DI BITCOIN<\/strong><\/h3>\n<p>\u00c8 la prima criptovaluta ad essere stata sviluppata e, quindi, quella che ha aperto la strada a tutte le altre che sono arrivate successivamente utilizzando la sua tecnologia blockchain.<\/p>\n<p>C'\u00e8 una quantit\u00e0 di Bitcoin che viene emessa ogni anno e questa quantit\u00e0 \u00e8 determinata dal suo algoritmo; ogni 4 anni la sua produzione viene ridotta di due, in modo da emettere solo un totale di 21 milioni di Bitcoin.<\/p>\n<p>Questa \u00e8 la grande differenza rispetto alle valute convenzionali, in quanto le banche ne modificano il valore. Ci\u00f2 significa che la criptovaluta, in questo caso il Bitcoin, pu\u00f2 offrire maggiore stabilit\u00e0 mentre le valute convenzionali si deprezzano.<\/p>\n<p>Oggi le criptovalute sono utilizzate come metodo di pagamento su molte piattaforme; la valuta di scambio nella maggior parte dei casi \u00e8 il Bitcoin, in quanto sicuro e privato.<\/p>\n<p>&nbsp;<\/p>\n<p>Garant\u00eda total de 1 a\u00f1o.Protege tanto piezas como mano de obra y te da acceso a nuestro soporte t\u00e9cnico especializado. Ante cualquier incidencia, solo tienes que abrir un ticket en tu \u00e1rea de cliente: nos ocupamos de la reparaci\u00f3n o sustituci\u00f3n sin coste a\u00f1adido.<\/p>\n<p>&nbsp;<\/p>\n<h3><strong>PRINCIPALI VANTAGGI DI <a href=\"https:\/\/coinmarketcap.com\/es\/currencies\/bitcoin\/\">BITCOIN<\/a><\/strong><\/h3>\n<ol>\n<li>Velocit\u00e0: inviare denaro a se stessi, indipendentemente dall'importo e dalla destinazione, in pochi minuti.<\/li>\n<li>Economico: quando si effettua un bonifico tramite la propria banca pu\u00f2 costare molto, con Bitcoin il costo \u00e8 gratuito o di pochi centesimi.<\/li>\n<li>Globale: potete inviare ovunque nel mondo, non ha confini.<\/li>\n<li>Decentrata: nessun governo\/banca pu\u00f2 controllarla, n\u00e9 nella sua creazione n\u00e9 nella sua distribuzione.<\/li>\n<li>Propriet\u00e0: il denaro appartiene a voi 100%, non pu\u00f2 essere prelevato da nessuno, siete la vostra banca.<\/li>\n<li>Trasparente:  Tutte le transazioni sono pubbliche, ma sempre sotto pseudonimo.<\/li>\n<li>Emissione limitata: nessuno pu\u00f2 generare migliaia di Bitcoin solo perch\u00e9 ne ha voglia, compaiono grazie al mining.<\/li>\n<li>Privato: Bitcoin cerca di preservare la privacy, in misura molto elevata, anche se non \u00e8 completamente anonimo e lavora per esserlo.<\/li>\n<\/ol>\n<p>&nbsp;<\/p>","protected":false},"excerpt":{"rendered":"<p>ANTMINER S19 PRO Este modelo, Antminer S19 PRO (82T) fue creado por Bitmain en el a\u00f1o 2020 y todav\u00eda sigue en producci\u00f3n debido a su gran acogida en el mercado. El Antminer S19 PRO , tiene una potencia de minado de 82Th y un consumo el\u00e9ctrico de 2829w\/h est\u00e1 orientada a la miner\u00eda de BITCOIN [&hellip;]<\/p>\n","protected":false},"featured_media":464,"comment_status":"open","ping_status":"closed","template":"","meta":[],"product_brand":[],"product_cat":[19],"product_tag":[244,138,137],"class_list":{"0":"post-2795","1":"product","2":"type-product","3":"status-publish","4":"has-post-thumbnail","6":"product_cat-mineros","7":"product_tag-gme","8":"product_tag-mineros-para-avanzados","9":"product_tag-mineros-para-principiantes","11":"first","12":"outofstock","13":"featured","14":"taxable","15":"shipping-taxable","16":"purchasable","17":"product-type-variable","18":"has-default-attributes"},"_links":{"self":[{"href":"https:\/\/pruebas.michollo.to\/it\/wp-json\/wp\/v2\/product\/2795","targetHints":{"allow":["GET"]}}],"collection":[{"href":"https:\/\/pruebas.michollo.to\/it\/wp-json\/wp\/v2\/product"}],"about":[{"href":"https:\/\/pruebas.michollo.to\/it\/wp-json\/wp\/v2\/types\/product"}],"replies":[{"embeddable":true,"href":"https:\/\/pruebas.michollo.to\/it\/wp-json\/wp\/v2\/comments?post=2795"}],"wp:featuredmedia":[{"embeddable":true,"href":"https:\/\/pruebas.michollo.to\/it\/wp-json\/wp\/v2\/media\/464"}],"wp:attachment":[{"href":"https:\/\/pruebas.michollo.to\/it\/wp-json\/wp\/v2\/media?parent=2795"}],"wp:term":[{"taxonomy":"product_brand","embeddable":true,"href":"https:\/\/pruebas.michollo.to\/it\/wp-json\/wp\/v2\/product_brand?post=2795"},{"taxonomy":"product_cat","embeddable":true,"href":"https:\/\/pruebas.michollo.to\/it\/wp-json\/wp\/v2\/product_cat?post=2795"},{"taxonomy":"product_tag","embeddable":true,"href":"https:\/\/pruebas.michollo.to\/it\/wp-json\/wp\/v2\/product_tag?post=2795"}],"curies":[{"name":"wp","href":"https:\/\/api.w.org\/{rel}","templated":true}]}}