{"id":2925,"date":"2023-11-29T12:53:29","date_gmt":"2023-11-29T14:53:29","guid":{"rendered":"https:\/\/www.minandovoy.com\/?post_type=product&#038;p=2925"},"modified":"2025-05-09T14:47:08","modified_gmt":"2025-05-09T12:47:08","slug":"futurebit-apollo-btc-miner-nvme-de-1-tb-fuente-de-alimentacion-de-200-w","status":"publish","type":"product","link":"https:\/\/pruebas.michollo.to\/it\/prodotto\/futurebit-apollo-btc-miner-nvme-1-tb-200-watt-alimentatore\/","title":{"rendered":"FutureBit Apollo BTC Miner NVME 1TB + alimentatore da 200W"},"content":{"rendered":"<div id=\"productDescription_feature_div\" class=\"celwidget\" data-feature-name=\"productDescription\" data-csa-c-type=\"widget\" data-csa-c-content-id=\"productDescription\" data-csa-c-slot-id=\"productDescription_feature_div\" data-csa-c-asin=\"\" data-csa-c-is-in-initial-active-row=\"false\" data-csa-c-id=\"301oc7-ufwqa3-t8i3fn-w7clwj\" data-cel-widget=\"productDescription_feature_div\">\n<div>\n<div id=\"productDescription_feature_div\" class=\"a-row feature\" data-feature-name=\"productDescription\" data-template-name=\"productDescription\" data-cel-widget=\"productDescription_feature_div\">\n<div id=\"productDescription\" class=\"a-section a-spacing-small\">\n<p>Presentiamo il <strong>sei core della CPU FutureBit Apollo BTC.<\/strong> 44 core ASIC.<\/p>\n<p>Unit\u00e0 SSD da 1 TB basata su NVMe. Silenzioso. Meno di 200 watt di potenza. Prodotto negli Stati Uniti.<\/p>\n<p>Questo \u00e8 il futuro del Bitcoin. <strong>FutureBit Apollo BTC<\/strong> \u00e8 la prima piattaforma al mondo integrata verticalmente che porta tutta la potenza di Bitcoin e della sua infrastruttura di mining in un dispositivo desktop piccolo, silenzioso e facile da usare, pensato per la gente comune.<\/p>\n<p>Abbiamo iterato e imparato molto dal nostro primo prodotto Apollo. Ci siamo resi conto subito che ci siamo concentrati troppo sull'aspetto del mining e non abbastanza sul software, sulle applicazioni e sui servizi che fanno funzionare Bitcoin.<\/p>\n<p>Troppi di questi servizi si sono spostati su siti online centralizzati e molti utenti hanno rinunciato a gestire il software di base che alimenta Bitcoin. Questa situazione deve cambiare, perch\u00e9 il Bitcoin non rimarr\u00e0 il sistema libero, incensurabile e decentralizzato che \u00e8 oggi se solo pochi controllano il mining che lo alimenta e i nodi che lo controllano.<\/p>\n<p>Il cuore del nuovo prodotto Apollo BTC \u00e8 un SBC (single board computer) rinnovato, che \u00e8 potente come qualsiasi sistema desktop di livello consumer e pu\u00f2 eseguire quasi tutte le applicazioni Bitcoin in modo nativo sul dispositivo 24 ore su 24, 7 giorni su 7. Basta tirarlo fuori dalla scatola, collegarlo, accenderlo e si pu\u00f2 eseguire un nodo Bitcoin completo senza dover fare nulla. Installate un portafoglio di vostra scelta, utilizzate qualsiasi portafoglio hardware, eseguite BTCPayServer, eseguite un block explorer, eseguite un nodo Lightning.<\/p>\n<p>Tutto questo \u00e8 possibile grazie alla nostra CPU a sei core basata su ARM, con 4 GB di RAM e un'unit\u00e0 NVMe da 1 TB, che pu\u00f2 facilmente memorizzare un intero nodo Bitcoin senza alcuna operazione di potatura.<\/p>\n<p>\u00c8 in grado di effettuare una sincronizzazione completa del nodo in meno di 48 ore, un record per un dispositivo della sua classe. \u00c8 quasi un ordine di grandezza pi\u00f9 veloce di qualsiasi altro nodo basato su Raspberry Pi 4.<\/p>\n<\/div>\n<\/div>\n<\/div>\n<\/div>\n<div id=\"aplus_feature_div\" class=\"celwidget\" data-feature-name=\"aplus\" data-csa-c-type=\"widget\" data-csa-c-content-id=\"aplus\" data-csa-c-slot-id=\"aplus_feature_div\" data-csa-c-asin=\"\" data-csa-c-is-in-initial-active-row=\"false\" data-csa-c-id=\"269kgc-k3i453-bjxpo5-ksd19n\" data-cel-widget=\"aplus_feature_div\"><\/div>\n<div id=\"aplusBrandStory_feature_div\" class=\"celwidget\" data-feature-name=\"aplusBrandStory\" data-csa-c-type=\"widget\" data-csa-c-content-id=\"aplusBrandStory\" data-csa-c-slot-id=\"aplusBrandStory_feature_div\" data-csa-c-asin=\"\" data-csa-c-is-in-initial-active-row=\"false\" data-csa-c-id=\"48rwt5-qcnl12-vi10ap-gman6e\" data-cel-widget=\"aplusBrandStory_feature_div\"><\/div>\n<div id=\"aplusSustainabilityStory_feature_div\" class=\"celwidget\" data-feature-name=\"aplusSustainabilityStory\" data-csa-c-type=\"widget\" data-csa-c-content-id=\"aplusSustainabilityStory\" data-csa-c-slot-id=\"aplusSustainabilityStory_feature_div\" data-csa-c-asin=\"\" data-csa-c-is-in-initial-active-row=\"false\" data-csa-c-id=\"xath24-quwf56-9wtc36-kqcyjy\" data-cel-widget=\"aplusSustainabilityStory_feature_div\"><\/div>\n<div id=\"HLCXComparisonWidget_Secondary_wdgs_feature_div\" class=\"celwidget\" data-feature-name=\"HLCXComparisonWidget_Secondary_wdgs\" data-csa-c-type=\"widget\" data-csa-c-content-id=\"HLCXComparisonWidget_Secondary_wdgs\" data-csa-c-slot-id=\"HLCXComparisonWidget_Secondary_wdgs_feature_div\" data-csa-c-asin=\"\" data-csa-c-is-in-initial-active-row=\"false\" data-csa-c-id=\"7y0agd-wh1flx-p8memw-dh0l6o\" data-cel-widget=\"HLCXComparisonWidget_Secondary_wdgs_feature_div\"><\/div>\n<div id=\"importantInformation_feature_div\" class=\"celwidget\" data-feature-name=\"importantInformation\" data-csa-c-type=\"widget\" data-csa-c-content-id=\"importantInformation\" data-csa-c-slot-id=\"importantInformation_feature_div\" data-csa-c-asin=\"\" data-csa-c-is-in-initial-active-row=\"false\" data-csa-c-id=\"ggbbkt-b9043f-c6br0x-j0xdx\" data-cel-widget=\"importantInformation_feature_div\">\n<div class=\"a-divider a-divider-section\"><\/div>\n<\/div>","protected":false},"excerpt":{"rendered":"<p>Presentamos los seis n\u00facleos de CPU FutureBit Apollo BTC. 44 n\u00facleos ASIC. Unidad SSD basada en NVMe de 1 TB. Silencioso. Menos de 200 vatios de potencia. Fabricado en los Estados Unidos. As\u00ed es como se ve el futuro de Bitcoin. FutureBit Apollo BTC es la primera plataforma integrada verticalmente del mundo que trae toda [&hellip;]<\/p>\n","protected":false},"featured_media":2929,"comment_status":"open","ping_status":"closed","template":"","meta":[],"product_brand":[],"product_cat":[15],"product_tag":[],"class_list":{"0":"post-2925","1":"product","2":"type-product","3":"status-publish","4":"has-post-thumbnail","6":"product_cat-sin-categorizar","8":"first","9":"outofstock","10":"taxable","11":"shipping-taxable","12":"purchasable","13":"product-type-simple"},"_links":{"self":[{"href":"https:\/\/pruebas.michollo.to\/it\/wp-json\/wp\/v2\/product\/2925","targetHints":{"allow":["GET"]}}],"collection":[{"href":"https:\/\/pruebas.michollo.to\/it\/wp-json\/wp\/v2\/product"}],"about":[{"href":"https:\/\/pruebas.michollo.to\/it\/wp-json\/wp\/v2\/types\/product"}],"replies":[{"embeddable":true,"href":"https:\/\/pruebas.michollo.to\/it\/wp-json\/wp\/v2\/comments?post=2925"}],"wp:featuredmedia":[{"embeddable":true,"href":"https:\/\/pruebas.michollo.to\/it\/wp-json\/wp\/v2\/media\/2929"}],"wp:attachment":[{"href":"https:\/\/pruebas.michollo.to\/it\/wp-json\/wp\/v2\/media?parent=2925"}],"wp:term":[{"taxonomy":"product_brand","embeddable":true,"href":"https:\/\/pruebas.michollo.to\/it\/wp-json\/wp\/v2\/product_brand?post=2925"},{"taxonomy":"product_cat","embeddable":true,"href":"https:\/\/pruebas.michollo.to\/it\/wp-json\/wp\/v2\/product_cat?post=2925"},{"taxonomy":"product_tag","embeddable":true,"href":"https:\/\/pruebas.michollo.to\/it\/wp-json\/wp\/v2\/product_tag?post=2925"}],"curies":[{"name":"wp","href":"https:\/\/api.w.org\/{rel}","templated":true}]}}