{"id":305,"date":"2022-10-16T04:24:29","date_gmt":"2022-10-16T06:24:29","guid":{"rendered":"https:\/\/pruebas.michollo.to\/producto\/whatsminer-m50-118t\/"},"modified":"2026-02-23T13:22:32","modified_gmt":"2026-02-23T12:22:32","slug":"whatsminer-m50-122t","status":"publish","type":"product","link":"https:\/\/pruebas.michollo.to\/it\/prodotto\/whatsminer-m50-122t\/","title":{"rendered":"Whatsminer M50 122T"},"content":{"rendered":"<p>Whatsminer M50, la nuova macchina per il mining di Bitcoin (<a href=\"https:\/\/www.minandovoy.com\/es_es\/categoria\/mineros\/?algoritmos=sha-256\">SHA-256<\/a>) con una potenza di calcolo di 122T e un consumo energetico di 3200W\/ora.<\/p>\n<p>Questa attrezzatura \u00e8 in produzione a partire da oggi (31\/10\/2022)\u00a0<span class=\"money-symbol unit\">$<\/span> <span class=\"price-val money-val\" data-usd-per=\"0.06931895\" data-usd=\"0.06931895\" data-rule=\"formatPriceWithoutSeparator\">6.62<\/span><span class=\"price-val money-val\" data-usd-per=\"0.06931895\" data-usd=\"0.06931895\" data-rule=\"formatPriceWithoutSeparator\">che sarebbe uguale a <span class=\"pl-1 profit-val info-value\" data-profit=\"0.00000341\">0.00040238<\/span>\u00a0<span class=\"pl-1 info-value\">BTC.<\/span><\/span><\/p>\n<p>Se andiamo indietro nel tempo per raggiungere il picco pi\u00f9 alto raggiunto da questa criptovaluta, andiamo all'ottobre 2021 quando valeva 64,300$, il che significa che questo<br \/>\nmacchina darebbe 25.87$ al giorno.<\/p>\n<p>&nbsp;<\/p>\n<div class=\"currency-container d-inline-block\"><\/div>\n<h3><strong>UN PO' DI BITCOIN<\/strong><\/h3>\n<p>\u00c8 la prima criptovaluta ad essere stata sviluppata e, quindi, quella che ha aperto la strada a tutte le altre che sono arrivate successivamente utilizzando la sua tecnologia blockchain.<\/p>\n<p>C'\u00e8 una quantit\u00e0 di Bitcoin che viene emessa ogni anno e questa quantit\u00e0 \u00e8 determinata dal suo algoritmo; ogni 4 anni la sua produzione viene ridotta di due, in modo da emettere solo un totale di 21 milioni di Bitcoin.<\/p>\n<p>Questa \u00e8 la grande differenza rispetto alle valute convenzionali, in quanto le banche ne modificano il valore. Ci\u00f2 significa che la criptovaluta, in questo caso il Bitcoin, pu\u00f2 offrire maggiore stabilit\u00e0 mentre le valute convenzionali si deprezzano.<\/p>\n<p>Oggi le criptovalute sono utilizzate come metodo di pagamento su molte piattaforme; la valuta di scambio nella maggior parte dei casi \u00e8 il Bitcoin, in quanto sicuro e privato.<\/p>\n<p>&nbsp;<\/p>\n<h3><strong>PRINCIPALI VANTAGGI DI <a href=\"https:\/\/coinmarketcap.com\/es\/currencies\/bitcoin\/\">BITCOIN<\/a><\/strong><\/h3>\n<ol>\n<li>Velocit\u00e0: inviare denaro a se stessi, indipendentemente dall'importo e dalla destinazione, in pochi minuti.<\/li>\n<li>Economico: quando si effettua un bonifico tramite la propria banca pu\u00f2 costare molto, con Bitcoin il costo \u00e8 gratuito o di pochi centesimi.<\/li>\n<li>Globale: potete inviare ovunque nel mondo, non ha confini.<\/li>\n<li>Decentrata: nessun governo\/banca pu\u00f2 controllarla, n\u00e9 nella sua creazione n\u00e9 nella sua distribuzione.<\/li>\n<li>Propriet\u00e0: il denaro appartiene a voi 100%, non pu\u00f2 essere prelevato da nessuno, siete la vostra banca.<\/li>\n<li>Trasparente:  Tutte le transazioni sono pubbliche, ma sempre sotto pseudonimo.<\/li>\n<li>Emissione limitata: nessuno pu\u00f2 generare migliaia di Bitcoin solo perch\u00e9 ne ha voglia, compaiono grazie al mining.<\/li>\n<li>Privato: Bitcoin cerca di preservare la privacy, in misura molto elevata, anche se non \u00e8 completamente anonimo e lavora per esserlo.<\/li>\n<\/ol>","protected":false},"excerpt":{"rendered":"<p>Whatsminer M50 la nueva m\u00e1quina para la miner\u00eda de Bitcoin (SHA-256) con un poder computacional de 122T y un consumo el\u00e9ctrico de\u00a0 3200W\/Hora. Este equipo est\u00e1 produciendo a d\u00eda de hoy (31\/10\/2022)\u00a0$ 6.62, lo que ser\u00eda igual a 0.00040238\u00a0BTC. Si nos movemos de fecha, al pico m\u00e1s alto al que ha estado esta criptomoneda, nos [&hellip;]<\/p>\n","protected":false},"featured_media":306,"comment_status":"open","ping_status":"closed","template":"","meta":[],"product_brand":[],"product_cat":[19],"product_tag":[52,244,138,137],"class_list":{"0":"post-305","1":"product","2":"type-product","3":"status-publish","4":"has-post-thumbnail","6":"product_cat-mineros","7":"product_tag-asic","8":"product_tag-gme","9":"product_tag-mineros-para-avanzados","10":"product_tag-mineros-para-principiantes","12":"first","13":"outofstock","14":"taxable","15":"shipping-taxable","16":"purchasable","17":"product-type-simple"},"_links":{"self":[{"href":"https:\/\/pruebas.michollo.to\/it\/wp-json\/wp\/v2\/product\/305","targetHints":{"allow":["GET"]}}],"collection":[{"href":"https:\/\/pruebas.michollo.to\/it\/wp-json\/wp\/v2\/product"}],"about":[{"href":"https:\/\/pruebas.michollo.to\/it\/wp-json\/wp\/v2\/types\/product"}],"replies":[{"embeddable":true,"href":"https:\/\/pruebas.michollo.to\/it\/wp-json\/wp\/v2\/comments?post=305"}],"wp:featuredmedia":[{"embeddable":true,"href":"https:\/\/pruebas.michollo.to\/it\/wp-json\/wp\/v2\/media\/306"}],"wp:attachment":[{"href":"https:\/\/pruebas.michollo.to\/it\/wp-json\/wp\/v2\/media?parent=305"}],"wp:term":[{"taxonomy":"product_brand","embeddable":true,"href":"https:\/\/pruebas.michollo.to\/it\/wp-json\/wp\/v2\/product_brand?post=305"},{"taxonomy":"product_cat","embeddable":true,"href":"https:\/\/pruebas.michollo.to\/it\/wp-json\/wp\/v2\/product_cat?post=305"},{"taxonomy":"product_tag","embeddable":true,"href":"https:\/\/pruebas.michollo.to\/it\/wp-json\/wp\/v2\/product_tag?post=305"}],"curies":[{"name":"wp","href":"https:\/\/api.w.org\/{rel}","templated":true}]}}