{"id":311,"date":"2022-10-16T04:24:43","date_gmt":"2022-10-16T06:24:43","guid":{"rendered":"https:\/\/pruebas.michollo.to\/producto\/ipollo-v1-mini-classic-plus-280mh\/"},"modified":"2025-05-09T14:47:32","modified_gmt":"2025-05-09T12:47:32","slug":"ipollo-v1-mini-classic-plus-280mh","status":"publish","type":"product","link":"https:\/\/pruebas.michollo.to\/it\/prodotto\/ipollo-v1-mini-classic-plus-280mh\/","title":{"rendered":"Ipollo V1 MINI CLASSIC PLUS 280Mh"},"content":{"rendered":"<p><strong><span style=\"vertical-align: inherit;\"><span style=\"vertical-align: inherit;\">L'iPollo V1 MINI ASIC con 280Mhs di potenza di mining sfrutta l'algoritmo ETHASH con un consumo energetico di soli 270w. <\/span><span style=\"vertical-align: inherit;\">Pronti per la Prova di partecipazione? <\/span><span style=\"vertical-align: inherit;\">Noi lo facciamo!<\/span><\/span><\/strong><\/p>\n<p><strong><img loading=\"lazy\" decoding=\"async\" style=\"display: block; margin-left: auto; margin-right: auto;\" src=\"https:\/\/cdn.shopify.com\/s\/files\/1\/0531\/4877\/8652\/files\/7657A11B-552E-4C09-A7B7-4F979F4C4B4A_480x480.gif?v=1659968093\" alt=\"\" width=\"430\" height=\"215\" \/><\/strong><\/p>\n<p>Conoscete la macchina iPollo V1? Se la conoscete, non ve la lascerete scappare! Si tratta di un ASIC prodotto dall'azienda iPollo, il modello V1 con una potenza di 280Mhs e un consumo di 270w\/ora.<\/p>\n<p>Minare l'algoritmo\u00a0<a href=\"https:\/\/www.minandovoy.com\/categoria\/mineros\/?algoritmos=ethash\">ETHASH<\/a>Anche se ETHEREUM non pu\u00f2 essere estratto con Merge, abbiamo molte altre alternative per l'estrazione con questa macchina, tra cui: Ethereum Classic.<br \/>\nSi tratta di un grande concorso per gli IGR minerari di<a href=\"https:\/\/coinmarketcap.com\/currencies\/ethereum-classic\/\" target=\"_blank\" rel=\"noopener\">\u00a0Ethereum Classic<\/a>Ha una potenza di estrazione di 280Mhs con un consumo energetico molto basso per la potenza di calcolo della macchina.<\/p>\n<p>&nbsp;<\/p>\n<h3><strong>PARLIAMO DI IPOLLO<\/strong><\/h3>\n<p>Ipollo \u00e8 un'azienda che progetta apparecchiature elettroniche, forse pi\u00f9 orientate alle criptovalute. Questa azienda ha creato diverse macchine per il mining di criptovalute come:<br \/>\n- Ethereum: Ipollo V1<br \/>\n- Bitcoin: Ipollo B1L<br \/>\n- Grin: Ipollo G1<br \/>\nSebbene disponga anche di apparecchiature per FileCoin, Chia, Swarm... Ipollo sta cercando di aumentare la potenza di calcolo e di ridurre il consumo energetico, e tutto questo grazie alla sua crescita e alla sua accoglienza nel mercato.<\/p>\n<p>&nbsp;<\/p>\n<h3><strong>ETHEREUM CLASSIC vs ETHEREUM:<\/strong><\/h3>\n<p>Questa criptovaluta \u00e8 stata lanciata nel luglio 2016, la cui funzione principale \u00e8 quella di rete di contratti intelligenti, con la possibilit\u00e0 di memorizzare e supportare le Dapp.<br \/>\nDal momento del lancio, questa criptovaluta ha cercato di differenziarsi dal suo fratello maggiore, in quanto si \u00e8 prefissata di preservare l'integrit\u00e0 della blockchain ETH esistente.<\/p>","protected":false},"excerpt":{"rendered":"<p>\u00a1El ASIC iPollo V1 MINI de 280Mhs de potencia de minado explota el algoritmo ETHASH con un consumo de tan solo 270w. \u00bfPreparados para el Proof Of Stake? \u00a1Nosotros si! \u00a1\u00bfConoces la m\u00e1quina iPollo V1? \u00a1Si la conoces no la dejar\u00e1s escapar! Se trata de un ASIC fabricando por la empresa iPollo, es el modelo [&hellip;]<\/p>\n","protected":false},"featured_media":312,"comment_status":"open","ping_status":"closed","template":"","meta":[],"product_brand":[],"product_cat":[19],"product_tag":[52,244,138,137],"class_list":{"0":"post-311","1":"product","2":"type-product","3":"status-publish","4":"has-post-thumbnail","6":"product_cat-mineros","7":"product_tag-asic","8":"product_tag-gme","9":"product_tag-mineros-para-avanzados","10":"product_tag-mineros-para-principiantes","12":"first","13":"outofstock","14":"taxable","15":"shipping-taxable","16":"purchasable","17":"product-type-simple"},"_links":{"self":[{"href":"https:\/\/pruebas.michollo.to\/it\/wp-json\/wp\/v2\/product\/311","targetHints":{"allow":["GET"]}}],"collection":[{"href":"https:\/\/pruebas.michollo.to\/it\/wp-json\/wp\/v2\/product"}],"about":[{"href":"https:\/\/pruebas.michollo.to\/it\/wp-json\/wp\/v2\/types\/product"}],"replies":[{"embeddable":true,"href":"https:\/\/pruebas.michollo.to\/it\/wp-json\/wp\/v2\/comments?post=311"}],"wp:featuredmedia":[{"embeddable":true,"href":"https:\/\/pruebas.michollo.to\/it\/wp-json\/wp\/v2\/media\/312"}],"wp:attachment":[{"href":"https:\/\/pruebas.michollo.to\/it\/wp-json\/wp\/v2\/media?parent=311"}],"wp:term":[{"taxonomy":"product_brand","embeddable":true,"href":"https:\/\/pruebas.michollo.to\/it\/wp-json\/wp\/v2\/product_brand?post=311"},{"taxonomy":"product_cat","embeddable":true,"href":"https:\/\/pruebas.michollo.to\/it\/wp-json\/wp\/v2\/product_cat?post=311"},{"taxonomy":"product_tag","embeddable":true,"href":"https:\/\/pruebas.michollo.to\/it\/wp-json\/wp\/v2\/product_tag?post=311"}],"curies":[{"name":"wp","href":"https:\/\/api.w.org\/{rel}","templated":true}]}}