{"id":313,"date":"2022-10-16T04:24:46","date_gmt":"2022-10-16T06:24:46","guid":{"rendered":"https:\/\/pruebas.michollo.to\/producto\/hora-de-servicio-tecnico\/"},"modified":"2025-05-09T14:47:32","modified_gmt":"2025-05-09T12:47:32","slug":"hora-de-servicio-tecnico","status":"publish","type":"product","link":"https:\/\/pruebas.michollo.to\/it\/prodotto\/tempo-di-assistenza-tecnica\/","title":{"rendered":"Servizio di riparazione Miner"},"content":{"rendered":"<p>Se il vostro ASIC \u00e8 difettoso o non sapete come ripararlo, MINANDOVOY vi offre la soluzione!<\/p>\n<p>Potrete accedere a una videoconferenza o a un accesso remoto con il nostro tecnico ASIC certificato.<\/p>\n<p>Il nostro tecnico cercher\u00e0 di risolvere i problemi o i malfunzionamenti della vostra macchina mineraria. <strong>configurazione o programmazione<\/strong>.<\/p>\n<p>Se il guasto persiste e si proviene dalla Spagna, \u00e8 possibile richiedere un ritiro al numero:\u00a0\u00a0<strong>+34 625730540<\/strong><\/p>\n<p><strong>Se invece non siete spagnoli e volete inviarci la vostra macchina, MINANDOVOY non se ne occuper\u00e0:<\/strong><\/p>\n<p>- ONERI DOGANALI DI ENTRATA E USCITA.<\/p>\n<p>- SPESE DI SPEDIZIONE.<\/p>\n<p>- POSSIBILI DANNI DA TRASPORTO (SIA IN USCITA CHE IN ENTRATA)<\/p>\n<p><strong>\u00a0<\/strong><\/p>\n<p><em>D'altra parte, MinandoVoy vi addebiter\u00e0 le spese per i pezzi di ricambio e la manodopera, se necessario.<\/em><\/p>\n<h6><em>*TEMPO DI SPEDIZIONE NON SPECIFICO<\/em><\/h6>\n<p><strong>Le nostre reti sociali:<\/strong><\/p>\n<p><strong><img loading=\"lazy\" decoding=\"async\" src=\"https:\/\/cdn-icons-png.flaticon.com\/512\/87\/87390.png\" alt=\"logo instagram - Icone gratuite dei social media\" width=\"25\" height=\"25\" \/>\u00a0Instagram:\u00a0<\/strong>@minandovoycom<\/p>\n<p><strong><img loading=\"lazy\" decoding=\"async\" src=\"https:\/\/icones.pro\/wp-content\/uploads\/2021\/03\/logo-icone-tiktok-simbolo.png\" alt=\"Logo Tiktok (logo png)\" width=\"25\" height=\"25\" \/>Tiktok:\u00a0<\/strong>@minandovoy<\/p>\n<p>&nbsp;<\/p>\n<p><b>Come<\/b><strong>\u00a0contattarci?<\/strong><\/p>\n<p><strong>\u00a0<img loading=\"lazy\" decoding=\"async\" src=\"https:\/\/upload.wikimedia.org\/wikipedia\/commons\/thumb\/6\/6b\/WhatsApp.svg\/479px-WhatsApp.svg.png\" alt=\"File:WhatsApp.svg - Wikipedia, l&#039;enciclopedia libera\" width=\"25\" height=\"25\" \/>WhatsApp:<\/strong> +34\u00a0625\u00a073\u00a005\u00a040<\/p>\n<p><strong><img loading=\"lazy\" decoding=\"async\" src=\"https:\/\/cdn.icon-icons.com\/icons2\/1826\/PNG\/512\/4202011emailgmaillogomailsocialsocialmedia-115677_115624.png\" alt=\"Icona Email, gmail, logo, posta in Loghi dei social media\" width=\"25\" height=\"25\" \/>E-mail:<\/strong> contacto@minandovoy.com<\/p>\n<p>&nbsp;<\/p>\n<h6>* Se il tecnico non riesce a risolvere il problema, non verr\u00e0 effettuato alcun rimborso.<\/h6>","protected":false},"excerpt":{"rendered":"<p>\u00bfTienes fallas en tu ASIC? \u00bfNo sabes como arreglarlo? \u00a1MINANDOVOY te trae la soluci\u00f3n! Podr\u00e1s acceder a una videoconferencia o un acceso en remoto con nuestro t\u00e9cnico de ASIC certificado. Nuestro t\u00e9cnico, tratar\u00e1 de solucionar los problemas o aver\u00edas de tu m\u00e1quina de minado de configuraci\u00f3n o programaci\u00f3n. Si\u00a0el fallo persiste, y eres de Espa\u00f1a,\u00a0 [&hellip;]<\/p>\n","protected":false},"featured_media":725,"comment_status":"open","ping_status":"closed","template":"","meta":[],"product_brand":[],"product_cat":[76],"product_tag":[52,244,138,137],"class_list":{"0":"post-313","1":"product","2":"type-product","3":"status-publish","4":"has-post-thumbnail","6":"product_cat-servicio-tecnico-de-asic","7":"product_tag-asic","8":"product_tag-gme","9":"product_tag-mineros-para-avanzados","10":"product_tag-mineros-para-principiantes","12":"first","13":"instock","14":"virtual","15":"taxable","16":"purchasable","17":"product-type-simple"},"_links":{"self":[{"href":"https:\/\/pruebas.michollo.to\/it\/wp-json\/wp\/v2\/product\/313","targetHints":{"allow":["GET"]}}],"collection":[{"href":"https:\/\/pruebas.michollo.to\/it\/wp-json\/wp\/v2\/product"}],"about":[{"href":"https:\/\/pruebas.michollo.to\/it\/wp-json\/wp\/v2\/types\/product"}],"replies":[{"embeddable":true,"href":"https:\/\/pruebas.michollo.to\/it\/wp-json\/wp\/v2\/comments?post=313"}],"wp:featuredmedia":[{"embeddable":true,"href":"https:\/\/pruebas.michollo.to\/it\/wp-json\/wp\/v2\/media\/725"}],"wp:attachment":[{"href":"https:\/\/pruebas.michollo.to\/it\/wp-json\/wp\/v2\/media?parent=313"}],"wp:term":[{"taxonomy":"product_brand","embeddable":true,"href":"https:\/\/pruebas.michollo.to\/it\/wp-json\/wp\/v2\/product_brand?post=313"},{"taxonomy":"product_cat","embeddable":true,"href":"https:\/\/pruebas.michollo.to\/it\/wp-json\/wp\/v2\/product_cat?post=313"},{"taxonomy":"product_tag","embeddable":true,"href":"https:\/\/pruebas.michollo.to\/it\/wp-json\/wp\/v2\/product_tag?post=313"}],"curies":[{"name":"wp","href":"https:\/\/api.w.org\/{rel}","templated":true}]}}