{"id":326,"date":"2022-10-16T04:28:31","date_gmt":"2022-10-16T06:28:31","guid":{"rendered":"https:\/\/pruebas.michollo.to\/producto\/whatsminer-m32s-70t\/"},"modified":"2025-05-09T14:47:32","modified_gmt":"2025-05-09T12:47:32","slug":"whatsminer-m32s-70t","status":"publish","type":"product","link":"https:\/\/pruebas.michollo.to\/it\/prodotto\/whatsminer-m32s-70t\/","title":{"rendered":"Whatsminer M32S 70T"},"content":{"rendered":"<div style=\"text-align: center;\">\n<p style=\"text-align: left;\">Whatsminer M32S, la nuova macchina per il mining di Bitcoin (<a href=\"https:\/\/www.minandovoy.com\/es_es\/categoria\/mineros\/?algoritmos=sha-256\">SHA-256<\/a>) con una potenza di calcolo di 70T e un consumo energetico di 3432W\/ora.<\/p>\n<div class=\"currency-container d-inline-block\" style=\"text-align: left;\"><\/div>\n<h3 style=\"text-align: left;\"><strong>UN PO' DI BITCOIN<\/strong><\/h3>\n<p style=\"text-align: left;\">\u00c8 la prima criptovaluta ad essere stata sviluppata e, quindi, quella che ha aperto la strada a tutte le altre che sono arrivate successivamente utilizzando la sua tecnologia blockchain.<\/p>\n<p style=\"text-align: left;\">C'\u00e8 una quantit\u00e0 di Bitcoin che viene emessa ogni anno e questa quantit\u00e0 \u00e8 determinata dal suo algoritmo; ogni 4 anni la sua produzione viene ridotta di due, in modo da emettere solo un totale di 21 milioni di Bitcoin.<\/p>\n<p style=\"text-align: left;\">Questa \u00e8 la grande differenza rispetto alle valute convenzionali, in quanto le banche ne modificano il valore. Ci\u00f2 significa che la criptovaluta, in questo caso il Bitcoin, pu\u00f2 offrire maggiore stabilit\u00e0 mentre le valute convenzionali si deprezzano.<\/p>\n<p style=\"text-align: left;\">Oggi le criptovalute sono utilizzate come metodo di pagamento su molte piattaforme; la valuta di scambio nella maggior parte dei casi \u00e8 il Bitcoin, in quanto sicuro e privato.<\/p>\n<p style=\"text-align: left;\">\n<h3 style=\"text-align: left;\"><strong>PRINCIPALI VANTAGGI DI\u00a0<a href=\"https:\/\/coinmarketcap.com\/es\/currencies\/bitcoin\/\" target=\"_blank\" rel=\"noopener\">BITCOIN<\/a><\/strong><\/h3>\n<ol style=\"text-align: left;\">\n<li>Velocit\u00e0: inviare denaro a se stessi, indipendentemente dall'importo e dalla destinazione, in pochi minuti.<\/li>\n<li>Economico: quando si effettua un bonifico tramite la propria banca pu\u00f2 costare molto, con Bitcoin il costo \u00e8 gratuito o di pochi centesimi.<\/li>\n<li>Globale: potete inviare ovunque nel mondo, non ha confini.<\/li>\n<li>Decentrata: nessun governo\/banca pu\u00f2 controllarla, n\u00e9 nella sua creazione n\u00e9 nella sua distribuzione.<\/li>\n<li>Propriet\u00e0: il denaro appartiene a voi 100%, non pu\u00f2 essere prelevato da nessuno, siete la vostra banca.<\/li>\n<li>Trasparente:  Tutte le transazioni sono pubbliche, ma sempre sotto pseudonimo.<\/li>\n<li>Emissione limitata: nessuno pu\u00f2 generare migliaia di Bitcoin solo perch\u00e9 ne ha voglia, compaiono grazie al mining.<\/li>\n<li style=\"text-align: left;\">Privato: Bitcoin cerca di preservare la privacy, in misura molto elevata, anche se non \u00e8 completamente anonimo e lavora per esserlo.<\/li>\n<\/ol>\n<\/div>\n<div style=\"text-align: left;\"><\/div>","protected":false},"excerpt":{"rendered":"<p>Whatsminer M32S la nueva m\u00e1quina para la miner\u00eda de Bitcoin (SHA-256) con un poder computacional de 70Ty un consumo el\u00e9ctrico de\u00a0 3432W\/Hora. UN POCO SOBRE BITCOIN Es la primera criptomoneda desarrollada y por lo tanto, la que ha marcado camino a todas las dem\u00e1s que llegaron despu\u00e9s utilizando su tecnolog\u00eda llamada cadena de bloques o [&hellip;]<\/p>\n","protected":false},"featured_media":327,"comment_status":"open","ping_status":"closed","template":"","meta":[],"product_brand":[],"product_cat":[19],"product_tag":[52,244,138,137],"class_list":{"0":"post-326","1":"product","2":"type-product","3":"status-publish","4":"has-post-thumbnail","6":"product_cat-mineros","7":"product_tag-asic","8":"product_tag-gme","9":"product_tag-mineros-para-avanzados","10":"product_tag-mineros-para-principiantes","12":"first","13":"outofstock","14":"taxable","15":"shipping-taxable","16":"purchasable","17":"product-type-simple"},"_links":{"self":[{"href":"https:\/\/pruebas.michollo.to\/it\/wp-json\/wp\/v2\/product\/326","targetHints":{"allow":["GET"]}}],"collection":[{"href":"https:\/\/pruebas.michollo.to\/it\/wp-json\/wp\/v2\/product"}],"about":[{"href":"https:\/\/pruebas.michollo.to\/it\/wp-json\/wp\/v2\/types\/product"}],"replies":[{"embeddable":true,"href":"https:\/\/pruebas.michollo.to\/it\/wp-json\/wp\/v2\/comments?post=326"}],"wp:featuredmedia":[{"embeddable":true,"href":"https:\/\/pruebas.michollo.to\/it\/wp-json\/wp\/v2\/media\/327"}],"wp:attachment":[{"href":"https:\/\/pruebas.michollo.to\/it\/wp-json\/wp\/v2\/media?parent=326"}],"wp:term":[{"taxonomy":"product_brand","embeddable":true,"href":"https:\/\/pruebas.michollo.to\/it\/wp-json\/wp\/v2\/product_brand?post=326"},{"taxonomy":"product_cat","embeddable":true,"href":"https:\/\/pruebas.michollo.to\/it\/wp-json\/wp\/v2\/product_cat?post=326"},{"taxonomy":"product_tag","embeddable":true,"href":"https:\/\/pruebas.michollo.to\/it\/wp-json\/wp\/v2\/product_tag?post=326"}],"curies":[{"name":"wp","href":"https:\/\/api.w.org\/{rel}","templated":true}]}}