{"id":3677,"date":"2024-02-28T09:14:13","date_gmt":"2024-02-28T11:14:13","guid":{"rendered":"https:\/\/www.minandovoy.com\/?post_type=product&#038;p=3677"},"modified":"2026-02-24T13:38:29","modified_gmt":"2026-02-24T12:38:29","slug":"antminer-ka3-173","status":"publish","type":"product","link":"https:\/\/pruebas.michollo.to\/it\/prodotto\/antminer-ka3-173\/","title":{"rendered":"Antminer KA3 (173 Th)"},"content":{"rendered":"<p>Con il nuovo Antminer KA3, Bitmain supera tutta la concorrenza e si posiziona sul podio come una delle asic pi\u00f9 redditizie.<\/p>\n<p>&nbsp;<\/p>\n<div class=\"asicminer-widget-container\" style=\"width: 100%; min-height: 300px;\">\n            <iframe id=\"asicminer-widget-3285\" \n                    src=\"https:\/\/pruebas.michollo.to\/wp-content\/themes\/minandovoy\/proxy-widget.php?miner=bitmain\/antminer-ka3-173th&#038;type=profit&#038;theme=dark\" \n                    width=\"100%\" \n                    height=\"300\" \n                    frameborder=\"0\"\n                    loading=\"lazy\"\n                    style=\"border: none; overflow: hidden;\"\n                    title=\"ASIC Miner Widget\">\n            <\/iframe>\n        <\/div>\n<p>Questa macchina si chiama Antminer KA3, la prima macchina Kadena ad entrare nella famiglia Bitmain. L'efficienza di questa macchina \u00e8 finora unica e ineguagliata, poich\u00e9 fornisce circa 19,2 Watt per TH.<\/p>\n<p>Si noti inoltre che il minatore del <a href=\"https:\/\/www.minandovoy.com\/es_es\/categoria\/mineros\/?algoritmos=kadena\">Algoritmo Blake-2s Kadena<\/a> \u00e8 considerata una macchina industriale, non solo per il suo consumo di energia ma anche per il suo elevato livello di rumorosit\u00e0, tra i 70 e gli 80 db, fattori da tenere in considerazione se si desidera acquistarne una.<\/p>\n<p>&nbsp;<\/p>\n<h3><strong>Estrazione mineraria di Blake 2s Kadena (Antminer KA3)<\/strong><\/h3>\n<p>Il mining dell'algoritmo Blake2s nella rete Kadena si riferisce al processo di convalida delle transazioni e di sicurezza della rete utilizzando l'algoritmo Blake2s.<\/p>\n<ol>\n<li><strong>Algoritmo di hashing Blake2s<\/strong>Blake2s: Blake2s \u00e8 un algoritmo di hashing crittografico utilizzato nel mining di Kadena. Si tratta di una variante dell'algoritmo Blake2, utilizzato per eseguire l'hashing dei blocchi sulla blockchain e garantire l'integrit\u00e0 delle transazioni sulla rete.<\/li>\n<li><strong>Prova di lavoro (Proof-of-Work)<\/strong>Nella rete Kadena, il mining avviene attraverso un algoritmo di consenso Proof-of-Work (PoW) che utilizza Blake2. I minatori competono per risolvere complessi problemi matematici utilizzando la loro potenza di elaborazione per trovare un valore hash valido che soddisfi determinati requisiti stabiliti dall'algoritmo. Il primo minatore che trova il valore hash corretto ha la possibilit\u00e0 di aggiungere un nuovo blocco alla blockchain e di ricevere una ricompensa.<\/li>\n<li><strong>Hardware per l'estrazione mineraria<\/strong>Il mining di Blake2s a Kadena pu\u00f2 essere effettuato utilizzando hardware specializzato noto come ASIC (Application-Specific Integrated Circuits), progettato appositamente per questo algoritmo. Questi dispositivi sono altamente efficienti nel calcolo delle operazioni di hash e forniscono una maggiore potenza di elaborazione rispetto alle GPU o alle CPU convenzionali.<\/li>\n<li><strong>Pool di estrazione mineraria<\/strong>Come per altre criptovalute, i minatori di Kadena hanno la possibilit\u00e0 di unirsi a pool di mining. I pool di mining consentono ai minatori di combinare la loro potenza di elaborazione e di aumentare le possibilit\u00e0 di risolvere i blocchi e di ricevere ricompense su base pi\u00f9 regolare. Le ricompense sono distribuite tra i membri del pool in base al loro contributo alla potenza di hashing totale del pool.<\/li>\n<li><strong>Redditivit\u00e0 e considerazioni<\/strong>La redditivit\u00e0 del mining di Blake2s in Kadena dipende da diversi fattori, come il costo dell'elettricit\u00e0, il prezzo del token estratto (KDA), la difficolt\u00e0 della rete e l'efficienza dell'hardware utilizzato. \u00c8 importante considerare questi fattori ed eseguire calcoli di redditivit\u00e0 prima di intraprendere l'attivit\u00e0 di mining.<\/li>\n<\/ol>\n<p>&nbsp;<\/p>\n<h3><strong>Perch\u00e9, secondo lei, Bitmain si \u00e8 interessata al progetto Kadena?<\/strong><\/h3>\n<p>Questa criptovaluta, KDA, ha un grande team di sviluppo che comprende ex ingegneri di Microsoft, Apple e Bitcoin, oltre a validi consulenti che contribuiscono a generare una grande fiducia nel progetto.<\/p>\n<p>Bitmain si \u00e8 unita al gran numero di aziende che collaborano con Kadena e non dobbiamo sorprenderci se vedremo una grande adozione e se il progetto continuer\u00e0 a crescere in modo esponenziale.<\/p>\n<p>I grandi cambi come Binance, KUcoin, Crypto.com ... hanno questa valuta con cui i loro utenti possono fare trading.<\/p>\n<p>Senza dubbio, si tratta di una Blockchain che ha un grande futuro e il potenziale per raggiungere il livello TOP20.<\/p>\n<p>&nbsp;<\/p>\n<p><strong>\u00a0<\/strong><\/p>\n<h3><strong>Gettone KDA<\/strong><\/h3>\n<p>Il token KDA, abbreviazione di \"Kadena\", \u00e8 la criptovaluta nativa della rete blockchain Kadena.<\/p>\n<ol>\n<li><strong>Funzione e utilit\u00e0<\/strong>KDA \u00e8 utilizzato come valuta nativa nella rete Kadena. Ha diverse funzioni e utilit\u00e0 all'interno dell'ecosistema Kadena:\n<ul>\n<li>Pagamento delle tariffe: Gli utenti devono pagare una certa quantit\u00e0 di KDA come commissione per l'invio di transazioni, l'esecuzione di smart contract e l'esecuzione di operazioni sulla rete Kadena.<\/li>\n<li>Partecipazione alla governance: i titolari di KDA hanno la possibilit\u00e0 di partecipare alla governance della rete Kadena. Ci\u00f2 comporta la votazione di proposte di miglioramento e la presa di decisioni relative allo sviluppo e all'evoluzione della rete.<\/li>\n<li>Conservazione del valore: oltre alla sua utilit\u00e0 all'interno dell'ecosistema, gli utenti possono conservare KDA come forma di conservazione del valore o investimento a lungo termine.<\/li>\n<\/ul>\n<\/li>\n<li><strong>Fornitura ed emissione<\/strong>L'offerta totale di KDA \u00e8 fissa e limitata. Secondo le informazioni disponibili fino a settembre 2021, l'offerta massima di KDA \u00e8 di 100 milioni di gettoni. Non \u00e8 prevista alcuna emissione aggiuntiva oltre a questa fornitura massima.<\/li>\n<li><strong>Mercati e scambi<\/strong>Gettone KDA: Il gettone KDA \u00e8 quotato su diverse borse di criptovalute, consentendo agli utenti di acquistarlo, venderlo e scambiarlo. Il prezzo del KDA \u00e8 soggetto alla domanda e all'offerta su queste borse, cos\u00ec come ad altri fattori esterni che possono influenzarne il valore.<\/li>\n<li><strong>Tecnologia di base<\/strong>Kadena \u00e8 una piattaforma blockchain che combina pi\u00f9 blockchain in un'unica rete, consentendo una maggiore scalabilit\u00e0 e prestazioni. Utilizza un consenso ibrido basato su Proof-of-Work (PoW) e Proof-of-Stake (PoS) chiamato \"BFT-POW\". Questo approccio di consenso combina la sicurezza di PoW con l'efficienza e la scalabilit\u00e0 di PoS.<\/li>\n<li><strong>Casi d'uso:<\/strong> Kadena si concentra sulla fornitura di soluzioni blockchain per le imprese e le applicazioni aziendali. La sua tecnologia \u00e8 progettata per consentire applicazioni decentralizzate e contratti intelligenti affidabili e scalabili, offrendo opportunit\u00e0 in settori quali la finanza, la catena di approvvigionamento, il registro delle attivit\u00e0 e altri ancora.<\/li>\n<\/ol>\n<p>&nbsp;<\/p>","protected":false},"excerpt":{"rendered":"<p>La nueva Antminer KA3, Bitmain adelanta a toda su competencia y se posiciona en el podio siendo uno de los asics m\u00e1s rentables. &nbsp; Esta m\u00e1quina recibe el nombre de Antminer KA3, la primera m\u00e1quina de Kadena en abrirse paso en la familia Bitmain. La eficiencia de esta m\u00e1quina hasta ahora es \u00fanica e inigualable [&hellip;]<\/p>\n","protected":false},"featured_media":304,"comment_status":"open","ping_status":"closed","template":"","meta":[],"product_brand":[],"product_cat":[19],"product_tag":[52,244,138,137],"class_list":{"0":"post-3677","1":"product","2":"type-product","3":"status-publish","4":"has-post-thumbnail","6":"product_cat-mineros","7":"product_tag-asic","8":"product_tag-gme","9":"product_tag-mineros-para-avanzados","10":"product_tag-mineros-para-principiantes","12":"first","13":"instock","14":"taxable","15":"shipping-taxable","16":"purchasable","17":"product-type-simple"},"_links":{"self":[{"href":"https:\/\/pruebas.michollo.to\/it\/wp-json\/wp\/v2\/product\/3677","targetHints":{"allow":["GET"]}}],"collection":[{"href":"https:\/\/pruebas.michollo.to\/it\/wp-json\/wp\/v2\/product"}],"about":[{"href":"https:\/\/pruebas.michollo.to\/it\/wp-json\/wp\/v2\/types\/product"}],"replies":[{"embeddable":true,"href":"https:\/\/pruebas.michollo.to\/it\/wp-json\/wp\/v2\/comments?post=3677"}],"wp:featuredmedia":[{"embeddable":true,"href":"https:\/\/pruebas.michollo.to\/it\/wp-json\/wp\/v2\/media\/304"}],"wp:attachment":[{"href":"https:\/\/pruebas.michollo.to\/it\/wp-json\/wp\/v2\/media?parent=3677"}],"wp:term":[{"taxonomy":"product_brand","embeddable":true,"href":"https:\/\/pruebas.michollo.to\/it\/wp-json\/wp\/v2\/product_brand?post=3677"},{"taxonomy":"product_cat","embeddable":true,"href":"https:\/\/pruebas.michollo.to\/it\/wp-json\/wp\/v2\/product_cat?post=3677"},{"taxonomy":"product_tag","embeddable":true,"href":"https:\/\/pruebas.michollo.to\/it\/wp-json\/wp\/v2\/product_tag?post=3677"}],"curies":[{"name":"wp","href":"https:\/\/api.w.org\/{rel}","templated":true}]}}