{"id":382,"date":"2022-10-16T04:31:29","date_gmt":"2022-10-16T06:31:29","guid":{"rendered":"https:\/\/pruebas.michollo.to\/producto\/antminer-e7-800mhs\/"},"modified":"2025-09-04T10:28:54","modified_gmt":"2025-09-04T08:28:54","slug":"antminer-e7-800mhs","status":"publish","type":"product","link":"https:\/\/pruebas.michollo.to\/it\/prodotto\/antminer-e7-800mhs\/","title":{"rendered":"Antminer E7 800Mhs"},"content":{"rendered":"<h4><b>Antminer<\/b> E7 800Mhs<\/h4>\n<div>Il <b>Antminer<\/b> E7 800Mhs di <b>Bitmain<\/b>che \u00e8 specializzato nel mining di Ethereum Classic, ha prestazioni superiori a qualsiasi altro <a href=\"https:\/\/www.minandovoy.com\/categoria\/rigs-de-gpu\/\">GPU<\/a>.\u00a0<b>\u00a0<\/b>Questo ASIC dedicato all'estrazione di <a href=\"https:\/\/www.minandovoy.com\/categoria\/mineros\/?algoritmos=ethash\">Etica<\/a>Ha una potenza di estrazione di 800MHs e un consumo energetico di 1.300w\/h.<\/div>\n<div>\n<div class=\"jnews_inline_related_post_wrapper right\">\n<div class=\"jnews_inline_related_post\">\n<div class=\"jeg_postblock_21 jeg_postblock jeg_module_hook jeg_pagination_disable jeg_col_2o3 jnews_module_337080_0_6385e584c0f23\" data-unique=\"jnews_module_337080_0_6385e584c0f23\">\n<div class=\"jeg_block_heading jeg_block_heading_5 jeg_subcat_right\"><\/div>\n<\/div>\n<\/div>\n<\/div>\n<h3><b>Che cos'\u00e8 Bitmain?<\/b><\/h3>\n<p><em>Bitmain<\/em> \u00e8 un'azienda con sede a Pechino, in Cina. \u00c8 considerata una delle aziende pi\u00f9 importanti nel settore delle criptovalute per la produzione di hardware di alta qualit\u00e0 con enormi capacit\u00e0 di mining e per i suoi progressi tecnologici. \u00c8 il pi\u00f9 grande progettista al mondo di apparecchiature per il mining di criptovalute.\u00a0<em>ASIC<\/em>\u00a0per l'estrazione mineraria\u00a0<em>Bitcoin<\/em>.<\/p>\n<p>Bitmain \u00e8 nota soprattutto per il suo hardware Bitcoin, anche se \u00e8 interessata a progetti che portano solidit\u00e0 alla sua attivit\u00e0, come Ethereum\/Ethereum Classic.<\/p>\n<p>Nell'aprile 2021, il grande produttore ha annunciato il lancio di una macchina per il mining di Ethreum il cui nome \u00e8 Antminer E7 800M. Questa vera e propria bestia ha la potenza equivalente di 8 GPU Nvidia RTX 3080.<\/p>\n<h2><b>Monete che possono essere estratte con Antminer E7 800Mhs<\/b><\/h2>\n<p>Lo abbiamo esposto in modo chiaro in modo che possiate capirlo senza complicazioni. Di seguito potete vedere le monete pi\u00f9 importanti per l'algoritmo EtHash del miner Antminer E7 800mhs.<\/p>\n<ul>\n<li>Ethereum classico (ETC)<\/li>\n<li>Musicoin (MUSICA)<\/li>\n<li>Ubiq (UBQ)<\/li>\n<\/ul>\n<h3><strong><a href=\"https:\/\/coinmarketcap.com\/es\/currencies\/ethereum-classic\/\">Ethereum classico<\/a> contro Ethereum:<\/strong><\/h3>\n<p>Questa criptovaluta \u00e8 stata lanciata nel luglio 2016 e la sua funzione principale \u00e8 quella di servire come una rete di<br \/>\ncontratti intelligenti, con la possibilit\u00e0 di memorizzare e supportare le Dapps.<br \/>\nDal lancio di questa criptovaluta, ha cercato di differenziarsi dal suo fratello maggiore, dal momento che<br \/>\nche si proponeva di preservare l'integrit\u00e0 della blockchain ETH esistente.<\/p>\n<p>&nbsp;<\/p>\n<p>Clicca qui <a href=\"https:\/\/www.youtube.com\/watch?v=BtF49i6Glnc\">qui<\/a> conoscere la differenza tra un ASIC e un RIG.<\/p>\n<\/div>","protected":false},"excerpt":{"rendered":"<p>Antminer E7 800Mhs El Antminer E7 800Mhs de Bitmain, especializado en minar Ethereum Classic, tiene un rendimiento mayor que cualquier GPU.\u00a0\u00a0Este ASIC dedicado a la miner\u00eda de Ethash, tiene una potencia de minado de 800MHs y un consumo de 1.300w\/h. \u00bfQu\u00e9 es Bitmain? Bitmain es una compa\u00f1\u00eda con sede en Beijing, China. Es considerada una [&hellip;]<\/p>\n","protected":false},"featured_media":383,"comment_status":"open","ping_status":"closed","template":"","meta":[],"product_brand":[],"product_cat":[19],"product_tag":[52],"class_list":{"0":"post-382","1":"product","2":"type-product","3":"status-publish","4":"has-post-thumbnail","6":"product_cat-mineros","7":"product_tag-asic","9":"first","10":"outofstock","11":"taxable","12":"shipping-taxable","13":"purchasable","14":"product-type-simple"},"_links":{"self":[{"href":"https:\/\/pruebas.michollo.to\/it\/wp-json\/wp\/v2\/product\/382","targetHints":{"allow":["GET"]}}],"collection":[{"href":"https:\/\/pruebas.michollo.to\/it\/wp-json\/wp\/v2\/product"}],"about":[{"href":"https:\/\/pruebas.michollo.to\/it\/wp-json\/wp\/v2\/types\/product"}],"replies":[{"embeddable":true,"href":"https:\/\/pruebas.michollo.to\/it\/wp-json\/wp\/v2\/comments?post=382"}],"wp:featuredmedia":[{"embeddable":true,"href":"https:\/\/pruebas.michollo.to\/it\/wp-json\/wp\/v2\/media\/383"}],"wp:attachment":[{"href":"https:\/\/pruebas.michollo.to\/it\/wp-json\/wp\/v2\/media?parent=382"}],"wp:term":[{"taxonomy":"product_brand","embeddable":true,"href":"https:\/\/pruebas.michollo.to\/it\/wp-json\/wp\/v2\/product_brand?post=382"},{"taxonomy":"product_cat","embeddable":true,"href":"https:\/\/pruebas.michollo.to\/it\/wp-json\/wp\/v2\/product_cat?post=382"},{"taxonomy":"product_tag","embeddable":true,"href":"https:\/\/pruebas.michollo.to\/it\/wp-json\/wp\/v2\/product_tag?post=382"}],"curies":[{"name":"wp","href":"https:\/\/api.w.org\/{rel}","templated":true}]}}