{"id":384,"date":"2022-10-16T04:31:36","date_gmt":"2022-10-16T06:31:36","guid":{"rendered":"https:\/\/pruebas.michollo.to\/producto\/ledger-nano-s\/"},"modified":"2025-05-09T14:47:29","modified_gmt":"2025-05-09T12:47:29","slug":"ledger-nano-s","status":"publish","type":"product","link":"https:\/\/pruebas.michollo.to\/it\/prodotto\/ledger-nano-s\/","title":{"rendered":"Ledger nano s"},"content":{"rendered":"<p><span data-mce-fragment=\"1\">Si tratta di portafogli fisici in cui \u00e8 possibile memorizzare un'enorme quantit\u00e0 di criptovalute e token diversi. <\/span><\/p>\n<p><span data-mce-fragment=\"1\">I Ledger Wallet sono portafogli freddi in cui solo il proprietario del portafoglio ha accesso alle informazioni memorizzate. Questo tipo di portafoglio ci offre la possibilit\u00e0 di proteggere le nostre chiavi private e le nostre password da possibili tentativi di hacking.<\/span><br data-mce-fragment=\"1\"><span data-mce-fragment=\"1\">Ledger dispone di diversi livelli di sicurezza per proteggere i nostri beni da qualsiasi tipo di minaccia, tra cui:<\/span><br data-mce-fragment=\"1\"><span data-mce-fragment=\"1\">- Numero PIN: in caso di furto o smarrimento, \u00e8 garantito che nessuno pu\u00f2 accedere se non conosce questo codice. Se viene inserito in modo errato per tre volte, le informazioni vengono automaticamente cancellate.<\/span><br data-mce-fragment=\"1\"><span data-mce-fragment=\"1\">- BackUp: all'avvio del dispositivo, viene visualizzata la frase di ripristino. Questa frase ci permette di ripristinare i dati memorizzati su un altro dispositivo in caso di perdita o furto.<\/span><\/p>\n<p>&nbsp;<\/p>\n<p><span data-mce-fragment=\"1\"><img loading=\"lazy\" decoding=\"async\" alt=\"Ledger Nano S - CoinCustody\" src=\"https:\/\/cdn.shopify.com\/s\/files\/1\/0576\/3380\/0307\/products\/LedgerNanoS_orbital.gif?v=1658928513\" width=\"415\" height=\"233\" style=\"margin-left: auto;margin-right: auto\"><\/span><\/p>","protected":false},"excerpt":{"rendered":"<p>Son monederos f\u00edsicos donde podemos almacenar una enorme cantidad de criptomonedas y tokens diferentes. Ledger Wallet son unas carteras fr\u00edas donde \u00fanicamente el propietario de la misma tiene acceso a la informaci\u00f3n almacenada. Este tipo de carteras lo que nos ofrece es proteger m\u00e1s nuestras claves privadas y contrase\u00f1as ante posibles intentos de hackeos.Ledger cuenta [&hellip;]<\/p>\n","protected":false},"featured_media":385,"comment_status":"open","ping_status":"closed","template":"","meta":[],"product_brand":[],"product_cat":[133],"product_tag":[52,244,138,137],"class_list":{"0":"post-384","1":"product","2":"type-product","3":"status-publish","4":"has-post-thumbnail","6":"product_cat-accesorios","7":"product_tag-asic","8":"product_tag-gme","9":"product_tag-mineros-para-avanzados","10":"product_tag-mineros-para-principiantes","12":"first","13":"instock","14":"taxable","15":"shipping-taxable","16":"purchasable","17":"product-type-simple"},"_links":{"self":[{"href":"https:\/\/pruebas.michollo.to\/it\/wp-json\/wp\/v2\/product\/384","targetHints":{"allow":["GET"]}}],"collection":[{"href":"https:\/\/pruebas.michollo.to\/it\/wp-json\/wp\/v2\/product"}],"about":[{"href":"https:\/\/pruebas.michollo.to\/it\/wp-json\/wp\/v2\/types\/product"}],"replies":[{"embeddable":true,"href":"https:\/\/pruebas.michollo.to\/it\/wp-json\/wp\/v2\/comments?post=384"}],"wp:featuredmedia":[{"embeddable":true,"href":"https:\/\/pruebas.michollo.to\/it\/wp-json\/wp\/v2\/media\/385"}],"wp:attachment":[{"href":"https:\/\/pruebas.michollo.to\/it\/wp-json\/wp\/v2\/media?parent=384"}],"wp:term":[{"taxonomy":"product_brand","embeddable":true,"href":"https:\/\/pruebas.michollo.to\/it\/wp-json\/wp\/v2\/product_brand?post=384"},{"taxonomy":"product_cat","embeddable":true,"href":"https:\/\/pruebas.michollo.to\/it\/wp-json\/wp\/v2\/product_cat?post=384"},{"taxonomy":"product_tag","embeddable":true,"href":"https:\/\/pruebas.michollo.to\/it\/wp-json\/wp\/v2\/product_tag?post=384"}],"curies":[{"name":"wp","href":"https:\/\/api.w.org\/{rel}","templated":true}]}}