{"id":412,"date":"2022-10-16T04:36:10","date_gmt":"2022-10-16T06:36:10","guid":{"rendered":"https:\/\/pruebas.michollo.to\/producto\/rig-pro\/"},"modified":"2025-05-09T14:47:27","modified_gmt":"2025-05-09T12:47:27","slug":"rig-pro","status":"publish","type":"product","link":"https:\/\/pruebas.michollo.to\/it\/prodotto\/impianto-di-perforazione-pro\/","title":{"rendered":"Rig pro - doppia estrazione ETHF + KAS, NEOXA, ETC, FLUX"},"content":{"rendered":"<p data-sanitized-data-mce-fragment=\"1\"><em>*PREZZO SENZA IVA, CONSULTARE LE CONDIZIONI<\/em><\/p>\n<p data-sanitized-data-mce-fragment=\"1\">Il nostro piano prevede di suddividere l'investimento tra i migliori algoritmi in base alla loro attuale redditivit\u00e0, per ridurre il tempo di ammortamento.<\/p>\n<p data-sanitized-data-mce-fragment=\"1\">Dopo la fusione, sono emerse nuove opportunit\u00e0 di mining come Ravencoin, Beam, Flux, Ergo, Alephium, Conflux, Neoxa o Kaspa. Queste criptovalute possono essere combinate in dual mining per massimizzare le prestazioni del vostro impianto.<\/p>\n<p data-sanitized-data-mce-fragment=\"1\"><img decoding=\"async\" src=\"https:\/\/cdn.shopify.com\/s\/files\/1\/0531\/4877\/8652\/files\/Disenosintitulo_2_1024x1024.png?v=1666164826\" alt=\"\" \/><\/p>\n<p data-sanitized-data-mce-fragment=\"1\"><img loading=\"lazy\" decoding=\"async\" style=\"display: block; margin-left: auto; margin-right: auto;\" src=\"https:\/\/cdn.shopify.com\/s\/files\/1\/0531\/4877\/8652\/files\/Imagen1_480x480.png?v=1645536577\" alt=\"\" width=\"380\" height=\"114\" data-sanitized-data-mce-style=\"display: block; margin-left: auto; margin-right: auto;\" data-sanitized-data-mce-src=\"https:\/\/cdn.shopify.com\/s\/files\/1\/0531\/4877\/8652\/files\/Imagen1_480x480.png?v=1645536577\" \/><\/p>\n<ul>\n<li><strong>Prestazioni mensili 100$-115$ (DUAL MINING, ETHF+KAS, ETC+KAS NEOXA,RVN)<\/strong><\/li>\n<li><em>*Rendimento basato sul mercato attuale. Si prevede un notevole rialzo a medio termine.<\/em><\/li>\n<li><em data-sanitized-data-mce-fragment=\"1\">Consumo W\/ora:\u00a0<strong>1100w<\/strong><\/em><\/li>\n<li>Potenza di estrazione nell'algoritmo Ethash:<strong>\u00a0480 mhs<\/strong><\/li>\n<li data-sanitized-data-mce-fragment=\"1\">Possibilit\u00e0 di montaggio con: 8 unit\u00e0 rx6800\/rtx3060ti\/rtx3070<\/li>\n<\/ul>\n<p data-sanitized-data-mce-fragment=\"1\">L'obiettivo attuale \u00e8 quello di accumulare il maggior numero possibile di criptovalute per moltiplicare la redditivit\u00e0 attuale quando aumentano di valore. Queste criptovalute emergenti sono molto interessanti da estrarre a causa del loro ampio margine di aumento di valore e dei progetti molto interessanti con applicazioni molto utili per la societ\u00e0.\u00a0<span data-sanitized-data-mce-fragment=\"1\">Blockchain.<\/span><\/p>\n<p data-sanitized-data-mce-fragment=\"1\">\n<p data-sanitized-data-mce-fragment=\"1\">Incluso nel prezzo:<\/p>\n<ul>\n<li><strong>Configurazione<\/strong>La configurazione e l'assemblaggio di ogni RIG sono inclusi nel prezzo.<\/li>\n<li><strong>Supporto e follow-up<\/strong>Include durante\u00a0<strong>sei mesi<\/strong>\u00a0assistenza per qualsiasi incidente causato (ECCETTO ci\u00f2 che \u00e8 specificato come fuori GARANZIA).<\/li>\n<li><strong>Garanzia<\/strong>Tutte le macchine hanno\u00a0<strong>TRE<\/strong>\u00a0anni di garanzia.<\/li>\n<\/ul>\n<p>&nbsp;<\/p>\n<p><img decoding=\"async\" style=\"margin-left: auto; margin-right: auto;\" src=\"https:\/\/cdn.shopify.com\/s\/files\/1\/0531\/4877\/8652\/files\/20211214_184706_1_1_480x480.gif?v=1643970592\" alt=\"\" \/><\/p>","protected":false},"excerpt":{"rendered":"<p>*PRECIO SIN IVA, CONSULTAR CONDICIONES Nuestro plan consiste en dividir el montaje de la inversi\u00f3n entre los mejores algoritmos bas\u00e1ndonos en su rentabilidad actual para acortar el tiempo de recuperaci\u00f3n de la inversi\u00f3n. Tras el Merge surgieron nuevas oportunidades de minado como: Ravencoin, Beam, Flux, Ergo, Alephium, Conflux, Neoxa o Kaspa. Estas criptomonedas se puede [&hellip;]<\/p>\n","protected":false},"featured_media":413,"comment_status":"open","ping_status":"closed","template":"","meta":[],"product_brand":[],"product_cat":[18],"product_tag":[29,48,73],"class_list":{"0":"post-412","1":"product","2":"type-product","3":"status-publish","4":"has-post-thumbnail","6":"product_cat-rigs-de-gpu","7":"product_tag-ethereum","8":"product_tag-nuevo","9":"product_tag-toncoin","11":"first","12":"outofstock","13":"taxable","14":"shipping-taxable","15":"purchasable","16":"product-type-simple"},"_links":{"self":[{"href":"https:\/\/pruebas.michollo.to\/it\/wp-json\/wp\/v2\/product\/412","targetHints":{"allow":["GET"]}}],"collection":[{"href":"https:\/\/pruebas.michollo.to\/it\/wp-json\/wp\/v2\/product"}],"about":[{"href":"https:\/\/pruebas.michollo.to\/it\/wp-json\/wp\/v2\/types\/product"}],"replies":[{"embeddable":true,"href":"https:\/\/pruebas.michollo.to\/it\/wp-json\/wp\/v2\/comments?post=412"}],"wp:featuredmedia":[{"embeddable":true,"href":"https:\/\/pruebas.michollo.to\/it\/wp-json\/wp\/v2\/media\/413"}],"wp:attachment":[{"href":"https:\/\/pruebas.michollo.to\/it\/wp-json\/wp\/v2\/media?parent=412"}],"wp:term":[{"taxonomy":"product_brand","embeddable":true,"href":"https:\/\/pruebas.michollo.to\/it\/wp-json\/wp\/v2\/product_brand?post=412"},{"taxonomy":"product_cat","embeddable":true,"href":"https:\/\/pruebas.michollo.to\/it\/wp-json\/wp\/v2\/product_cat?post=412"},{"taxonomy":"product_tag","embeddable":true,"href":"https:\/\/pruebas.michollo.to\/it\/wp-json\/wp\/v2\/product_tag?post=412"}],"curies":[{"name":"wp","href":"https:\/\/api.w.org\/{rel}","templated":true}]}}